{"id":37889,"date":"2026-01-24T11:11:35","date_gmt":"2026-01-24T11:11:35","guid":{"rendered":"https:\/\/gangnambeaute.com\/?post_type=product&#038;p=37889"},"modified":"2026-04-24T15:29:50","modified_gmt":"2026-04-24T15:29:50","slug":"medicube-age-r-glutathione-glow-toner-lotion-tonique-140ml","status":"publish","type":"product","link":"https:\/\/gangnambeaute.com\/ar\/product\/medicube-age-r-glutathione-glow-toner-lotion-tonique-140ml\/","title":{"rendered":"Medicube\u00a0&#8211;\u00a0AGE-R Glutathione Glow Toner &#8211; Lotion tonique &#8211; 140ml"},"content":{"rendered":"<div class=\"Y3BBE\" data-sfc-cp=\"\" data-sfc-cb=\"\" data-hveid=\"CAEIARAA\" data-complete=\"true\" data-processed=\"true\"><strong>Cette lotion au glutathion et niacinamide hydrate intens\u00e9ment et booste l&rsquo;\u00e9clat pour un teint instantan\u00e9ment lumineux et unifi\u00e9.<\/strong><\/div>","protected":false},"excerpt":{"rendered":"<p><strong>Appliquez sur\u00a0visage propre\u00a0\u00e0 l&rsquo;aide d&rsquo;un coton ou directement avec les mains en tapotant jusqu&rsquo;\u00e0 absorption.<\/strong><\/p>","protected":false},"featured_media":44380,"comment_status":"open","ping_status":"closed","template":"","meta":[],"product_brand":[1015,1058],"product_cat":[344,347,348,366,434],"product_tag":[],"class_list":{"0":"post-37889","1":"product","2":"type-product","3":"status-publish","4":"has-post-thumbnail","6":"product_brand-populare","7":"product_brand-medicube-populare","8":"product_cat-skincare","9":"product_cat-toniques","10":"product_cat-soin-concentre","11":"product_cat-toniques-hydratants-toniques","12":"product_cat-nouveautes","14":"first","15":"outofstock","16":"sale","17":"shipping-taxable","18":"purchasable","19":"product-type-simple"},"_links":{"self":[{"href":"https:\/\/gangnambeaute.com\/ar\/wp-json\/wp\/v2\/product\/37889","targetHints":{"allow":["GET"]}}],"collection":[{"href":"https:\/\/gangnambeaute.com\/ar\/wp-json\/wp\/v2\/product"}],"about":[{"href":"https:\/\/gangnambeaute.com\/ar\/wp-json\/wp\/v2\/types\/product"}],"replies":[{"embeddable":true,"href":"https:\/\/gangnambeaute.com\/ar\/wp-json\/wp\/v2\/comments?post=37889"}],"version-history":[{"count":3,"href":"https:\/\/gangnambeaute.com\/ar\/wp-json\/wp\/v2\/product\/37889\/revisions"}],"predecessor-version":[{"id":42947,"href":"https:\/\/gangnambeaute.com\/ar\/wp-json\/wp\/v2\/product\/37889\/revisions\/42947"}],"wp:featuredmedia":[{"embeddable":true,"href":"https:\/\/gangnambeaute.com\/ar\/wp-json\/wp\/v2\/media\/44380"}],"wp:attachment":[{"href":"https:\/\/gangnambeaute.com\/ar\/wp-json\/wp\/v2\/media?parent=37889"}],"wp:term":[{"taxonomy":"product_brand","embeddable":true,"href":"https:\/\/gangnambeaute.com\/ar\/wp-json\/wp\/v2\/product_brand?post=37889"},{"taxonomy":"product_cat","embeddable":true,"href":"https:\/\/gangnambeaute.com\/ar\/wp-json\/wp\/v2\/product_cat?post=37889"},{"taxonomy":"product_tag","embeddable":true,"href":"https:\/\/gangnambeaute.com\/ar\/wp-json\/wp\/v2\/product_tag?post=37889"}],"curies":[{"name":"wp","href":"https:\/\/api.w.org\/{rel}","templated":true}]}}