{"id":37875,"date":"2026-01-24T10:50:54","date_gmt":"2026-01-24T10:50:54","guid":{"rendered":"https:\/\/gangnambeaute.com\/?post_type=product&#038;p=37875"},"modified":"2026-04-24T15:34:56","modified_gmt":"2026-04-24T15:34:56","slug":"medicube-red-succinic-acid-serum-serum-visage-30ml","status":"publish","type":"product","link":"https:\/\/gangnambeaute.com\/ar\/product\/medicube-red-succinic-acid-serum-serum-visage-30ml\/","title":{"rendered":"Medicube &#8211; Red Succinic Acid Serum &#8211; S\u00e9rum Visage &#8211; 30ml"},"content":{"rendered":"<div class=\"Y3BBE\" data-sfc-cp=\"\" data-sfc-cb=\"\" data-hveid=\"CAEIARAA\" data-complete=\"true\" data-processed=\"true\"><strong>Ce s\u00e9rum \u00e0 l&rsquo;acide succinique\u00a0et acide salicylique traite les imperfections et r\u00e9gule le s\u00e9bum tout en apaisant les peaux \u00e0 tendance acn\u00e9ique.<\/strong><span class=\"uJ19be notranslate\" data-wiz-uids=\"ZGxRV_d,ZGxRV_e\" data-sfc-cb=\"\" data-complete=\"true\" data-processed=\"true\"><span class=\"vKEkVd\" data-animation-atomic=\"\" data-wiz-attrbind=\"class=ZGxRV_c\/TKHnVd\" data-sae=\"\"><strong><span aria-hidden=\"true\">\u00a0<\/span><\/strong><\/span><\/span><\/div>\n<p>&nbsp;<\/p>","protected":false},"excerpt":{"rendered":"<div class=\"Y3BBE\" data-sfc-cp=\"\" data-sfc-cb=\"\" data-hveid=\"CAEIAhAA\" data-complete=\"true\" data-processed=\"true\"><strong>Appliquez quelques gouttes sur les\u00a0zones cibl\u00e9es ou l&rsquo;ensemble du visage propre avant votre cr\u00e8me hydratante.<\/strong><\/div>","protected":false},"featured_media":44382,"comment_status":"open","ping_status":"closed","template":"","meta":[],"product_brand":[1015,1058],"product_cat":[344,348,368,434],"product_tag":[],"class_list":{"0":"post-37875","1":"product","2":"type-product","3":"status-publish","4":"has-post-thumbnail","6":"product_brand-populare","7":"product_brand-medicube-populare","8":"product_cat-skincare","9":"product_cat-soin-concentre","10":"product_cat-serums","11":"product_cat-nouveautes","13":"first","14":"outofstock","15":"sale","16":"shipping-taxable","17":"purchasable","18":"product-type-simple"},"_links":{"self":[{"href":"https:\/\/gangnambeaute.com\/ar\/wp-json\/wp\/v2\/product\/37875","targetHints":{"allow":["GET"]}}],"collection":[{"href":"https:\/\/gangnambeaute.com\/ar\/wp-json\/wp\/v2\/product"}],"about":[{"href":"https:\/\/gangnambeaute.com\/ar\/wp-json\/wp\/v2\/types\/product"}],"replies":[{"embeddable":true,"href":"https:\/\/gangnambeaute.com\/ar\/wp-json\/wp\/v2\/comments?post=37875"}],"version-history":[{"count":3,"href":"https:\/\/gangnambeaute.com\/ar\/wp-json\/wp\/v2\/product\/37875\/revisions"}],"predecessor-version":[{"id":44383,"href":"https:\/\/gangnambeaute.com\/ar\/wp-json\/wp\/v2\/product\/37875\/revisions\/44383"}],"wp:featuredmedia":[{"embeddable":true,"href":"https:\/\/gangnambeaute.com\/ar\/wp-json\/wp\/v2\/media\/44382"}],"wp:attachment":[{"href":"https:\/\/gangnambeaute.com\/ar\/wp-json\/wp\/v2\/media?parent=37875"}],"wp:term":[{"taxonomy":"product_brand","embeddable":true,"href":"https:\/\/gangnambeaute.com\/ar\/wp-json\/wp\/v2\/product_brand?post=37875"},{"taxonomy":"product_cat","embeddable":true,"href":"https:\/\/gangnambeaute.com\/ar\/wp-json\/wp\/v2\/product_cat?post=37875"},{"taxonomy":"product_tag","embeddable":true,"href":"https:\/\/gangnambeaute.com\/ar\/wp-json\/wp\/v2\/product_tag?post=37875"}],"curies":[{"name":"wp","href":"https:\/\/api.w.org\/{rel}","templated":true}]}}