{"id":37728,"date":"2026-01-14T10:29:20","date_gmt":"2026-01-14T10:29:20","guid":{"rendered":"https:\/\/gangnambeaute.com\/?post_type=product&#038;p=37728"},"modified":"2026-04-24T15:47:53","modified_gmt":"2026-04-24T15:47:53","slug":"medicube-collagen-wrapping-mask-twin-pack-masque-visage-exclusive-kit","status":"publish","type":"product","link":"https:\/\/gangnambeaute.com\/ar\/product\/medicube-collagen-wrapping-mask-twin-pack-masque-visage-exclusive-kit\/","title":{"rendered":"Medicube &#8211; Collagen Wrapping Mask Twin Pack &#8211; Masque visage &#8211; Exclusive Kit"},"content":{"rendered":"<div class=\"elementor-element elementor-element-7fdeff93 wd-section-stretch e-flex e-con-boxed e-con e-parent e-lazyloaded\" data-id=\"7fdeff93\" data-element_type=\"container\">\n<div class=\"e-con-inner\">\n<div class=\"elementor-element elementor-element-62d48c38 wd-single-tabs wd-width-100 elementor-widget elementor-widget-wd_single_product_tabs\" data-id=\"62d48c38\" data-element_type=\"widget\" data-widget_type=\"wd_single_product_tabs.default\">\n<div class=\"elementor-widget-container\">\n<div class=\"woocommerce-tabs wc-tabs-wrapper\" data-state=\"first\" data-layout=\"tabs\">\n<div id=\"tab-description\" class=\"woocommerce-Tabs-panel panel entry-content wc-tab woocommerce-Tabs-panel--description\" role=\"tabpanel\" aria-labelledby=\"tab-title-description\" data-accordion-index=\"description\">\n<p>&nbsp;<\/p>\n<div class=\"Y3BBE\" data-sfc-cp=\"\" data-hveid=\"CAEIARAA\" data-processed=\"true\" data-complete=\"true\"><strong>Ce masque de nuit au\u00a0collag\u00e8ne booste l&rsquo;\u00e9lasticit\u00e9 et l&rsquo;hydratation pendant votre sommeil pour un teint \u00e9clatant d\u00e8s le r\u00e9veil. Il r\u00e9pare la peau et affine le grain de peau en deux semaines, tout en \u00e9tant adapt\u00e9 aux peaux sensibles gr\u00e2ce \u00e0 sa formule test\u00e9e dermatologiquement.<\/strong><\/div>\n<p>&nbsp;<\/p>\n<p>&nbsp;<\/p>\n<\/div>\n<\/div>\n<\/div>\n<\/div>\n<\/div>\n<\/div>","protected":false},"excerpt":{"rendered":"<p><strong>Appliquez une couche mod\u00e9r\u00e9e sur votre visage propre et hydrat\u00e9, laissez s\u00e9cher compl\u00e8tement avant de dormir, puis retirez le film protecteur le lendemain matin en rin\u00e7ant \u00e0 l\u2019eau ti\u00e8de.<\/strong><\/p>","protected":false},"featured_media":44385,"comment_status":"open","ping_status":"closed","template":"","meta":[],"product_brand":[1015,1058],"product_cat":[344,348,355,385,431,434,436,438],"product_tag":[666],"class_list":{"0":"post-37728","1":"product","2":"type-product","3":"status-publish","4":"has-post-thumbnail","6":"product_brand-populare","7":"product_brand-medicube-populare","8":"product_cat-skincare","9":"product_cat-soin-concentre","10":"product_cat-masques","11":"product_cat-masques-de-sommeil","12":"product_cat-offres","13":"product_cat-nouveautes","14":"product_cat-kits-coffrets","15":"product_cat-selection-dexperts-de-gangnam","16":"product_tag-coupcoeur","18":"first","19":"outofstock","20":"sale","21":"shipping-taxable","22":"purchasable","23":"product-type-simple"},"_links":{"self":[{"href":"https:\/\/gangnambeaute.com\/ar\/wp-json\/wp\/v2\/product\/37728","targetHints":{"allow":["GET"]}}],"collection":[{"href":"https:\/\/gangnambeaute.com\/ar\/wp-json\/wp\/v2\/product"}],"about":[{"href":"https:\/\/gangnambeaute.com\/ar\/wp-json\/wp\/v2\/types\/product"}],"replies":[{"embeddable":true,"href":"https:\/\/gangnambeaute.com\/ar\/wp-json\/wp\/v2\/comments?post=37728"}],"version-history":[{"count":3,"href":"https:\/\/gangnambeaute.com\/ar\/wp-json\/wp\/v2\/product\/37728\/revisions"}],"predecessor-version":[{"id":42766,"href":"https:\/\/gangnambeaute.com\/ar\/wp-json\/wp\/v2\/product\/37728\/revisions\/42766"}],"wp:featuredmedia":[{"embeddable":true,"href":"https:\/\/gangnambeaute.com\/ar\/wp-json\/wp\/v2\/media\/44385"}],"wp:attachment":[{"href":"https:\/\/gangnambeaute.com\/ar\/wp-json\/wp\/v2\/media?parent=37728"}],"wp:term":[{"taxonomy":"product_brand","embeddable":true,"href":"https:\/\/gangnambeaute.com\/ar\/wp-json\/wp\/v2\/product_brand?post=37728"},{"taxonomy":"product_cat","embeddable":true,"href":"https:\/\/gangnambeaute.com\/ar\/wp-json\/wp\/v2\/product_cat?post=37728"},{"taxonomy":"product_tag","embeddable":true,"href":"https:\/\/gangnambeaute.com\/ar\/wp-json\/wp\/v2\/product_tag?post=37728"}],"curies":[{"name":"wp","href":"https:\/\/api.w.org\/{rel}","templated":true}]}}