{"id":37676,"date":"2026-01-13T11:20:41","date_gmt":"2026-01-13T11:20:41","guid":{"rendered":"https:\/\/gangnambeaute.com\/?post_type=product&#038;p=37676"},"modified":"2026-04-27T11:13:02","modified_gmt":"2026-04-27T11:13:02","slug":"medicube-kojic-glow-repair-pack-masque-et-serum-visage-exclusive-kit","status":"publish","type":"product","link":"https:\/\/gangnambeaute.com\/ar\/product\/medicube-kojic-glow-repair-pack-masque-et-serum-visage-exclusive-kit\/","title":{"rendered":"Medicube &#8211; Kojic Glow Repair Pack &#8211; Masque et s\u00e9rum visage &#8211; Exclusive Kit"},"content":{"rendered":"<p><strong class=\"Yjhzub\" data-complete=\"true\" data-processed=\"true\" aria-owns=\"action-menu-parent-container\">Ce duo \u00e9clat corrige les taches et unifie le teint en un temps record. Le s\u00e9rum (acide kojique et curcuma) illumine et lisse la peau d\u00e8s 2 semaines, tandis que le masque de nuit (r\u00e9tinol et collag\u00e8ne) booste l&rsquo;\u00e9lasticit\u00e9 et l&rsquo;hydratation pour un r\u00e9veil radieux. Formules test\u00e9es et adapt\u00e9es aux peaux sensibles.<\/strong><\/p>","protected":false},"excerpt":{"rendered":"<div class=\"Y3BBE\" data-sfc-cp=\"\" data-hveid=\"CAEIAhAA\" data-complete=\"true\" data-processed=\"true\"><strong class=\"Yjhzub\" data-complete=\"true\" data-processed=\"true\">Le soir appliquez d&rsquo;abord quelques gouttes de s\u00e9rum sur peau propre. Une fois absorb\u00e9, \u00e9talez une couche de masque de nuit sur l&rsquo;ensemble du visage. Laissez agir toute la nuit pour un teint \u00e9clatant au r\u00e9veil.<\/strong><\/div>","protected":false},"featured_media":44410,"comment_status":"open","ping_status":"closed","template":"","meta":[],"product_brand":[1015,1058],"product_cat":[434,436,438,344,348,355,368,385,429,430,431],"product_tag":[],"class_list":{"0":"post-37676","1":"product","2":"type-product","3":"status-publish","4":"has-post-thumbnail","6":"product_brand-populare","7":"product_brand-medicube-populare","8":"product_cat-nouveautes","9":"product_cat-kits-coffrets","10":"product_cat-selection-dexperts-de-gangnam","11":"product_cat-skincare","12":"product_cat-soin-concentre","13":"product_cat-masques","14":"product_cat-serums","15":"product_cat-masques-de-sommeil","16":"product_cat-soldes","17":"product_cat-promotions","18":"product_cat-offres","20":"first","21":"outofstock","22":"sale","23":"shipping-taxable","24":"purchasable","25":"product-type-simple"},"_links":{"self":[{"href":"https:\/\/gangnambeaute.com\/ar\/wp-json\/wp\/v2\/product\/37676","targetHints":{"allow":["GET"]}}],"collection":[{"href":"https:\/\/gangnambeaute.com\/ar\/wp-json\/wp\/v2\/product"}],"about":[{"href":"https:\/\/gangnambeaute.com\/ar\/wp-json\/wp\/v2\/types\/product"}],"replies":[{"embeddable":true,"href":"https:\/\/gangnambeaute.com\/ar\/wp-json\/wp\/v2\/comments?post=37676"}],"version-history":[{"count":3,"href":"https:\/\/gangnambeaute.com\/ar\/wp-json\/wp\/v2\/product\/37676\/revisions"}],"predecessor-version":[{"id":42408,"href":"https:\/\/gangnambeaute.com\/ar\/wp-json\/wp\/v2\/product\/37676\/revisions\/42408"}],"wp:featuredmedia":[{"embeddable":true,"href":"https:\/\/gangnambeaute.com\/ar\/wp-json\/wp\/v2\/media\/44410"}],"wp:attachment":[{"href":"https:\/\/gangnambeaute.com\/ar\/wp-json\/wp\/v2\/media?parent=37676"}],"wp:term":[{"taxonomy":"product_brand","embeddable":true,"href":"https:\/\/gangnambeaute.com\/ar\/wp-json\/wp\/v2\/product_brand?post=37676"},{"taxonomy":"product_cat","embeddable":true,"href":"https:\/\/gangnambeaute.com\/ar\/wp-json\/wp\/v2\/product_cat?post=37676"},{"taxonomy":"product_tag","embeddable":true,"href":"https:\/\/gangnambeaute.com\/ar\/wp-json\/wp\/v2\/product_tag?post=37676"}],"curies":[{"name":"wp","href":"https:\/\/api.w.org\/{rel}","templated":true}]}}