{"id":37670,"date":"2026-01-13T11:08:09","date_gmt":"2026-01-13T11:08:09","guid":{"rendered":"https:\/\/gangnambeaute.com\/?post_type=product&#038;p=37670"},"modified":"2026-04-27T10:33:25","modified_gmt":"2026-04-27T10:33:25","slug":"medicube-pink-glow-wrapping-mask-duo-masque-visage-exclusive-kit","status":"publish","type":"product","link":"https:\/\/gangnambeaute.com\/ar\/product\/medicube-pink-glow-wrapping-mask-duo-masque-visage-exclusive-kit\/","title":{"rendered":"Medicube &#8211; Pink Glow Wrapping Mask Duo &#8211; Masque visage &#8211; Exclusive Kit"},"content":{"rendered":"<p><strong>Ce pack au PDRN de saumon et au collag\u00e8ne associe un masque \u00e0 la caf\u00e9ine qui r\u00e9duit les poches et r\u00e9veille l&rsquo;\u00e9clat \u00e0 un soin enveloppant qui booste l&rsquo;\u00e9lasticit\u00e9 et l&rsquo;hydratation profonde pendant votre sommeil. En deux semaines, le grain de peau est affin\u00e9, les signes de fatigue s&rsquo;estompent et le visage retrouve un aspect ferme, lisse et lumineux.<\/strong><\/p>","protected":false},"excerpt":{"rendered":"<div class=\"Y3BBE\" data-sfc-cp=\"\" data-hveid=\"CAEIARAA\" data-complete=\"true\" data-processed=\"true\">\n<div class=\"Y3BBE\" data-sfc-cp=\"\" data-hveid=\"CAEIARAA\" data-complete=\"true\" data-processed=\"true\"><strong>Alternez entre le\u00a0masque \u00e0 la caf\u00e9ine\u00a0pour d\u00e9gonfler et illuminer les soirs de fatigue, et le\u00a0masque au collag\u00e8ne les autres soirs pour booster l&rsquo;\u00e9lasticit\u00e9 et l&rsquo;hydratation.<\/strong><\/div>\n<\/div>","protected":false},"featured_media":44396,"comment_status":"open","ping_status":"closed","template":"","meta":[],"product_brand":[1015,1058],"product_cat":[436,438,344,348,355,385,429,430,431,434],"product_tag":[],"class_list":{"0":"post-37670","1":"product","2":"type-product","3":"status-publish","4":"has-post-thumbnail","6":"product_brand-populare","7":"product_brand-medicube-populare","8":"product_cat-kits-coffrets","9":"product_cat-selection-dexperts-de-gangnam","10":"product_cat-skincare","11":"product_cat-soin-concentre","12":"product_cat-masques","13":"product_cat-masques-de-sommeil","14":"product_cat-soldes","15":"product_cat-promotions","16":"product_cat-offres","17":"product_cat-nouveautes","19":"first","20":"outofstock","21":"sale","22":"shipping-taxable","23":"purchasable","24":"product-type-simple"},"_links":{"self":[{"href":"https:\/\/gangnambeaute.com\/ar\/wp-json\/wp\/v2\/product\/37670","targetHints":{"allow":["GET"]}}],"collection":[{"href":"https:\/\/gangnambeaute.com\/ar\/wp-json\/wp\/v2\/product"}],"about":[{"href":"https:\/\/gangnambeaute.com\/ar\/wp-json\/wp\/v2\/types\/product"}],"replies":[{"embeddable":true,"href":"https:\/\/gangnambeaute.com\/ar\/wp-json\/wp\/v2\/comments?post=37670"}],"version-history":[{"count":3,"href":"https:\/\/gangnambeaute.com\/ar\/wp-json\/wp\/v2\/product\/37670\/revisions"}],"predecessor-version":[{"id":42776,"href":"https:\/\/gangnambeaute.com\/ar\/wp-json\/wp\/v2\/product\/37670\/revisions\/42776"}],"wp:featuredmedia":[{"embeddable":true,"href":"https:\/\/gangnambeaute.com\/ar\/wp-json\/wp\/v2\/media\/44396"}],"wp:attachment":[{"href":"https:\/\/gangnambeaute.com\/ar\/wp-json\/wp\/v2\/media?parent=37670"}],"wp:term":[{"taxonomy":"product_brand","embeddable":true,"href":"https:\/\/gangnambeaute.com\/ar\/wp-json\/wp\/v2\/product_brand?post=37670"},{"taxonomy":"product_cat","embeddable":true,"href":"https:\/\/gangnambeaute.com\/ar\/wp-json\/wp\/v2\/product_cat?post=37670"},{"taxonomy":"product_tag","embeddable":true,"href":"https:\/\/gangnambeaute.com\/ar\/wp-json\/wp\/v2\/product_tag?post=37670"}],"curies":[{"name":"wp","href":"https:\/\/api.w.org\/{rel}","templated":true}]}}