{"id":37576,"date":"2026-01-06T10:03:49","date_gmt":"2026-01-06T10:03:49","guid":{"rendered":"https:\/\/gangnambeaute.com\/?post_type=product&#038;p=37576"},"modified":"2026-04-27T09:49:46","modified_gmt":"2026-04-27T09:49:46","slug":"medicube-age-r-booster-pro-pink-edition-appareil-anti-age-multifonction-edition-noir","status":"publish","type":"product","link":"https:\/\/gangnambeaute.com\/ar\/product\/medicube-age-r-booster-pro-pink-edition-appareil-anti-age-multifonction-edition-noir\/","title":{"rendered":"Medicube \u2013 AGE-R Booster Pro Black Edition \u2013 Appareil anti-\u00e2ge multifonction \u00e9dition noir"},"content":{"rendered":"<p><strong>L&rsquo;AGE-R Booster Pro\u00a0est un appareil 6-en-1 (\u00e9lectroporation, micro-courants, luminoth\u00e9rapie, etc.) qui remplace les soins professionnels \u00e0 domicile pour raffermir, hydrater et illuminer la peau.<\/strong><\/p>","protected":false},"excerpt":{"rendered":"<p><strong>Utilisez l&rsquo;appareil sur peau propre ou avec vos soins en choisissant le mode adapt\u00e9 (bleu pour exfolier, orange pour absorber, vert pour lifter ou rouge pour raffermir) par mouvements de balayage ou pressions circulaires<\/strong><\/p>","protected":false},"featured_media":42791,"comment_status":"open","ping_status":"closed","template":"","meta":[],"product_brand":[1015,1058],"product_cat":[344,348,434],"product_tag":[],"class_list":{"0":"post-37576","1":"product","2":"type-product","3":"status-publish","4":"has-post-thumbnail","6":"product_brand-populare","7":"product_brand-medicube-populare","8":"product_cat-skincare","9":"product_cat-soin-concentre","10":"product_cat-nouveautes","12":"first","13":"outofstock","14":"sale","15":"shipping-taxable","16":"purchasable","17":"product-type-simple"},"_links":{"self":[{"href":"https:\/\/gangnambeaute.com\/ar\/wp-json\/wp\/v2\/product\/37576","targetHints":{"allow":["GET"]}}],"collection":[{"href":"https:\/\/gangnambeaute.com\/ar\/wp-json\/wp\/v2\/product"}],"about":[{"href":"https:\/\/gangnambeaute.com\/ar\/wp-json\/wp\/v2\/types\/product"}],"replies":[{"embeddable":true,"href":"https:\/\/gangnambeaute.com\/ar\/wp-json\/wp\/v2\/comments?post=37576"}],"version-history":[{"count":4,"href":"https:\/\/gangnambeaute.com\/ar\/wp-json\/wp\/v2\/product\/37576\/revisions"}],"predecessor-version":[{"id":42790,"href":"https:\/\/gangnambeaute.com\/ar\/wp-json\/wp\/v2\/product\/37576\/revisions\/42790"}],"wp:featuredmedia":[{"embeddable":true,"href":"https:\/\/gangnambeaute.com\/ar\/wp-json\/wp\/v2\/media\/42791"}],"wp:attachment":[{"href":"https:\/\/gangnambeaute.com\/ar\/wp-json\/wp\/v2\/media?parent=37576"}],"wp:term":[{"taxonomy":"product_brand","embeddable":true,"href":"https:\/\/gangnambeaute.com\/ar\/wp-json\/wp\/v2\/product_brand?post=37576"},{"taxonomy":"product_cat","embeddable":true,"href":"https:\/\/gangnambeaute.com\/ar\/wp-json\/wp\/v2\/product_cat?post=37576"},{"taxonomy":"product_tag","embeddable":true,"href":"https:\/\/gangnambeaute.com\/ar\/wp-json\/wp\/v2\/product_tag?post=37576"}],"curies":[{"name":"wp","href":"https:\/\/api.w.org\/{rel}","templated":true}]}}