{"id":37495,"date":"2026-01-05T11:12:28","date_gmt":"2026-01-05T11:12:28","guid":{"rendered":"https:\/\/gangnambeaute.com\/?post_type=product&#038;p=37495"},"modified":"2026-04-11T02:54:39","modified_gmt":"2026-04-11T02:54:39","slug":"eqqualberry-hyaltoin-flooding-serum-pack-of-2-serum-visage-exclusive-kit","status":"publish","type":"product","link":"https:\/\/gangnambeaute.com\/ar\/product\/eqqualberry-hyaltoin-flooding-serum-pack-of-2-serum-visage-exclusive-kit\/","title":{"rendered":"EQQUALBERRY &#8211; Hyaltoin Flooding Serum Pack of 2 &#8211; S\u00e9rum visage &#8211; Exclusive Kit"},"content":{"rendered":"<p><strong>Ce s\u00e9rum sert \u00e0\u00a0hydrater intens\u00e9ment\u00a0la peau en profondeur et \u00e0 renforcer sa barri\u00e8re protectrice gr\u00e2ce \u00e0 l&rsquo;acide hyaluronique et aux c\u00e9ramides<\/strong><\/p>","protected":false},"excerpt":{"rendered":"<p><strong>Appliquez 1 \u00e0 2 pressions sur votre visage apr\u00e8s la lotion tonique et\u00a0tapotez doucement\u00a0pour faciliter l&rsquo;absorption.<span class=\"uJ19be notranslate\" data-wiz-uids=\"XNENCb_m,XNENCb_n\" data-sfc-cb=\"\" data-complete=\"true\" data-processed=\"true\"><span class=\"vKEkVd\" data-animation-atomic=\"\" data-wiz-attrbind=\"class=XNENCb_l\/TKHnVd\" data-sae=\"\"><span aria-hidden=\"true\">\u00a0<\/span><\/span><\/span><\/strong><\/p>","protected":false},"featured_media":41753,"comment_status":"open","ping_status":"closed","template":"","meta":[],"product_brand":[1060,1015],"product_cat":[344,348,368,431,434,436,438],"product_tag":[666],"class_list":{"0":"post-37495","1":"product","2":"type-product","3":"status-publish","4":"has-post-thumbnail","6":"product_brand-eqqualberry-populare","7":"product_brand-populare","8":"product_cat-skincare","9":"product_cat-soin-concentre","10":"product_cat-serums","11":"product_cat-offres","12":"product_cat-nouveautes","13":"product_cat-kits-coffrets","14":"product_cat-selection-dexperts-de-gangnam","15":"product_tag-coupcoeur","17":"first","18":"instock","19":"sale","20":"shipping-taxable","21":"purchasable","22":"product-type-simple"},"_links":{"self":[{"href":"https:\/\/gangnambeaute.com\/ar\/wp-json\/wp\/v2\/product\/37495","targetHints":{"allow":["GET"]}}],"collection":[{"href":"https:\/\/gangnambeaute.com\/ar\/wp-json\/wp\/v2\/product"}],"about":[{"href":"https:\/\/gangnambeaute.com\/ar\/wp-json\/wp\/v2\/types\/product"}],"replies":[{"embeddable":true,"href":"https:\/\/gangnambeaute.com\/ar\/wp-json\/wp\/v2\/comments?post=37495"}],"version-history":[{"count":2,"href":"https:\/\/gangnambeaute.com\/ar\/wp-json\/wp\/v2\/product\/37495\/revisions"}],"predecessor-version":[{"id":43362,"href":"https:\/\/gangnambeaute.com\/ar\/wp-json\/wp\/v2\/product\/37495\/revisions\/43362"}],"wp:featuredmedia":[{"embeddable":true,"href":"https:\/\/gangnambeaute.com\/ar\/wp-json\/wp\/v2\/media\/41753"}],"wp:attachment":[{"href":"https:\/\/gangnambeaute.com\/ar\/wp-json\/wp\/v2\/media?parent=37495"}],"wp:term":[{"taxonomy":"product_brand","embeddable":true,"href":"https:\/\/gangnambeaute.com\/ar\/wp-json\/wp\/v2\/product_brand?post=37495"},{"taxonomy":"product_cat","embeddable":true,"href":"https:\/\/gangnambeaute.com\/ar\/wp-json\/wp\/v2\/product_cat?post=37495"},{"taxonomy":"product_tag","embeddable":true,"href":"https:\/\/gangnambeaute.com\/ar\/wp-json\/wp\/v2\/product_tag?post=37495"}],"curies":[{"name":"wp","href":"https:\/\/api.w.org\/{rel}","templated":true}]}}