{"id":37474,"date":"2026-01-05T10:50:12","date_gmt":"2026-01-05T10:50:12","guid":{"rendered":"https:\/\/gangnambeaute.com\/?post_type=product&#038;p=37474"},"modified":"2026-04-11T02:54:38","modified_gmt":"2026-04-11T02:54:38","slug":"eqqualberry-vitamin-illuminating-serum-pack-of-2-serum-visage-exclusive-kit","status":"publish","type":"product","link":"https:\/\/gangnambeaute.com\/ar\/product\/eqqualberry-vitamin-illuminating-serum-pack-of-2-serum-visage-exclusive-kit\/","title":{"rendered":"EQQUALBERRY &#8211; Vitamin Illuminating Serum Pack of 2- S\u00e9rum visage &#8211; Exclusive Kit"},"content":{"rendered":"<div class=\"Y3BBE\" data-sfc-cp=\"\" data-sfc-cb=\"\" data-hveid=\"CAEIARAA\" data-complete=\"true\" data-processed=\"true\"><strong>Ce s\u00e9rum sert \u00e0\u00a0illuminer le teint\u00a0et \u00e0 r\u00e9duire l&rsquo;apparence des taches gr\u00e2ce \u00e0 son cocktail de vitamines antioxydantes.<span class=\"uJ19be notranslate\" data-wiz-uids=\"dv6Kn_d,dv6Kn_e\" data-sfc-cb=\"\" data-complete=\"true\" data-processed=\"true\"><span class=\"vKEkVd\" data-animation-atomic=\"\" data-wiz-attrbind=\"class=dv6Kn_c\/TKHnVd\" data-sae=\"\"><span aria-hidden=\"true\">\u00a0<\/span><\/span><\/span><\/strong><\/div>","protected":false},"excerpt":{"rendered":"<div class=\"Y3BBE\" data-sfc-cp=\"\" data-sfc-cb=\"\" data-hveid=\"CAEIAhAA\" data-complete=\"true\" data-processed=\"true\"><strong>Appliquez quelques gouttes sur le visage propre et\u00a0tapotez doucement\u00a0jusqu&rsquo;\u00e0 absorption compl\u00e8te avant votre cr\u00e8me hydratante.<span class=\"uJ19be notranslate\" data-wiz-uids=\"dv6Kn_i,dv6Kn_j\" data-sfc-cb=\"\" data-complete=\"true\" data-processed=\"true\"><span class=\"vKEkVd\" data-animation-atomic=\"\" data-wiz-attrbind=\"class=dv6Kn_h\/TKHnVd\" data-sae=\"\"><span aria-hidden=\"true\">\u00a0<\/span><\/span><\/span><\/strong><\/div>","protected":false},"featured_media":41738,"comment_status":"open","ping_status":"closed","template":"","meta":[],"product_brand":[1015,1060],"product_cat":[344,348,349,368,431,434,436,438],"product_tag":[],"class_list":{"0":"post-37474","1":"product","2":"type-product","3":"status-publish","4":"has-post-thumbnail","6":"product_brand-populare","7":"product_brand-eqqualberry-populare","8":"product_cat-skincare","9":"product_cat-soin-concentre","10":"product_cat-vitamine-c","11":"product_cat-serums","12":"product_cat-offres","13":"product_cat-nouveautes","14":"product_cat-kits-coffrets","15":"product_cat-selection-dexperts-de-gangnam","17":"first","18":"outofstock","19":"sale","20":"shipping-taxable","21":"purchasable","22":"product-type-simple"},"_links":{"self":[{"href":"https:\/\/gangnambeaute.com\/ar\/wp-json\/wp\/v2\/product\/37474","targetHints":{"allow":["GET"]}}],"collection":[{"href":"https:\/\/gangnambeaute.com\/ar\/wp-json\/wp\/v2\/product"}],"about":[{"href":"https:\/\/gangnambeaute.com\/ar\/wp-json\/wp\/v2\/types\/product"}],"replies":[{"embeddable":true,"href":"https:\/\/gangnambeaute.com\/ar\/wp-json\/wp\/v2\/comments?post=37474"}],"version-history":[{"count":2,"href":"https:\/\/gangnambeaute.com\/ar\/wp-json\/wp\/v2\/product\/37474\/revisions"}],"predecessor-version":[{"id":43366,"href":"https:\/\/gangnambeaute.com\/ar\/wp-json\/wp\/v2\/product\/37474\/revisions\/43366"}],"wp:featuredmedia":[{"embeddable":true,"href":"https:\/\/gangnambeaute.com\/ar\/wp-json\/wp\/v2\/media\/41738"}],"wp:attachment":[{"href":"https:\/\/gangnambeaute.com\/ar\/wp-json\/wp\/v2\/media?parent=37474"}],"wp:term":[{"taxonomy":"product_brand","embeddable":true,"href":"https:\/\/gangnambeaute.com\/ar\/wp-json\/wp\/v2\/product_brand?post=37474"},{"taxonomy":"product_cat","embeddable":true,"href":"https:\/\/gangnambeaute.com\/ar\/wp-json\/wp\/v2\/product_cat?post=37474"},{"taxonomy":"product_tag","embeddable":true,"href":"https:\/\/gangnambeaute.com\/ar\/wp-json\/wp\/v2\/product_tag?post=37474"}],"curies":[{"name":"wp","href":"https:\/\/api.w.org\/{rel}","templated":true}]}}