{"id":37423,"date":"2026-01-05T09:34:26","date_gmt":"2026-01-05T09:34:26","guid":{"rendered":"https:\/\/gangnambeaute.com\/?post_type=product&#038;p=37423"},"modified":"2026-04-11T02:54:36","modified_gmt":"2026-04-11T02:54:36","slug":"eqqualberry-collagen-pore-tight-up-hydrogel-mask-set-hydrogel-masque-4-pieces","status":"publish","type":"product","link":"https:\/\/gangnambeaute.com\/ar\/product\/eqqualberry-collagen-pore-tight-up-hydrogel-mask-set-hydrogel-masque-4-pieces\/","title":{"rendered":"EQQUALBERRY &#8211; Collagen Pore-tight up Hydrogel Mask Set &#8211; masque gel &#8211; 4 pi\u00e8ces"},"content":{"rendered":"<p><strong>Ce masque sert \u00e0 resserrer les pores dilat\u00e9s et \u00e0 repulper intens\u00e9ment la peau gr\u00e2ce au collag\u00e8ne raffermissant.<\/strong><\/p>","protected":false},"excerpt":{"rendered":"<div class=\"Y3BBE\" data-sfc-cp=\"\" data-sfc-cb=\"\" data-hveid=\"CAEIAhAA\" data-complete=\"true\" data-processed=\"true\"><strong>Appliquez le masque en gel sur votre\u00a0visage propre, laissez agir 20 \u00e0 30 minutes, puis retirez-le sans rincer.\u00a0<\/strong><\/div>","protected":false},"featured_media":41714,"comment_status":"open","ping_status":"closed","template":"","meta":[],"product_brand":[1015,1060],"product_cat":[344,355,384,431,434],"product_tag":[],"class_list":{"0":"post-37423","1":"product","2":"type-product","3":"status-publish","4":"has-post-thumbnail","6":"product_brand-populare","7":"product_brand-eqqualberry-populare","8":"product_cat-skincare","9":"product_cat-masques","10":"product_cat-masques-en-feuille","11":"product_cat-offres","12":"product_cat-nouveautes","14":"first","15":"instock","16":"sale","17":"shipping-taxable","18":"purchasable","19":"product-type-simple"},"_links":{"self":[{"href":"https:\/\/gangnambeaute.com\/ar\/wp-json\/wp\/v2\/product\/37423","targetHints":{"allow":["GET"]}}],"collection":[{"href":"https:\/\/gangnambeaute.com\/ar\/wp-json\/wp\/v2\/product"}],"about":[{"href":"https:\/\/gangnambeaute.com\/ar\/wp-json\/wp\/v2\/types\/product"}],"replies":[{"embeddable":true,"href":"https:\/\/gangnambeaute.com\/ar\/wp-json\/wp\/v2\/comments?post=37423"}],"version-history":[{"count":9,"href":"https:\/\/gangnambeaute.com\/ar\/wp-json\/wp\/v2\/product\/37423\/revisions"}],"predecessor-version":[{"id":43372,"href":"https:\/\/gangnambeaute.com\/ar\/wp-json\/wp\/v2\/product\/37423\/revisions\/43372"}],"wp:featuredmedia":[{"embeddable":true,"href":"https:\/\/gangnambeaute.com\/ar\/wp-json\/wp\/v2\/media\/41714"}],"wp:attachment":[{"href":"https:\/\/gangnambeaute.com\/ar\/wp-json\/wp\/v2\/media?parent=37423"}],"wp:term":[{"taxonomy":"product_brand","embeddable":true,"href":"https:\/\/gangnambeaute.com\/ar\/wp-json\/wp\/v2\/product_brand?post=37423"},{"taxonomy":"product_cat","embeddable":true,"href":"https:\/\/gangnambeaute.com\/ar\/wp-json\/wp\/v2\/product_cat?post=37423"},{"taxonomy":"product_tag","embeddable":true,"href":"https:\/\/gangnambeaute.com\/ar\/wp-json\/wp\/v2\/product_tag?post=37423"}],"curies":[{"name":"wp","href":"https:\/\/api.w.org\/{rel}","templated":true}]}}