{"id":37364,"date":"2026-01-02T15:25:39","date_gmt":"2026-01-02T15:25:39","guid":{"rendered":"https:\/\/gangnambeaute.com\/?post_type=product&#038;p=37364"},"modified":"2026-04-11T02:54:36","modified_gmt":"2026-04-11T02:54:36","slug":"cosrx-green-tea-aqua-soothing-gel-cream-50ml","status":"publish","type":"product","link":"https:\/\/gangnambeaute.com\/ar\/product\/cosrx-green-tea-aqua-soothing-gel-cream-50ml\/","title":{"rendered":"COSRX &#8211; Green Tea Aqua Soothing Gel Cream &#8211; Cr\u00e8me visage &#8211; 50ml"},"content":{"rendered":"<p><strong>Cette cr\u00e8me gel sert \u00e0 apaiser les rougeurs et \u00e0 hydrater les peaux mixtes \u00e0 grasses sans effet collant gr\u00e2ce au th\u00e9 vert.<\/strong><\/p>","protected":false},"excerpt":{"rendered":"<div class=\"Y3BBE\" data-sfc-cp=\"\" data-sfc-cb=\"\" data-hveid=\"CAEIAhAA\" data-complete=\"true\" data-processed=\"true\">\n<div class=\"Y3BBE\" data-sfc-cp=\"\" data-sfc-cb=\"\" data-hveid=\"CAEIAhAA\" data-complete=\"true\" data-processed=\"true\"><strong>Appliquez une noisette sur votre\u00a0visage propre et massez d\u00e9licatement jusqu&rsquo;\u00e0 absorption compl\u00e8te.<\/strong><\/div>\n<\/div>","protected":false},"featured_media":41712,"comment_status":"open","ping_status":"closed","template":"","meta":[],"product_brand":[1015,1048],"product_cat":[344,348,370],"product_tag":[],"class_list":{"0":"post-37364","1":"product","2":"type-product","3":"status-publish","4":"has-post-thumbnail","6":"product_brand-populare","7":"product_brand-cosrx-populare","8":"product_cat-skincare","9":"product_cat-soin-concentre","10":"product_cat-cremes","12":"first","13":"outofstock","14":"sale","15":"shipping-taxable","16":"purchasable","17":"product-type-simple"},"_links":{"self":[{"href":"https:\/\/gangnambeaute.com\/ar\/wp-json\/wp\/v2\/product\/37364","targetHints":{"allow":["GET"]}}],"collection":[{"href":"https:\/\/gangnambeaute.com\/ar\/wp-json\/wp\/v2\/product"}],"about":[{"href":"https:\/\/gangnambeaute.com\/ar\/wp-json\/wp\/v2\/types\/product"}],"replies":[{"embeddable":true,"href":"https:\/\/gangnambeaute.com\/ar\/wp-json\/wp\/v2\/comments?post=37364"}],"version-history":[{"count":5,"href":"https:\/\/gangnambeaute.com\/ar\/wp-json\/wp\/v2\/product\/37364\/revisions"}],"predecessor-version":[{"id":43414,"href":"https:\/\/gangnambeaute.com\/ar\/wp-json\/wp\/v2\/product\/37364\/revisions\/43414"}],"wp:featuredmedia":[{"embeddable":true,"href":"https:\/\/gangnambeaute.com\/ar\/wp-json\/wp\/v2\/media\/41712"}],"wp:attachment":[{"href":"https:\/\/gangnambeaute.com\/ar\/wp-json\/wp\/v2\/media?parent=37364"}],"wp:term":[{"taxonomy":"product_brand","embeddable":true,"href":"https:\/\/gangnambeaute.com\/ar\/wp-json\/wp\/v2\/product_brand?post=37364"},{"taxonomy":"product_cat","embeddable":true,"href":"https:\/\/gangnambeaute.com\/ar\/wp-json\/wp\/v2\/product_cat?post=37364"},{"taxonomy":"product_tag","embeddable":true,"href":"https:\/\/gangnambeaute.com\/ar\/wp-json\/wp\/v2\/product_tag?post=37364"}],"curies":[{"name":"wp","href":"https:\/\/api.w.org\/{rel}","templated":true}]}}