{"id":37351,"date":"2026-01-02T14:52:28","date_gmt":"2026-01-02T14:52:28","guid":{"rendered":"https:\/\/gangnambeaute.com\/?post_type=product&#038;p=37351"},"modified":"2026-04-11T02:54:35","modified_gmt":"2026-04-11T02:54:35","slug":"cosrx-refresh-aha-bha-vitamin-c-daily-toner-tonique-exfoliant-50ml","status":"publish","type":"product","link":"https:\/\/gangnambeaute.com\/ar\/product\/cosrx-refresh-aha-bha-vitamin-c-daily-toner-tonique-exfoliant-50ml\/","title":{"rendered":"COSRX &#8211; Refresh AHA BHA Vitamin C Daily Toner &#8211; Tonique exfoliant &#8211; 50ml"},"content":{"rendered":"<p><strong>Ce tonique sert \u00e0 exfolier en douceur et \u00e0 lisser le grain de peau gr\u00e2ce au complexe AHA, BHA et vitamine C.<\/strong><\/p>","protected":false},"excerpt":{"rendered":"<div class=\"Y3BBE\" data-sfc-cp=\"\" data-sfc-cb=\"\" data-hveid=\"CAEIAhAA\" data-complete=\"true\" data-processed=\"true\">\n<div class=\"Y3BBE\" data-sfc-cp=\"\" data-sfc-cb=\"\" data-hveid=\"CAEIAhAA\" data-complete=\"true\" data-processed=\"true\"><strong>Appliquez le produit sur votre\u00a0visage propre\u00a0\u00e0 l&rsquo;aide d&rsquo;un coton ou directement avec les mains en tapotant doucement.<span class=\"uJ19be notranslate\" data-wiz-uids=\"VTyrsc_j,VTyrsc_k\" data-sfc-cb=\"\" data-complete=\"true\" data-processed=\"true\"><span class=\"vKEkVd\" data-animation-atomic=\"\" data-wiz-attrbind=\"class=VTyrsc_i\/TKHnVd\" data-sae=\"\"><span aria-hidden=\"true\">\u00a0<\/span><\/span><\/span><\/strong><\/div>\n<\/div>","protected":false},"featured_media":43422,"comment_status":"open","ping_status":"closed","template":"","meta":[],"product_brand":[1015,1048],"product_cat":[344,347,349,350,363],"product_tag":[],"class_list":{"0":"post-37351","1":"product","2":"type-product","3":"status-publish","4":"has-post-thumbnail","6":"product_brand-populare","7":"product_brand-cosrx-populare","8":"product_cat-skincare","9":"product_cat-toniques","10":"product_cat-vitamine-c","11":"product_cat-exfoliants","12":"product_cat-toniques-exfoliants","14":"first","15":"outofstock","16":"sale","17":"shipping-taxable","18":"purchasable","19":"product-type-simple"},"_links":{"self":[{"href":"https:\/\/gangnambeaute.com\/ar\/wp-json\/wp\/v2\/product\/37351","targetHints":{"allow":["GET"]}}],"collection":[{"href":"https:\/\/gangnambeaute.com\/ar\/wp-json\/wp\/v2\/product"}],"about":[{"href":"https:\/\/gangnambeaute.com\/ar\/wp-json\/wp\/v2\/types\/product"}],"replies":[{"embeddable":true,"href":"https:\/\/gangnambeaute.com\/ar\/wp-json\/wp\/v2\/comments?post=37351"}],"version-history":[{"count":3,"href":"https:\/\/gangnambeaute.com\/ar\/wp-json\/wp\/v2\/product\/37351\/revisions"}],"predecessor-version":[{"id":43423,"href":"https:\/\/gangnambeaute.com\/ar\/wp-json\/wp\/v2\/product\/37351\/revisions\/43423"}],"wp:featuredmedia":[{"embeddable":true,"href":"https:\/\/gangnambeaute.com\/ar\/wp-json\/wp\/v2\/media\/43422"}],"wp:attachment":[{"href":"https:\/\/gangnambeaute.com\/ar\/wp-json\/wp\/v2\/media?parent=37351"}],"wp:term":[{"taxonomy":"product_brand","embeddable":true,"href":"https:\/\/gangnambeaute.com\/ar\/wp-json\/wp\/v2\/product_brand?post=37351"},{"taxonomy":"product_cat","embeddable":true,"href":"https:\/\/gangnambeaute.com\/ar\/wp-json\/wp\/v2\/product_cat?post=37351"},{"taxonomy":"product_tag","embeddable":true,"href":"https:\/\/gangnambeaute.com\/ar\/wp-json\/wp\/v2\/product_tag?post=37351"}],"curies":[{"name":"wp","href":"https:\/\/api.w.org\/{rel}","templated":true}]}}