{"id":37349,"date":"2026-01-02T14:49:20","date_gmt":"2026-01-02T14:49:20","guid":{"rendered":"https:\/\/gangnambeaute.com\/?post_type=product&#038;p=37349"},"modified":"2026-04-11T02:54:34","modified_gmt":"2026-04-11T02:54:34","slug":"cosrx-triple-hyaluronic-moisture-ampoule-ampoule-hydratante-40ml","status":"publish","type":"product","link":"https:\/\/gangnambeaute.com\/ar\/product\/cosrx-triple-hyaluronic-moisture-ampoule-ampoule-hydratante-40ml\/","title":{"rendered":"COSRX &#8211; Triple Hyaluronic Moisture Ampoule &#8211; Ampoule &#8211; 40 ml"},"content":{"rendered":"<div class=\"ilZyRc R7mRQb\">\n<div data-animation-skip=\"true\" aria-hidden=\"false\" data-ved=\"0CAAQ_sYPahgKEwjwvbz42ZyTAxUAAAAAHQAAAAAQ6gk\">\n<div class=\"xEFZqe\">\n<div class=\"tbIZh wQN2Jd\">\n<div class=\"sUKAcb\">\n<div class=\"ilZyRc R7mRQb\">\n<div data-animation-skip=\"true\" aria-hidden=\"false\" data-ved=\"0CAAQ_sYPahgKEwjwvbz42ZyTAxUAAAAAHQAAAAAQ6gk\">\n<div class=\"xEFZqe\">\n<div class=\"tbIZh wQN2Jd\">\n<div class=\"sUKAcb\"><strong><span class=\"VndcI veK2kb\" role=\"heading\" aria-level=\"2\">Cette ampoule sert \u00e0 hydrater intens\u00e9ment les couches profondes de la peau gr\u00e2ce \u00e0 trois types d&rsquo;acide hyaluronique.<\/span><\/strong><\/div>\n<\/div>\n<\/div>\n<div class=\"dcCF7d\"><\/div>\n<\/div>\n<\/div>\n<div class=\"\" data-streaming-container=\"\">\n<div data-container-id=\"7g20adDhKMWKkdUPlvbqsQY\" data-processed=\"true\">\n<div data-processed=\"true\"><\/div>\n<\/div>\n<div data-processed=\"true\"><\/div>\n<div data-processed=\"true\">\n<div class=\"CKgc1d\" data-scope-id=\"turn\" data-sfc-cb=\"\" data-complete=\"true\">\n<div class=\"Zkbeff\" data-subtree=\"aimc\" data-wiz-uids=\"gnVL7b_2\" data-sfc-cb=\"\" data-ved=\"2ahUKEwjQkNzM-pyTAxVFRaQEHRa7OmYQ2O0OegYIAQgAEAA\" data-hveid=\"CAEIABAA\" data-complete=\"true\">\n<div class=\"pWvJNd\" data-sfc-cb=\"\" data-complete=\"true\">\n<div>\n<div data-container-id=\"4\"><\/div>\n<\/div>\n<div class=\"mZJni Dn7Fzd\" dir=\"ltr\" data-container-id=\"main-col\" data-xid=\"VpUvz\" data-sfc-cb=\"\" data-ved=\"2ahUKEwjQkNzM-pyTAxVFRaQEHRa7OmYQ3KYQegYIAQgAEAE\" data-processed=\"true\">\n<div data-container-id=\"5\" data-processed=\"true\"><\/div>\n<\/div>\n<\/div>\n<\/div>\n<\/div>\n<\/div>\n<\/div>\n<\/div>\n<\/div>\n<\/div>\n<div class=\"UYpEO\"><\/div>\n<div class=\"dcCF7d\"><\/div>\n<\/div>\n<\/div>\n<div data-ved=\"0CAEQ3PkPahgKEwjwvbz42ZyTAxUAAAAAHQAAAAAQ6gk\"><\/div>\n<div class=\"\" data-streaming-container=\"\">\n<div data-container-id=\"7g20adDhKMWKkdUPlvbqsQY\" data-processed=\"true\">\n<div data-processed=\"true\"><\/div>\n<div data-processed=\"true\"><\/div>\n<div data-processed=\"true\"><\/div>\n<div data-processed=\"true\"><\/div>\n<div data-processed=\"true\"><\/div>\n<\/div>\n<div data-processed=\"true\"><\/div>\n<div data-processed=\"true\">\n<div class=\"CKgc1d\" data-scope-id=\"turn\" data-sfc-cb=\"\" data-complete=\"true\">\n<div class=\"Zkbeff\" data-subtree=\"aimc\" data-wiz-uids=\"gnVL7b_2\" data-sfc-cb=\"\" data-ved=\"2ahUKEwjQkNzM-pyTAxVFRaQEHRa7OmYQ2O0OegYIAQgAEAA\" data-hveid=\"CAEIABAA\" data-complete=\"true\">\n<div class=\"pWvJNd\" data-sfc-cb=\"\" data-complete=\"true\">\n<div>\n<div data-container-id=\"4\"><\/div>\n<\/div>\n<div class=\"mZJni Dn7Fzd\" dir=\"ltr\" data-container-id=\"main-col\" data-xid=\"VpUvz\" data-sfc-cb=\"\" data-ved=\"2ahUKEwjQkNzM-pyTAxVFRaQEHRa7OmYQ3KYQegYIAQgAEAE\" data-processed=\"true\">\n<div data-container-id=\"5\" data-processed=\"true\"><\/div>\n<\/div>\n<\/div>\n<\/div>\n<\/div>\n<\/div>\n<\/div>","protected":false},"excerpt":{"rendered":"<div class=\"Y3BBE\" data-sfc-cp=\"\" data-sfc-cb=\"\" data-hveid=\"CAEIAhAA\" data-processed=\"true\" data-complete=\"true\"><strong>Appliquez quelques gouttes sur votre\u00a0visage propre\u00a0et tapotez doucement jusqu&rsquo;\u00e0 absorption compl\u00e8te avant votre cr\u00e8me.<span class=\"uJ19be notranslate\" data-wiz-uids=\"pobWQ_j,pobWQ_k\" data-sfc-cb=\"\" data-complete=\"true\" data-processed=\"true\"><span class=\"vKEkVd\" data-animation-atomic=\"\" data-wiz-attrbind=\"class=pobWQ_i\/TKHnVd\" data-sae=\"\"><span aria-hidden=\"true\">\u00a0<\/span><\/span><\/span><\/strong><\/div>","protected":false},"featured_media":41706,"comment_status":"open","ping_status":"closed","template":"","meta":[],"product_brand":[1015,1048],"product_cat":[344,348,369],"product_tag":[],"class_list":{"0":"post-37349","1":"product","2":"type-product","3":"status-publish","4":"has-post-thumbnail","6":"product_brand-populare","7":"product_brand-cosrx-populare","8":"product_cat-skincare","9":"product_cat-soin-concentre","10":"product_cat-ampoules","12":"first","13":"outofstock","14":"sale","15":"shipping-taxable","16":"purchasable","17":"product-type-simple"},"_links":{"self":[{"href":"https:\/\/gangnambeaute.com\/ar\/wp-json\/wp\/v2\/product\/37349","targetHints":{"allow":["GET"]}}],"collection":[{"href":"https:\/\/gangnambeaute.com\/ar\/wp-json\/wp\/v2\/product"}],"about":[{"href":"https:\/\/gangnambeaute.com\/ar\/wp-json\/wp\/v2\/types\/product"}],"replies":[{"embeddable":true,"href":"https:\/\/gangnambeaute.com\/ar\/wp-json\/wp\/v2\/comments?post=37349"}],"version-history":[{"count":5,"href":"https:\/\/gangnambeaute.com\/ar\/wp-json\/wp\/v2\/product\/37349\/revisions"}],"predecessor-version":[{"id":43425,"href":"https:\/\/gangnambeaute.com\/ar\/wp-json\/wp\/v2\/product\/37349\/revisions\/43425"}],"wp:featuredmedia":[{"embeddable":true,"href":"https:\/\/gangnambeaute.com\/ar\/wp-json\/wp\/v2\/media\/41706"}],"wp:attachment":[{"href":"https:\/\/gangnambeaute.com\/ar\/wp-json\/wp\/v2\/media?parent=37349"}],"wp:term":[{"taxonomy":"product_brand","embeddable":true,"href":"https:\/\/gangnambeaute.com\/ar\/wp-json\/wp\/v2\/product_brand?post=37349"},{"taxonomy":"product_cat","embeddable":true,"href":"https:\/\/gangnambeaute.com\/ar\/wp-json\/wp\/v2\/product_cat?post=37349"},{"taxonomy":"product_tag","embeddable":true,"href":"https:\/\/gangnambeaute.com\/ar\/wp-json\/wp\/v2\/product_tag?post=37349"}],"curies":[{"name":"wp","href":"https:\/\/api.w.org\/{rel}","templated":true}]}}