{"id":37344,"date":"2026-01-02T14:45:51","date_gmt":"2026-01-02T14:45:51","guid":{"rendered":"https:\/\/gangnambeaute.com\/?post_type=product&#038;p=37344"},"modified":"2026-04-11T02:54:34","modified_gmt":"2026-04-11T02:54:34","slug":"cosrx-hydrium-watery-toner-tonique-hydratante-50ml","status":"publish","type":"product","link":"https:\/\/gangnambeaute.com\/ar\/product\/cosrx-hydrium-watery-toner-tonique-hydratante-50ml\/","title":{"rendered":"COSRX &#8211; Hydrium Watery Toner &#8211; Tonique hydratante &#8211; 50ml"},"content":{"rendered":"<p><strong>Ce tonique sert \u00e0 hydrater intens\u00e9ment et \u00e0 apaiser instantan\u00e9ment les peaux d\u00e9shydrat\u00e9es gr\u00e2ce \u00e0 la vitamine B5 et l&rsquo;acide hyaluronique.<\/strong><\/p>","protected":false},"excerpt":{"rendered":"<div class=\"Y3BBE\" data-sfc-cp=\"\" data-sfc-cb=\"\" data-hveid=\"CAEIAhAA\" data-complete=\"true\" data-processed=\"true\"><strong>Appliquez le produit sur votre\u00a0visage propre\u00a0\u00e0 l&rsquo;aide d&rsquo;un coton ou en tapotant avec les mains.<span class=\"uJ19be notranslate\" data-wiz-uids=\"GJiAge_j,GJiAge_k\" data-sfc-cb=\"\" data-complete=\"true\" data-processed=\"true\"><span class=\"vKEkVd\" data-animation-atomic=\"\" data-wiz-attrbind=\"class=GJiAge_i\/TKHnVd\" data-sae=\"\"><span aria-hidden=\"true\">\u00a0<\/span><\/span><\/span><\/strong><\/div>","protected":false},"featured_media":41704,"comment_status":"open","ping_status":"closed","template":"","meta":[],"product_brand":[1015,1048],"product_cat":[344,347,348,366],"product_tag":[],"class_list":{"0":"post-37344","1":"product","2":"type-product","3":"status-publish","4":"has-post-thumbnail","6":"product_brand-populare","7":"product_brand-cosrx-populare","8":"product_cat-skincare","9":"product_cat-toniques","10":"product_cat-soin-concentre","11":"product_cat-toniques-hydratants-toniques","13":"first","14":"outofstock","15":"sale","16":"shipping-taxable","17":"purchasable","18":"product-type-simple"},"_links":{"self":[{"href":"https:\/\/gangnambeaute.com\/ar\/wp-json\/wp\/v2\/product\/37344","targetHints":{"allow":["GET"]}}],"collection":[{"href":"https:\/\/gangnambeaute.com\/ar\/wp-json\/wp\/v2\/product"}],"about":[{"href":"https:\/\/gangnambeaute.com\/ar\/wp-json\/wp\/v2\/types\/product"}],"replies":[{"embeddable":true,"href":"https:\/\/gangnambeaute.com\/ar\/wp-json\/wp\/v2\/comments?post=37344"}],"version-history":[{"count":3,"href":"https:\/\/gangnambeaute.com\/ar\/wp-json\/wp\/v2\/product\/37344\/revisions"}],"predecessor-version":[{"id":43427,"href":"https:\/\/gangnambeaute.com\/ar\/wp-json\/wp\/v2\/product\/37344\/revisions\/43427"}],"wp:featuredmedia":[{"embeddable":true,"href":"https:\/\/gangnambeaute.com\/ar\/wp-json\/wp\/v2\/media\/41704"}],"wp:attachment":[{"href":"https:\/\/gangnambeaute.com\/ar\/wp-json\/wp\/v2\/media?parent=37344"}],"wp:term":[{"taxonomy":"product_brand","embeddable":true,"href":"https:\/\/gangnambeaute.com\/ar\/wp-json\/wp\/v2\/product_brand?post=37344"},{"taxonomy":"product_cat","embeddable":true,"href":"https:\/\/gangnambeaute.com\/ar\/wp-json\/wp\/v2\/product_cat?post=37344"},{"taxonomy":"product_tag","embeddable":true,"href":"https:\/\/gangnambeaute.com\/ar\/wp-json\/wp\/v2\/product_tag?post=37344"}],"curies":[{"name":"wp","href":"https:\/\/api.w.org\/{rel}","templated":true}]}}