{"id":37257,"date":"2025-12-30T15:20:39","date_gmt":"2025-12-30T15:20:39","guid":{"rendered":"https:\/\/gangnambeaute.com\/?post_type=product&#038;p=37257"},"modified":"2026-05-16T09:40:28","modified_gmt":"2026-05-16T09:40:28","slug":"celimax-the-vita-a-retinal-shot-tightening-booster-bundle-set-2pcs","status":"publish","type":"product","link":"https:\/\/gangnambeaute.com\/ar\/product\/celimax-the-vita-a-retinal-shot-tightening-booster-bundle-set-2pcs\/","title":{"rendered":"Celimax &#8211; The Vita-A Retinal Shot Tightening Booster Duo Set &#8211; Exclusive kit &#8211; 15mlx2"},"content":{"rendered":"<p><strong class=\"Yjhzub\" data-complete=\"true\" data-processed=\"true\" aria-owns=\"action-menu-parent-container\">Ce booster au r\u00e9tinal et peptides raffermit la peau et r\u00e9duit les rides, sa technologie p\u00e9n\u00e8tre en profondeur pour unifier le teint et effacer les taches, tandis que le panth\u00e9nol hydrate et apaise pour \u00e9viter toute irritation.<\/strong><\/p>","protected":false},"excerpt":{"rendered":"<div class=\"Y3BBE\" data-sfc-cp=\"\" data-hveid=\"CAEIAhAA\" data-processed=\"true\" data-complete=\"true\"><strong class=\"Yjhzub\" data-complete=\"true\" data-processed=\"true\">Appliquez une noisette le soir sur les zones cibl\u00e9es. Important : le r\u00e9tinal sensibilisant la peau, utilisez imp\u00e9rativement une protection solaire chaque matin.<\/strong><\/div>","protected":false},"featured_media":41686,"comment_status":"open","ping_status":"closed","template":"","meta":[],"product_brand":[1015,1059],"product_cat":[344,348,353,370,379],"product_tag":[],"class_list":{"0":"post-37257","1":"product","2":"type-product","3":"status-publish","4":"has-post-thumbnail","6":"product_brand-populare","7":"product_brand-celimax-populare","8":"product_cat-skincare","9":"product_cat-soin-concentre","10":"product_cat-soins-des-yeux","11":"product_cat-cremes","12":"product_cat-creme-contour-des-yeux","14":"first","15":"outofstock","16":"sale","17":"shipping-taxable","18":"purchasable","19":"product-type-simple"},"_links":{"self":[{"href":"https:\/\/gangnambeaute.com\/ar\/wp-json\/wp\/v2\/product\/37257","targetHints":{"allow":["GET"]}}],"collection":[{"href":"https:\/\/gangnambeaute.com\/ar\/wp-json\/wp\/v2\/product"}],"about":[{"href":"https:\/\/gangnambeaute.com\/ar\/wp-json\/wp\/v2\/types\/product"}],"replies":[{"embeddable":true,"href":"https:\/\/gangnambeaute.com\/ar\/wp-json\/wp\/v2\/comments?post=37257"}],"version-history":[{"count":5,"href":"https:\/\/gangnambeaute.com\/ar\/wp-json\/wp\/v2\/product\/37257\/revisions"}],"predecessor-version":[{"id":42401,"href":"https:\/\/gangnambeaute.com\/ar\/wp-json\/wp\/v2\/product\/37257\/revisions\/42401"}],"wp:featuredmedia":[{"embeddable":true,"href":"https:\/\/gangnambeaute.com\/ar\/wp-json\/wp\/v2\/media\/41686"}],"wp:attachment":[{"href":"https:\/\/gangnambeaute.com\/ar\/wp-json\/wp\/v2\/media?parent=37257"}],"wp:term":[{"taxonomy":"product_brand","embeddable":true,"href":"https:\/\/gangnambeaute.com\/ar\/wp-json\/wp\/v2\/product_brand?post=37257"},{"taxonomy":"product_cat","embeddable":true,"href":"https:\/\/gangnambeaute.com\/ar\/wp-json\/wp\/v2\/product_cat?post=37257"},{"taxonomy":"product_tag","embeddable":true,"href":"https:\/\/gangnambeaute.com\/ar\/wp-json\/wp\/v2\/product_tag?post=37257"}],"curies":[{"name":"wp","href":"https:\/\/api.w.org\/{rel}","templated":true}]}}