{"id":37113,"date":"2025-12-22T12:36:14","date_gmt":"2025-12-22T12:36:14","guid":{"rendered":"https:\/\/gangnambeaute.com\/?post_type=product&#038;p=37113"},"modified":"2026-05-16T15:44:50","modified_gmt":"2026-05-16T15:44:50","slug":"medicube-pdrn-hydrating-gel-cleanser-gel-nettoyant-200ml","status":"publish","type":"product","link":"https:\/\/gangnambeaute.com\/ar\/product\/medicube-pdrn-hydrating-gel-cleanser-gel-nettoyant-200ml\/","title":{"rendered":"Medicube &#8211; PDRN Hydrating Gel Cleanser &#8211; Gel Nettoyant &#8211; 200ml"},"content":{"rendered":"<p>&nbsp;<\/p>\n<p>&nbsp;<\/p>\n<p><strong>Ce nettoyant au PDRN de saumon (99 %) et \u00e0 la niacinamide purifie les pores en \u00e9liminant 98,98 % des impuret\u00e9s tout en lissant le grain de peau. Enrichi en acide hyaluronique et c\u00e9ramides, il nettoie en profondeur sans dess\u00e9cher pour laisser un teint net, hydrat\u00e9 et \u00e9clatant d\u00e8s la premi\u00e8re utilisation.<\/strong><\/p>","protected":false},"excerpt":{"rendered":"<p><strong>En nettoyant quotidien profond, appliquez directement sur peau s\u00e8che et massez d\u00e9licatement, ajoutez un peu d\u2019eau pour cr\u00e9er une mousse riche et rincez abondamment \u00e0 l\u2019eau ti\u00e8de.<\/strong><\/p>","protected":false},"featured_media":42796,"comment_status":"open","ping_status":"closed","template":"","meta":[],"product_brand":[1015,1058],"product_cat":[344,346,360,435],"product_tag":[],"class_list":{"0":"post-37113","1":"product","2":"type-product","3":"status-publish","4":"has-post-thumbnail","6":"product_brand-populare","7":"product_brand-medicube-populare","8":"product_cat-skincare","9":"product_cat-nettoyants","10":"product_cat-gels-nettoyants","11":"product_cat-retour-en-stock","13":"first","14":"instock","15":"sale","16":"shipping-taxable","17":"purchasable","18":"product-type-simple"},"_links":{"self":[{"href":"https:\/\/gangnambeaute.com\/ar\/wp-json\/wp\/v2\/product\/37113","targetHints":{"allow":["GET"]}}],"collection":[{"href":"https:\/\/gangnambeaute.com\/ar\/wp-json\/wp\/v2\/product"}],"about":[{"href":"https:\/\/gangnambeaute.com\/ar\/wp-json\/wp\/v2\/types\/product"}],"replies":[{"embeddable":true,"href":"https:\/\/gangnambeaute.com\/ar\/wp-json\/wp\/v2\/comments?post=37113"}],"version-history":[{"count":4,"href":"https:\/\/gangnambeaute.com\/ar\/wp-json\/wp\/v2\/product\/37113\/revisions"}],"predecessor-version":[{"id":42794,"href":"https:\/\/gangnambeaute.com\/ar\/wp-json\/wp\/v2\/product\/37113\/revisions\/42794"}],"wp:featuredmedia":[{"embeddable":true,"href":"https:\/\/gangnambeaute.com\/ar\/wp-json\/wp\/v2\/media\/42796"}],"wp:attachment":[{"href":"https:\/\/gangnambeaute.com\/ar\/wp-json\/wp\/v2\/media?parent=37113"}],"wp:term":[{"taxonomy":"product_brand","embeddable":true,"href":"https:\/\/gangnambeaute.com\/ar\/wp-json\/wp\/v2\/product_brand?post=37113"},{"taxonomy":"product_cat","embeddable":true,"href":"https:\/\/gangnambeaute.com\/ar\/wp-json\/wp\/v2\/product_cat?post=37113"},{"taxonomy":"product_tag","embeddable":true,"href":"https:\/\/gangnambeaute.com\/ar\/wp-json\/wp\/v2\/product_tag?post=37113"}],"curies":[{"name":"wp","href":"https:\/\/api.w.org\/{rel}","templated":true}]}}