{"id":37045,"date":"2025-12-22T09:17:30","date_gmt":"2025-12-22T09:17:30","guid":{"rendered":"https:\/\/gangnambeaute.com\/?post_type=product&#038;p=37045"},"modified":"2026-05-03T13:11:17","modified_gmt":"2026-05-03T13:11:17","slug":"medicube-txa-niacinamide-15-serum-serum-visage-30-ml","status":"publish","type":"product","link":"https:\/\/gangnambeaute.com\/ar\/product\/medicube-txa-niacinamide-15-serum-serum-visage-30-ml\/","title":{"rendered":"Medicube &#8211; TXA Niacinamide 15 Serum &#8211; S\u00e9rum visage &#8211; 30 ml"},"content":{"rendered":"<p><strong>Ce s\u00e9rum au TXA (5 %) et \u00e0 la niacinamide (10 %) estompe les taches et unifie le teint tout en offrant 72 heures d&rsquo;\u00e9clat gr\u00e2ce \u00e0 l&rsquo;acide hyaluronique et au panth\u00e9nol. Sa formule hypoallerg\u00e9nique \u00e0 l&rsquo;arbutine am\u00e9liore la clart\u00e9 et la texture de la peau, tout en \u00e9tant parfaitement adapt\u00e9e aux peaux sensibles.<\/strong><\/p>","protected":false},"excerpt":{"rendered":"<p><strong>Appliquez quelques gouttes du s\u00e9rum au TXA sur votre visage propre matin et soir, puis massez d\u00e9licatement pour faire p\u00e9n\u00e9trer les actifs avant votre cr\u00e8me hydratante<\/strong><\/p>","protected":false},"featured_media":41584,"comment_status":"open","ping_status":"closed","template":"","meta":[],"product_brand":[1015,1058],"product_cat":[344,348,368],"product_tag":[666],"class_list":{"0":"post-37045","1":"product","2":"type-product","3":"status-publish","4":"has-post-thumbnail","6":"product_brand-populare","7":"product_brand-medicube-populare","8":"product_cat-skincare","9":"product_cat-soin-concentre","10":"product_cat-serums","11":"product_tag-coupcoeur","13":"first","14":"instock","15":"sale","16":"shipping-taxable","17":"purchasable","18":"product-type-simple"},"_links":{"self":[{"href":"https:\/\/gangnambeaute.com\/ar\/wp-json\/wp\/v2\/product\/37045","targetHints":{"allow":["GET"]}}],"collection":[{"href":"https:\/\/gangnambeaute.com\/ar\/wp-json\/wp\/v2\/product"}],"about":[{"href":"https:\/\/gangnambeaute.com\/ar\/wp-json\/wp\/v2\/types\/product"}],"replies":[{"embeddable":true,"href":"https:\/\/gangnambeaute.com\/ar\/wp-json\/wp\/v2\/comments?post=37045"}],"version-history":[{"count":3,"href":"https:\/\/gangnambeaute.com\/ar\/wp-json\/wp\/v2\/product\/37045\/revisions"}],"predecessor-version":[{"id":42816,"href":"https:\/\/gangnambeaute.com\/ar\/wp-json\/wp\/v2\/product\/37045\/revisions\/42816"}],"wp:featuredmedia":[{"embeddable":true,"href":"https:\/\/gangnambeaute.com\/ar\/wp-json\/wp\/v2\/media\/41584"}],"wp:attachment":[{"href":"https:\/\/gangnambeaute.com\/ar\/wp-json\/wp\/v2\/media?parent=37045"}],"wp:term":[{"taxonomy":"product_brand","embeddable":true,"href":"https:\/\/gangnambeaute.com\/ar\/wp-json\/wp\/v2\/product_brand?post=37045"},{"taxonomy":"product_cat","embeddable":true,"href":"https:\/\/gangnambeaute.com\/ar\/wp-json\/wp\/v2\/product_cat?post=37045"},{"taxonomy":"product_tag","embeddable":true,"href":"https:\/\/gangnambeaute.com\/ar\/wp-json\/wp\/v2\/product_tag?post=37045"}],"curies":[{"name":"wp","href":"https:\/\/api.w.org\/{rel}","templated":true}]}}