{"id":36982,"date":"2025-12-14T23:39:15","date_gmt":"2025-12-14T23:39:15","guid":{"rendered":"https:\/\/gangnambeaute.com\/?post_type=product&#038;p=36982"},"modified":"2026-04-11T02:54:17","modified_gmt":"2026-04-11T02:54:17","slug":"eqqualberry-vitamin-illuminating-cream-creme-50-ml","status":"publish","type":"product","link":"https:\/\/gangnambeaute.com\/ar\/product\/eqqualberry-vitamin-illuminating-cream-creme-50-ml\/","title":{"rendered":"EQQUALBERRY &#8211; Vitamin Illuminating Cream &#8211; Cr\u00e8me &#8211; 50 ml"},"content":{"rendered":"<p><strong>Cette cr\u00e8me sert \u00e0 hydrater la peau tout en ravivant son \u00e9clat naturel gr\u00e2ce \u00e0 son complexe de vitamines illuminatrices.<\/strong><\/p>","protected":false},"excerpt":{"rendered":"<div class=\"Y3BBE\" data-sfc-cp=\"\" data-sfc-cb=\"\" data-hveid=\"CAEIAhAA\" data-complete=\"true\" data-processed=\"true\"><strong>Appliquez une noisette sur votre\u00a0visage propre \u00e0 la fin de votre routine et massez d\u00e9licatement jusqu&rsquo;\u00e0 absorption.<\/strong><\/div>","protected":false},"featured_media":43381,"comment_status":"open","ping_status":"closed","template":"","meta":[],"product_brand":[1015,1060],"product_cat":[344,348,370,429],"product_tag":[],"class_list":{"0":"post-36982","1":"product","2":"type-product","3":"status-publish","4":"has-post-thumbnail","6":"product_brand-populare","7":"product_brand-eqqualberry-populare","8":"product_cat-skincare","9":"product_cat-soin-concentre","10":"product_cat-cremes","11":"product_cat-soldes","13":"first","14":"outofstock","15":"sale","16":"shipping-taxable","17":"purchasable","18":"product-type-simple"},"_links":{"self":[{"href":"https:\/\/gangnambeaute.com\/ar\/wp-json\/wp\/v2\/product\/36982","targetHints":{"allow":["GET"]}}],"collection":[{"href":"https:\/\/gangnambeaute.com\/ar\/wp-json\/wp\/v2\/product"}],"about":[{"href":"https:\/\/gangnambeaute.com\/ar\/wp-json\/wp\/v2\/types\/product"}],"replies":[{"embeddable":true,"href":"https:\/\/gangnambeaute.com\/ar\/wp-json\/wp\/v2\/comments?post=36982"}],"version-history":[{"count":3,"href":"https:\/\/gangnambeaute.com\/ar\/wp-json\/wp\/v2\/product\/36982\/revisions"}],"predecessor-version":[{"id":43380,"href":"https:\/\/gangnambeaute.com\/ar\/wp-json\/wp\/v2\/product\/36982\/revisions\/43380"}],"wp:featuredmedia":[{"embeddable":true,"href":"https:\/\/gangnambeaute.com\/ar\/wp-json\/wp\/v2\/media\/43381"}],"wp:attachment":[{"href":"https:\/\/gangnambeaute.com\/ar\/wp-json\/wp\/v2\/media?parent=36982"}],"wp:term":[{"taxonomy":"product_brand","embeddable":true,"href":"https:\/\/gangnambeaute.com\/ar\/wp-json\/wp\/v2\/product_brand?post=36982"},{"taxonomy":"product_cat","embeddable":true,"href":"https:\/\/gangnambeaute.com\/ar\/wp-json\/wp\/v2\/product_cat?post=36982"},{"taxonomy":"product_tag","embeddable":true,"href":"https:\/\/gangnambeaute.com\/ar\/wp-json\/wp\/v2\/product_tag?post=36982"}],"curies":[{"name":"wp","href":"https:\/\/api.w.org\/{rel}","templated":true}]}}