{"id":36910,"date":"2025-12-07T23:42:05","date_gmt":"2025-12-07T23:42:05","guid":{"rendered":"https:\/\/gangnambeaute.com\/?post_type=product&#038;p=36910"},"modified":"2026-05-03T13:13:59","modified_gmt":"2026-05-03T13:13:59","slug":"medicube-deep-vita-c-pad-disques-eclaircissant-70-disques","status":"publish","type":"product","link":"https:\/\/gangnambeaute.com\/ar\/product\/medicube-deep-vita-c-pad-disques-eclaircissant-70-disques\/","title":{"rendered":"Medicube &#8211; Deep Vita C Pad &#8211; Disques \u00e9claircissant &#8211; 70 disques"},"content":{"rendered":"<p><strong>Ces disques v\u00e9ganes aux vitamines concentr\u00e9es exfolient les cellules mortes et le s\u00e9bum pour r\u00e9v\u00e9ler une peau plus lumineuse et lisse. Leur double texture permet d&rsquo;att\u00e9nuer les taches brunes tout en hydratant intens\u00e9ment, offrant un soin \u00e9claircissant doux adapt\u00e9 aux peaux sensibles<\/strong><\/p>","protected":false},"excerpt":{"rendered":"<div class=\"Y3BBE\" data-sfc-cp=\"\" data-hveid=\"CAEIARAA\" data-complete=\"true\" data-processed=\"true\"><strong>Passez d\u00e9licatement le\u00a0c\u00f4t\u00e9 textur\u00e9\u00a0sur votre visage propre pour exfolier les cellules mortes, puis utilisez le\u00a0c\u00f4t\u00e9 lisse\u00a0pour hydrater et faire p\u00e9n\u00e9trer les vitamines.<button class=\"rBl3me\" tabindex=\"0\" data-amic=\"true\" data-icl-uuid=\"4825dec2-7b71-418c-93c0-208d0ceb190f\" aria-label=\"Afficher les liens associ\u00e9s\" data-wiz-attrbind=\"disabled=QRSPob_d\/C5gNJc;aria-label=QRSPob_d\/bOjMyf;class=QRSPob_d\/UpSNec\" data-ved=\"2ahUKEwjloc6-w_ySAxVlcaQEHXbrOWYQye0OegYIAQgBEAE\" data-hveid=\"CAEIARAB\"><\/button><\/strong><\/div>","protected":false},"featured_media":42830,"comment_status":"open","ping_status":"closed","template":"","meta":[],"product_brand":[1015,1058],"product_cat":[344,347,349,351,363,364,366,375,432],"product_tag":[],"class_list":{"0":"post-36910","1":"product","2":"type-product","3":"status-publish","4":"has-post-thumbnail","6":"product_brand-populare","7":"product_brand-medicube-populare","8":"product_cat-skincare","9":"product_cat-toniques","10":"product_cat-vitamine-c","11":"product_cat-pads","12":"product_cat-toniques-exfoliants","13":"product_cat-toniques-calmants","14":"product_cat-toniques-hydratants-toniques","15":"product_cat-toner-pads","16":"product_cat-meilleurs-ventes","18":"first","19":"instock","20":"sale","21":"shipping-taxable","22":"purchasable","23":"product-type-simple"},"_links":{"self":[{"href":"https:\/\/gangnambeaute.com\/ar\/wp-json\/wp\/v2\/product\/36910","targetHints":{"allow":["GET"]}}],"collection":[{"href":"https:\/\/gangnambeaute.com\/ar\/wp-json\/wp\/v2\/product"}],"about":[{"href":"https:\/\/gangnambeaute.com\/ar\/wp-json\/wp\/v2\/types\/product"}],"replies":[{"embeddable":true,"href":"https:\/\/gangnambeaute.com\/ar\/wp-json\/wp\/v2\/comments?post=36910"}],"version-history":[{"count":3,"href":"https:\/\/gangnambeaute.com\/ar\/wp-json\/wp\/v2\/product\/36910\/revisions"}],"predecessor-version":[{"id":42831,"href":"https:\/\/gangnambeaute.com\/ar\/wp-json\/wp\/v2\/product\/36910\/revisions\/42831"}],"wp:featuredmedia":[{"embeddable":true,"href":"https:\/\/gangnambeaute.com\/ar\/wp-json\/wp\/v2\/media\/42830"}],"wp:attachment":[{"href":"https:\/\/gangnambeaute.com\/ar\/wp-json\/wp\/v2\/media?parent=36910"}],"wp:term":[{"taxonomy":"product_brand","embeddable":true,"href":"https:\/\/gangnambeaute.com\/ar\/wp-json\/wp\/v2\/product_brand?post=36910"},{"taxonomy":"product_cat","embeddable":true,"href":"https:\/\/gangnambeaute.com\/ar\/wp-json\/wp\/v2\/product_cat?post=36910"},{"taxonomy":"product_tag","embeddable":true,"href":"https:\/\/gangnambeaute.com\/ar\/wp-json\/wp\/v2\/product_tag?post=36910"}],"curies":[{"name":"wp","href":"https:\/\/api.w.org\/{rel}","templated":true}]}}