{"id":36584,"date":"2025-10-21T08:48:35","date_gmt":"2025-10-21T08:48:35","guid":{"rendered":"https:\/\/gangnambeaute.com\/?post_type=product&#038;p=36584"},"modified":"2026-04-11T02:54:06","modified_gmt":"2026-04-11T02:54:06","slug":"eqqualberry-bakuchiol-plumping-capsule-cream-creme-50ml","status":"publish","type":"product","link":"https:\/\/gangnambeaute.com\/ar\/product\/eqqualberry-bakuchiol-plumping-capsule-cream-creme-50ml\/","title":{"rendered":"EQQUALBERRY &#8211; Bakuchiol Plumping Capsule Cream &#8211; Cr\u00e8me \u2013 50ml"},"content":{"rendered":"<p><strong>Cette cr\u00e8me sert \u00e0 raffermir la peau et \u00e0 lisser les ridules gr\u00e2ce \u00e0 ses capsules actives de bakuchiol.<\/strong><\/p>","protected":false},"excerpt":{"rendered":"<div class=\"Y3BBE\" data-sfc-cp=\"\" data-sfc-cb=\"\" data-hveid=\"CAEIAhAA\" data-processed=\"true\" data-complete=\"true\"><strong>Appliquez une noisette sur votre\u00a0visage propre et massez d\u00e9licatement jusqu&rsquo;\u00e0 ce que les capsules fondent.<\/strong><\/div>","protected":false},"featured_media":43395,"comment_status":"open","ping_status":"closed","template":"","meta":[],"product_brand":[1015,1060],"product_cat":[344,348,370,432,434],"product_tag":[],"class_list":{"0":"post-36584","1":"product","2":"type-product","3":"status-publish","4":"has-post-thumbnail","6":"product_brand-populare","7":"product_brand-eqqualberry-populare","8":"product_cat-skincare","9":"product_cat-soin-concentre","10":"product_cat-cremes","11":"product_cat-meilleurs-ventes","12":"product_cat-nouveautes","14":"first","15":"instock","16":"sale","17":"shipping-taxable","18":"purchasable","19":"product-type-simple"},"_links":{"self":[{"href":"https:\/\/gangnambeaute.com\/ar\/wp-json\/wp\/v2\/product\/36584","targetHints":{"allow":["GET"]}}],"collection":[{"href":"https:\/\/gangnambeaute.com\/ar\/wp-json\/wp\/v2\/product"}],"about":[{"href":"https:\/\/gangnambeaute.com\/ar\/wp-json\/wp\/v2\/types\/product"}],"replies":[{"embeddable":true,"href":"https:\/\/gangnambeaute.com\/ar\/wp-json\/wp\/v2\/comments?post=36584"}],"version-history":[{"count":5,"href":"https:\/\/gangnambeaute.com\/ar\/wp-json\/wp\/v2\/product\/36584\/revisions"}],"predecessor-version":[{"id":43394,"href":"https:\/\/gangnambeaute.com\/ar\/wp-json\/wp\/v2\/product\/36584\/revisions\/43394"}],"wp:featuredmedia":[{"embeddable":true,"href":"https:\/\/gangnambeaute.com\/ar\/wp-json\/wp\/v2\/media\/43395"}],"wp:attachment":[{"href":"https:\/\/gangnambeaute.com\/ar\/wp-json\/wp\/v2\/media?parent=36584"}],"wp:term":[{"taxonomy":"product_brand","embeddable":true,"href":"https:\/\/gangnambeaute.com\/ar\/wp-json\/wp\/v2\/product_brand?post=36584"},{"taxonomy":"product_cat","embeddable":true,"href":"https:\/\/gangnambeaute.com\/ar\/wp-json\/wp\/v2\/product_cat?post=36584"},{"taxonomy":"product_tag","embeddable":true,"href":"https:\/\/gangnambeaute.com\/ar\/wp-json\/wp\/v2\/product_tag?post=36584"}],"curies":[{"name":"wp","href":"https:\/\/api.w.org\/{rel}","templated":true}]}}