{"id":36474,"date":"2025-09-28T14:47:47","date_gmt":"2025-09-28T14:47:47","guid":{"rendered":"https:\/\/gangnambeaute.com\/?post_type=product&#038;p=36474"},"modified":"2026-04-29T08:17:42","modified_gmt":"2026-04-29T08:17:42","slug":"beauty-of-joseon-relief-sun-aqua-fresh-pack-de-2-exclusive-kit-ecran-solaire","status":"publish","type":"product","link":"https:\/\/gangnambeaute.com\/ar\/product\/beauty-of-joseon-relief-sun-aqua-fresh-pack-de-2-exclusive-kit-ecran-solaire\/","title":{"rendered":"Beauty of Joseon &#8211; Relief Sun Aqua-fresh Pack de 2 &#8211; Exclusive kit &#8211; Ecran solaire"},"content":{"rendered":"<p><strong>Cette protection solaire\u00a0SPF 50+ PA++++\u00a0hydrate et apaise la peau gr\u00e2ce au\u00a0panth\u00e9nol\u00a0et \u00e0 l&rsquo;eau de riz\u00a0sans laisser de traces blanches. Sa texture fluide et l\u00e9g\u00e8re nourrit en douceur tout en prot\u00e9geant efficacement les peaux mixtes \u00e0 grasses des rayons UV.<\/strong><\/p>\n<p>&nbsp;<\/p>","protected":false},"excerpt":{"rendered":"<p><strong>Comme derni\u00e8re \u00e9tape de votre routine de soins de la peau, appliquez une quantit\u00e9 mod\u00e9r\u00e9e sur votre peau uniform\u00e9ment et r\u00e9appliquez toutes les 3 \u00e0 5 heures.<\/strong><\/p>","protected":false},"featured_media":44449,"comment_status":"open","ping_status":"closed","template":"","meta":[],"product_brand":[1063],"product_cat":[344,352,376,430,436,438],"product_tag":[],"class_list":{"0":"post-36474","1":"product","2":"type-product","3":"status-publish","4":"has-post-thumbnail","6":"product_brand-beauty-of-joseon","7":"product_cat-skincare","8":"product_cat-soins-solaires","9":"product_cat-ecrans","10":"product_cat-promotions","11":"product_cat-kits-coffrets","12":"product_cat-selection-dexperts-de-gangnam","14":"first","15":"instock","16":"sale","17":"shipping-taxable","18":"purchasable","19":"product-type-simple"},"_links":{"self":[{"href":"https:\/\/gangnambeaute.com\/ar\/wp-json\/wp\/v2\/product\/36474","targetHints":{"allow":["GET"]}}],"collection":[{"href":"https:\/\/gangnambeaute.com\/ar\/wp-json\/wp\/v2\/product"}],"about":[{"href":"https:\/\/gangnambeaute.com\/ar\/wp-json\/wp\/v2\/types\/product"}],"replies":[{"embeddable":true,"href":"https:\/\/gangnambeaute.com\/ar\/wp-json\/wp\/v2\/comments?post=36474"}],"version-history":[{"count":2,"href":"https:\/\/gangnambeaute.com\/ar\/wp-json\/wp\/v2\/product\/36474\/revisions"}],"predecessor-version":[{"id":42537,"href":"https:\/\/gangnambeaute.com\/ar\/wp-json\/wp\/v2\/product\/36474\/revisions\/42537"}],"wp:featuredmedia":[{"embeddable":true,"href":"https:\/\/gangnambeaute.com\/ar\/wp-json\/wp\/v2\/media\/44449"}],"wp:attachment":[{"href":"https:\/\/gangnambeaute.com\/ar\/wp-json\/wp\/v2\/media?parent=36474"}],"wp:term":[{"taxonomy":"product_brand","embeddable":true,"href":"https:\/\/gangnambeaute.com\/ar\/wp-json\/wp\/v2\/product_brand?post=36474"},{"taxonomy":"product_cat","embeddable":true,"href":"https:\/\/gangnambeaute.com\/ar\/wp-json\/wp\/v2\/product_cat?post=36474"},{"taxonomy":"product_tag","embeddable":true,"href":"https:\/\/gangnambeaute.com\/ar\/wp-json\/wp\/v2\/product_tag?post=36474"}],"curies":[{"name":"wp","href":"https:\/\/api.w.org\/{rel}","templated":true}]}}