{"id":36355,"date":"2025-09-18T15:31:41","date_gmt":"2025-09-18T15:31:41","guid":{"rendered":"https:\/\/gangnambeaute.com\/?post_type=product&#038;p=36355"},"modified":"2026-05-03T12:57:50","modified_gmt":"2026-05-03T12:57:50","slug":"celimax-retinol-shot-tightening-booster-30-ml","status":"publish","type":"product","link":"https:\/\/gangnambeaute.com\/ar\/product\/celimax-retinol-shot-tightening-booster-30-ml\/","title":{"rendered":"CELIMAX &#8211; RETINOL SHOT TIGHTENING BOOSTER &#8211; 30 ML"},"content":{"rendered":"<p>&nbsp;<\/p>\n<div class=\"Y3BBE\" data-sfc-cp=\"\" data-hveid=\"CAEIARAA\" data-processed=\"true\" data-complete=\"true\"><strong>Ce s\u00e9rum anti-\u00e2ge au\u00a0r\u00e9tinol (0,1 %)\u00a0et aux\u00a09 peptides\u00a0raffermit la peau et r\u00e9duit les rides gr\u00e2ce \u00e0 la technologie\u00a0A-Shot\u2122\u00a0qui booste l&rsquo;absorption. Sa formule hydratante au\u00a0panth\u00e9nol\u00a0et \u00e0 la\u00a0vitamine E p\u00e9n\u00e8tre rapidement avec un fini frais, sans laisser de film gras.<\/strong><\/div>\n<p>&nbsp;<\/p>","protected":false},"excerpt":{"rendered":"<p><strong>Appliquez une quantit\u00e9 mod\u00e9r\u00e9e de produit uniform\u00e9ment sur le visage lors de la routine de soin du soir et tapotez l\u00e9g\u00e8rement pour une meilleure absorption.<\/strong><\/p>","protected":false},"featured_media":41421,"comment_status":"open","ping_status":"closed","template":"","meta":[],"product_brand":[1015,1059],"product_cat":[344,348,353,368,370,379,432],"product_tag":[],"class_list":{"0":"post-36355","1":"product","2":"type-product","3":"status-publish","4":"has-post-thumbnail","6":"product_brand-populare","7":"product_brand-celimax-populare","8":"product_cat-skincare","9":"product_cat-soin-concentre","10":"product_cat-soins-des-yeux","11":"product_cat-serums","12":"product_cat-cremes","13":"product_cat-creme-contour-des-yeux","14":"product_cat-meilleurs-ventes","16":"first","17":"instock","18":"sale","19":"shipping-taxable","20":"purchasable","21":"product-type-simple"},"_links":{"self":[{"href":"https:\/\/gangnambeaute.com\/ar\/wp-json\/wp\/v2\/product\/36355","targetHints":{"allow":["GET"]}}],"collection":[{"href":"https:\/\/gangnambeaute.com\/ar\/wp-json\/wp\/v2\/product"}],"about":[{"href":"https:\/\/gangnambeaute.com\/ar\/wp-json\/wp\/v2\/types\/product"}],"replies":[{"embeddable":true,"href":"https:\/\/gangnambeaute.com\/ar\/wp-json\/wp\/v2\/comments?post=36355"}],"version-history":[{"count":5,"href":"https:\/\/gangnambeaute.com\/ar\/wp-json\/wp\/v2\/product\/36355\/revisions"}],"predecessor-version":[{"id":42553,"href":"https:\/\/gangnambeaute.com\/ar\/wp-json\/wp\/v2\/product\/36355\/revisions\/42553"}],"wp:featuredmedia":[{"embeddable":true,"href":"https:\/\/gangnambeaute.com\/ar\/wp-json\/wp\/v2\/media\/41421"}],"wp:attachment":[{"href":"https:\/\/gangnambeaute.com\/ar\/wp-json\/wp\/v2\/media?parent=36355"}],"wp:term":[{"taxonomy":"product_brand","embeddable":true,"href":"https:\/\/gangnambeaute.com\/ar\/wp-json\/wp\/v2\/product_brand?post=36355"},{"taxonomy":"product_cat","embeddable":true,"href":"https:\/\/gangnambeaute.com\/ar\/wp-json\/wp\/v2\/product_cat?post=36355"},{"taxonomy":"product_tag","embeddable":true,"href":"https:\/\/gangnambeaute.com\/ar\/wp-json\/wp\/v2\/product_tag?post=36355"}],"curies":[{"name":"wp","href":"https:\/\/api.w.org\/{rel}","templated":true}]}}