{"id":36348,"date":"2025-09-18T15:12:46","date_gmt":"2025-09-18T15:12:46","guid":{"rendered":"https:\/\/gangnambeaute.com\/?post_type=product&#038;p=36348"},"modified":"2026-05-16T13:41:56","modified_gmt":"2026-05-16T13:41:56","slug":"celimax-retinol-shot-tightening-booster-15-ml","status":"publish","type":"product","link":"https:\/\/gangnambeaute.com\/ar\/product\/celimax-retinol-shot-tightening-booster-15-ml\/","title":{"rendered":"CELIMAX- THE VITA-A RETINAL SHOT TIGHTENING BOOSTER &#8211; 15 ML"},"content":{"rendered":"<p><strong>Ce booster au r\u00e9tinal resserre intens\u00e9ment les pores et raffermit la peau tout en am\u00e9liorant sa texture et son \u00e9clat.<\/strong><\/p>","protected":false},"excerpt":{"rendered":"<div class=\"Y3BBE\" data-sfc-cp=\"\" data-sfc-cb=\"\" data-hveid=\"CAEIAhAA\" data-processed=\"true\" data-complete=\"true\">\n<div class=\"Y3BBE\" data-sfc-cp=\"\" data-sfc-cb=\"\" data-hveid=\"CAEIAhAA\" data-processed=\"true\" data-complete=\"true\"><strong>Appliquez une petite quantit\u00e9 le soir sur les zones cibl\u00e9es avant votre cr\u00e8me, en commen\u00e7ant\u00a0deux \u00e0 trois fois par semaine.<span class=\"uJ19be notranslate\" data-wiz-uids=\"IXPdMc_j,IXPdMc_k\" data-sfc-cb=\"\" data-complete=\"true\" data-processed=\"true\"><span class=\"vKEkVd\" data-animation-atomic=\"\" data-wiz-attrbind=\"class=IXPdMc_i\/TKHnVd\" data-sae=\"\"><span aria-hidden=\"true\">\u00a0<\/span><\/span><\/span><\/strong><\/div>\n<\/div>","protected":false},"featured_media":41418,"comment_status":"open","ping_status":"closed","template":"","meta":[],"product_brand":[1059,1015],"product_cat":[344,348,353,368,370,379,429],"product_tag":[666],"class_list":{"0":"post-36348","1":"product","2":"type-product","3":"status-publish","4":"has-post-thumbnail","6":"product_brand-celimax-populare","7":"product_brand-populare","8":"product_cat-skincare","9":"product_cat-soin-concentre","10":"product_cat-soins-des-yeux","11":"product_cat-serums","12":"product_cat-cremes","13":"product_cat-creme-contour-des-yeux","14":"product_cat-soldes","15":"product_tag-coupcoeur","17":"first","18":"instock","19":"sale","20":"shipping-taxable","21":"purchasable","22":"product-type-simple"},"_links":{"self":[{"href":"https:\/\/gangnambeaute.com\/ar\/wp-json\/wp\/v2\/product\/36348","targetHints":{"allow":["GET"]}}],"collection":[{"href":"https:\/\/gangnambeaute.com\/ar\/wp-json\/wp\/v2\/product"}],"about":[{"href":"https:\/\/gangnambeaute.com\/ar\/wp-json\/wp\/v2\/types\/product"}],"replies":[{"embeddable":true,"href":"https:\/\/gangnambeaute.com\/ar\/wp-json\/wp\/v2\/comments?post=36348"}],"version-history":[{"count":6,"href":"https:\/\/gangnambeaute.com\/ar\/wp-json\/wp\/v2\/product\/36348\/revisions"}],"predecessor-version":[{"id":43347,"href":"https:\/\/gangnambeaute.com\/ar\/wp-json\/wp\/v2\/product\/36348\/revisions\/43347"}],"wp:featuredmedia":[{"embeddable":true,"href":"https:\/\/gangnambeaute.com\/ar\/wp-json\/wp\/v2\/media\/41418"}],"wp:attachment":[{"href":"https:\/\/gangnambeaute.com\/ar\/wp-json\/wp\/v2\/media?parent=36348"}],"wp:term":[{"taxonomy":"product_brand","embeddable":true,"href":"https:\/\/gangnambeaute.com\/ar\/wp-json\/wp\/v2\/product_brand?post=36348"},{"taxonomy":"product_cat","embeddable":true,"href":"https:\/\/gangnambeaute.com\/ar\/wp-json\/wp\/v2\/product_cat?post=36348"},{"taxonomy":"product_tag","embeddable":true,"href":"https:\/\/gangnambeaute.com\/ar\/wp-json\/wp\/v2\/product_tag?post=36348"}],"curies":[{"name":"wp","href":"https:\/\/api.w.org\/{rel}","templated":true}]}}