{"id":36064,"date":"2025-07-23T16:33:27","date_gmt":"2025-07-23T16:33:27","guid":{"rendered":"https:\/\/gangnambeaute.com\/?post_type=product&#038;p=36064"},"modified":"2026-04-11T02:54:07","modified_gmt":"2026-04-11T02:54:07","slug":"kaine-glow-melting-lip-balm-baume-a-levres-3-couleurs","status":"publish","type":"product","link":"https:\/\/gangnambeaute.com\/ar\/product\/kaine-glow-melting-lip-balm-baume-a-levres-3-couleurs\/","title":{"rendered":"KAINE &#8211; Glow Melting Lip Balm &#8211; Baume \u00e0 L\u00e8vres &#8211; 3 Couleurs"},"content":{"rendered":"<p><strong>Ce baume sert \u00e0\u00a0nourrir intens\u00e9ment les l\u00e8vres tout en leur apportant une brillance \u00ab\u00a0fondante\u00a0\u00bb et une couleur d\u00e9licate gr\u00e2ce aux huiles v\u00e9g\u00e9tales.<\/strong><\/p>","protected":false},"excerpt":{"rendered":"<div class=\"Y3BBE\" data-sfc-cp=\"\" data-sfc-cb=\"\" data-hveid=\"CAEIAhAA\" data-complete=\"true\" data-processed=\"true\"><strong>Appliquez directement sur vos\u00a0l\u00e8vres propres\u00a0pour un effet hydratant imm\u00e9diat et un \u00e9clat naturel.<span class=\"uJ19be notranslate\" data-wiz-uids=\"Q6bxob_j,Q6bxob_k\" data-sfc-cb=\"\" data-complete=\"true\" data-processed=\"true\"><span class=\"vKEkVd\" data-animation-atomic=\"\" data-wiz-attrbind=\"class=Q6bxob_i\/TKHnVd\" data-sae=\"\"><span aria-hidden=\"true\">\u00a0<\/span><\/span><\/span><\/strong><\/div>","protected":false},"featured_media":39486,"comment_status":"open","ping_status":"closed","template":"","meta":[],"product_brand":[1028],"product_cat":[388,391,405,406,407,410],"product_tag":[],"class_list":{"0":"post-36064","1":"product","2":"type-product","3":"status-publish","4":"has-post-thumbnail","6":"product_brand-kaine","7":"product_cat-maquillage","8":"product_cat-levres","9":"product_cat-baume-teinte-pour-les-levres","10":"product_cat-rouges-a-levres","11":"product_cat-gloss","12":"product_cat-baume-a-levres","14":"first","15":"instock","16":"sale","17":"shipping-taxable","18":"purchasable","19":"product-type-variable"},"_links":{"self":[{"href":"https:\/\/gangnambeaute.com\/ar\/wp-json\/wp\/v2\/product\/36064","targetHints":{"allow":["GET"]}}],"collection":[{"href":"https:\/\/gangnambeaute.com\/ar\/wp-json\/wp\/v2\/product"}],"about":[{"href":"https:\/\/gangnambeaute.com\/ar\/wp-json\/wp\/v2\/types\/product"}],"replies":[{"embeddable":true,"href":"https:\/\/gangnambeaute.com\/ar\/wp-json\/wp\/v2\/comments?post=36064"}],"version-history":[{"count":5,"href":"https:\/\/gangnambeaute.com\/ar\/wp-json\/wp\/v2\/product\/36064\/revisions"}],"predecessor-version":[{"id":43815,"href":"https:\/\/gangnambeaute.com\/ar\/wp-json\/wp\/v2\/product\/36064\/revisions\/43815"}],"wp:featuredmedia":[{"embeddable":true,"href":"https:\/\/gangnambeaute.com\/ar\/wp-json\/wp\/v2\/media\/39486"}],"wp:attachment":[{"href":"https:\/\/gangnambeaute.com\/ar\/wp-json\/wp\/v2\/media?parent=36064"}],"wp:term":[{"taxonomy":"product_brand","embeddable":true,"href":"https:\/\/gangnambeaute.com\/ar\/wp-json\/wp\/v2\/product_brand?post=36064"},{"taxonomy":"product_cat","embeddable":true,"href":"https:\/\/gangnambeaute.com\/ar\/wp-json\/wp\/v2\/product_cat?post=36064"},{"taxonomy":"product_tag","embeddable":true,"href":"https:\/\/gangnambeaute.com\/ar\/wp-json\/wp\/v2\/product_tag?post=36064"}],"curies":[{"name":"wp","href":"https:\/\/api.w.org\/{rel}","templated":true}]}}