{"id":35402,"date":"2025-07-03T09:53:35","date_gmt":"2025-07-03T09:53:35","guid":{"rendered":"https:\/\/gangnambeaute.com\/?post_type=product&#038;p=35402"},"modified":"2026-04-11T02:53:49","modified_gmt":"2026-04-11T02:53:49","slug":"beauty-of-joseon-dynasty-cream-100-g","status":"publish","type":"product","link":"https:\/\/gangnambeaute.com\/ar\/product\/beauty-of-joseon-dynasty-cream-100-g\/","title":{"rendered":"Beauty of Joseon &#8211; Dynasty Cream &#8211; 100 g"},"content":{"rendered":"<p><strong>Cette cr\u00e8me culte au riz et ginseng hydrate intens\u00e9ment et raffermit la peau pour un fini \u00e9clatant et velout\u00e9.<\/strong><\/p>","protected":false},"excerpt":{"rendered":"<p><strong>\u00a0Appliquez une noisette sur votre\u00a0visage propre\u00a0matin et soir en massant doucement jusqu&rsquo;\u00e0 absorption.<\/strong><\/p>","protected":false},"featured_media":43026,"comment_status":"open","ping_status":"closed","template":"","meta":[],"product_brand":[1063],"product_cat":[344,348,370],"product_tag":[],"class_list":{"0":"post-35402","1":"product","2":"type-product","3":"status-publish","4":"has-post-thumbnail","6":"product_brand-beauty-of-joseon","7":"product_cat-skincare","8":"product_cat-soin-concentre","9":"product_cat-cremes","11":"first","12":"outofstock","13":"sale","14":"shipping-taxable","15":"purchasable","16":"product-type-simple"},"_links":{"self":[{"href":"https:\/\/gangnambeaute.com\/ar\/wp-json\/wp\/v2\/product\/35402","targetHints":{"allow":["GET"]}}],"collection":[{"href":"https:\/\/gangnambeaute.com\/ar\/wp-json\/wp\/v2\/product"}],"about":[{"href":"https:\/\/gangnambeaute.com\/ar\/wp-json\/wp\/v2\/types\/product"}],"replies":[{"embeddable":true,"href":"https:\/\/gangnambeaute.com\/ar\/wp-json\/wp\/v2\/comments?post=35402"}],"version-history":[{"count":3,"href":"https:\/\/gangnambeaute.com\/ar\/wp-json\/wp\/v2\/product\/35402\/revisions"}],"predecessor-version":[{"id":43024,"href":"https:\/\/gangnambeaute.com\/ar\/wp-json\/wp\/v2\/product\/35402\/revisions\/43024"}],"wp:featuredmedia":[{"embeddable":true,"href":"https:\/\/gangnambeaute.com\/ar\/wp-json\/wp\/v2\/media\/43026"}],"wp:attachment":[{"href":"https:\/\/gangnambeaute.com\/ar\/wp-json\/wp\/v2\/media?parent=35402"}],"wp:term":[{"taxonomy":"product_brand","embeddable":true,"href":"https:\/\/gangnambeaute.com\/ar\/wp-json\/wp\/v2\/product_brand?post=35402"},{"taxonomy":"product_cat","embeddable":true,"href":"https:\/\/gangnambeaute.com\/ar\/wp-json\/wp\/v2\/product_cat?post=35402"},{"taxonomy":"product_tag","embeddable":true,"href":"https:\/\/gangnambeaute.com\/ar\/wp-json\/wp\/v2\/product_tag?post=35402"}],"curies":[{"name":"wp","href":"https:\/\/api.w.org\/{rel}","templated":true}]}}