{"id":34889,"date":"2025-06-26T16:48:24","date_gmt":"2025-06-26T16:48:24","guid":{"rendered":"https:\/\/gangnambeaute.com\/?post_type=product&#038;p=34889"},"modified":"2026-04-11T10:43:45","modified_gmt":"2026-04-11T10:43:45","slug":"et-dear-darling-marker-tint","status":"publish","type":"product","link":"https:\/\/gangnambeaute.com\/ar\/product\/et-dear-darling-marker-tint\/","title":{"rendered":"ETUDE &#8211; Dear Darling Marker Tint &#8211; 6 couleurs"},"content":{"rendered":"<p><strong>Ce feutre \u00e0 l\u00e8vres sert \u00e0\u00a0colorer durablement vos l\u00e8vres avec un fini naturel et l\u00e9ger qui ne transf\u00e8re pas, gr\u00e2ce \u00e0 sa pointe pr\u00e9cise.<\/strong><\/p>","protected":false},"excerpt":{"rendered":"<div class=\"Y3BBE\" data-sfc-cp=\"\" data-sfc-cb=\"\" data-hveid=\"CAEIAhAA\" data-complete=\"true\" data-processed=\"true\"><strong>Appliquez le feutre sur vos\u00a0l\u00e8vres propres et s\u00e8ches, en partant du centre vers l&rsquo;ext\u00e9rieur pour un effet d\u00e9grad\u00e9 ou uniforme.<span class=\"uJ19be notranslate\" data-wiz-uids=\"hzbHkd_j,hzbHkd_k\" data-sfc-cb=\"\" data-complete=\"true\" data-processed=\"true\"><span class=\"vKEkVd\" data-animation-atomic=\"\" data-wiz-attrbind=\"class=hzbHkd_i\/TKHnVd\" data-sae=\"\"><span aria-hidden=\"true\">\u00a0<\/span><\/span><\/span><\/strong><\/div>","protected":false},"featured_media":39409,"comment_status":"open","ping_status":"closed","template":"","meta":[],"product_brand":[1052],"product_cat":[118,388,391,408],"product_tag":[],"class_list":{"0":"post-34889","1":"product","2":"type-product","3":"status-publish","4":"has-post-thumbnail","6":"product_brand-etude-populare","7":"product_cat-default","8":"product_cat-maquillage","9":"product_cat-levres","10":"product_cat-crayon-a-levres","12":"first","13":"instock","14":"sale","15":"shipping-taxable","16":"purchasable","17":"product-type-variable"},"_links":{"self":[{"href":"https:\/\/gangnambeaute.com\/ar\/wp-json\/wp\/v2\/product\/34889","targetHints":{"allow":["GET"]}}],"collection":[{"href":"https:\/\/gangnambeaute.com\/ar\/wp-json\/wp\/v2\/product"}],"about":[{"href":"https:\/\/gangnambeaute.com\/ar\/wp-json\/wp\/v2\/types\/product"}],"replies":[{"embeddable":true,"href":"https:\/\/gangnambeaute.com\/ar\/wp-json\/wp\/v2\/comments?post=34889"}],"version-history":[{"count":6,"href":"https:\/\/gangnambeaute.com\/ar\/wp-json\/wp\/v2\/product\/34889\/revisions"}],"predecessor-version":[{"id":43751,"href":"https:\/\/gangnambeaute.com\/ar\/wp-json\/wp\/v2\/product\/34889\/revisions\/43751"}],"wp:featuredmedia":[{"embeddable":true,"href":"https:\/\/gangnambeaute.com\/ar\/wp-json\/wp\/v2\/media\/39409"}],"wp:attachment":[{"href":"https:\/\/gangnambeaute.com\/ar\/wp-json\/wp\/v2\/media?parent=34889"}],"wp:term":[{"taxonomy":"product_brand","embeddable":true,"href":"https:\/\/gangnambeaute.com\/ar\/wp-json\/wp\/v2\/product_brand?post=34889"},{"taxonomy":"product_cat","embeddable":true,"href":"https:\/\/gangnambeaute.com\/ar\/wp-json\/wp\/v2\/product_cat?post=34889"},{"taxonomy":"product_tag","embeddable":true,"href":"https:\/\/gangnambeaute.com\/ar\/wp-json\/wp\/v2\/product_tag?post=34889"}],"curies":[{"name":"wp","href":"https:\/\/api.w.org\/{rel}","templated":true}]}}