{"id":34883,"date":"2025-06-26T16:41:23","date_gmt":"2025-06-26T16:41:23","guid":{"rendered":"https:\/\/gangnambeaute.com\/?post_type=product&#038;p=34883"},"modified":"2026-04-11T02:53:48","modified_gmt":"2026-04-11T02:53:48","slug":"mediheal-dermaplus-heartleaf-mask","status":"publish","type":"product","link":"https:\/\/gangnambeaute.com\/ar\/product\/mediheal-dermaplus-heartleaf-mask\/","title":{"rendered":"MEDIHEAL &#8211; DERMAPLUS HEARTLEAF MASK 1 EA \u2013 22ml"},"content":{"rendered":"<div class=\"Y3BBE\" data-sfc-cp=\"\" data-sfc-cb=\"\" data-hveid=\"CAEIARAA\" data-complete=\"true\" data-processed=\"true\"><strong>Ce masque sert \u00e0\u00a0apaiser les irritations et \u00e0 calmer les peaux sensibles gr\u00e2ce \u00e0 l&rsquo;extrait de Heartleaf (Houttuynia Cordata) et au mad\u00e9cassoside.<\/strong><\/div>","protected":false},"excerpt":{"rendered":"<div class=\"Y3BBE\" data-sfc-cp=\"\" data-sfc-cb=\"\" data-hveid=\"CAEIAhAA\" data-complete=\"true\" data-processed=\"true\"><strong>Appliquez le masque sur votre\u00a0visage propre, laissez agir 10 \u00e0 20 minutes, puis tapotez l&rsquo;exc\u00e9dent de s\u00e9rum pour parfaire l&rsquo;absorption.<\/strong><\/div>","protected":false},"featured_media":41403,"comment_status":"open","ping_status":"closed","template":"","meta":[],"product_brand":[1057],"product_cat":[344,355,384],"product_tag":[],"class_list":{"0":"post-34883","1":"product","2":"type-product","3":"status-publish","4":"has-post-thumbnail","6":"product_brand-mediheal-populare","7":"product_cat-skincare","8":"product_cat-masques","9":"product_cat-masques-en-feuille","11":"first","12":"outofstock","13":"sale","14":"shipping-taxable","15":"purchasable","16":"product-type-simple"},"_links":{"self":[{"href":"https:\/\/gangnambeaute.com\/ar\/wp-json\/wp\/v2\/product\/34883","targetHints":{"allow":["GET"]}}],"collection":[{"href":"https:\/\/gangnambeaute.com\/ar\/wp-json\/wp\/v2\/product"}],"about":[{"href":"https:\/\/gangnambeaute.com\/ar\/wp-json\/wp\/v2\/types\/product"}],"replies":[{"embeddable":true,"href":"https:\/\/gangnambeaute.com\/ar\/wp-json\/wp\/v2\/comments?post=34883"}],"version-history":[{"count":6,"href":"https:\/\/gangnambeaute.com\/ar\/wp-json\/wp\/v2\/product\/34883\/revisions"}],"predecessor-version":[{"id":43910,"href":"https:\/\/gangnambeaute.com\/ar\/wp-json\/wp\/v2\/product\/34883\/revisions\/43910"}],"wp:featuredmedia":[{"embeddable":true,"href":"https:\/\/gangnambeaute.com\/ar\/wp-json\/wp\/v2\/media\/41403"}],"wp:attachment":[{"href":"https:\/\/gangnambeaute.com\/ar\/wp-json\/wp\/v2\/media?parent=34883"}],"wp:term":[{"taxonomy":"product_brand","embeddable":true,"href":"https:\/\/gangnambeaute.com\/ar\/wp-json\/wp\/v2\/product_brand?post=34883"},{"taxonomy":"product_cat","embeddable":true,"href":"https:\/\/gangnambeaute.com\/ar\/wp-json\/wp\/v2\/product_cat?post=34883"},{"taxonomy":"product_tag","embeddable":true,"href":"https:\/\/gangnambeaute.com\/ar\/wp-json\/wp\/v2\/product_tag?post=34883"}],"curies":[{"name":"wp","href":"https:\/\/api.w.org\/{rel}","templated":true}]}}