{"id":34849,"date":"2025-06-26T16:35:48","date_gmt":"2025-06-26T16:35:48","guid":{"rendered":"https:\/\/gangnambeaute.com\/?post_type=product&#038;p=34849"},"modified":"2026-04-11T02:53:43","modified_gmt":"2026-04-11T02:53:43","slug":"mediheal-hyalu-moist-essence-mask","status":"publish","type":"product","link":"https:\/\/gangnambeaute.com\/ar\/product\/mediheal-hyalu-moist-essence-mask\/","title":{"rendered":"MEDIHEAL &#8211; HYALU MOIST ESSENCE MASK 1 EA &#8211; 20 ml"},"content":{"rendered":"<p><strong>Ce masque sert \u00e0\u00a0hydrater intens\u00e9ment et \u00e0 repulper la peau gr\u00e2ce \u00e0 une essence riche en acide hyaluronique qui retient l&rsquo;humidit\u00e9.<\/strong><\/p>","protected":false},"excerpt":{"rendered":"<div class=\"Y3BBE\" data-sfc-cp=\"\" data-sfc-cb=\"\" data-hveid=\"CAEIAhAA\" data-complete=\"true\" data-processed=\"true\"><strong>Appliquez le masque sur votre\u00a0visage propre, laissez agir 10 \u00e0 20 minutes, puis tapotez l&rsquo;exc\u00e9dent de s\u00e9rum pour faire p\u00e9n\u00e9trer.<\/strong><\/div>","protected":false},"featured_media":41356,"comment_status":"open","ping_status":"closed","template":"","meta":[],"product_brand":[1057],"product_cat":[118],"product_tag":[],"class_list":{"0":"post-34849","1":"product","2":"type-product","3":"status-publish","4":"has-post-thumbnail","6":"product_brand-mediheal-populare","7":"product_cat-default","9":"first","10":"outofstock","11":"sale","12":"shipping-taxable","13":"purchasable","14":"product-type-simple"},"_links":{"self":[{"href":"https:\/\/gangnambeaute.com\/ar\/wp-json\/wp\/v2\/product\/34849","targetHints":{"allow":["GET"]}}],"collection":[{"href":"https:\/\/gangnambeaute.com\/ar\/wp-json\/wp\/v2\/product"}],"about":[{"href":"https:\/\/gangnambeaute.com\/ar\/wp-json\/wp\/v2\/types\/product"}],"replies":[{"embeddable":true,"href":"https:\/\/gangnambeaute.com\/ar\/wp-json\/wp\/v2\/comments?post=34849"}],"version-history":[{"count":5,"href":"https:\/\/gangnambeaute.com\/ar\/wp-json\/wp\/v2\/product\/34849\/revisions"}],"predecessor-version":[{"id":43929,"href":"https:\/\/gangnambeaute.com\/ar\/wp-json\/wp\/v2\/product\/34849\/revisions\/43929"}],"wp:featuredmedia":[{"embeddable":true,"href":"https:\/\/gangnambeaute.com\/ar\/wp-json\/wp\/v2\/media\/41356"}],"wp:attachment":[{"href":"https:\/\/gangnambeaute.com\/ar\/wp-json\/wp\/v2\/media?parent=34849"}],"wp:term":[{"taxonomy":"product_brand","embeddable":true,"href":"https:\/\/gangnambeaute.com\/ar\/wp-json\/wp\/v2\/product_brand?post=34849"},{"taxonomy":"product_cat","embeddable":true,"href":"https:\/\/gangnambeaute.com\/ar\/wp-json\/wp\/v2\/product_cat?post=34849"},{"taxonomy":"product_tag","embeddable":true,"href":"https:\/\/gangnambeaute.com\/ar\/wp-json\/wp\/v2\/product_tag?post=34849"}],"curies":[{"name":"wp","href":"https:\/\/api.w.org\/{rel}","templated":true}]}}