{"id":34847,"date":"2025-06-26T16:35:26","date_gmt":"2025-06-26T16:35:26","guid":{"rendered":"https:\/\/gangnambeaute.com\/?post_type=product&#038;p=34847"},"modified":"2026-04-11T02:53:43","modified_gmt":"2026-04-11T02:53:43","slug":"mediheal-collagen-mucin-essence-mask","status":"publish","type":"product","link":"https:\/\/gangnambeaute.com\/ar\/product\/mediheal-collagen-mucin-essence-mask\/","title":{"rendered":"MEDIHEAL &#8211; COLLAGEN MUCIN ESSENCE MASK 1 EA &#8211; 20 ml"},"content":{"rendered":"<p><strong>Ce masque sert \u00e0\u00a0raffermir la peau et \u00e0 am\u00e9liorer son \u00e9lasticit\u00e9 gr\u00e2ce \u00e0 la synergie du collag\u00e8ne et de la mucine v\u00e9g\u00e9tale qui repulpent l&rsquo;\u00e9piderme.<\/strong><\/p>","protected":false},"excerpt":{"rendered":"<p><strong>Appliquez le masque sur votre\u00a0visage propre, laissez agir 10 \u00e0 20 minutes, puis tapotez l&rsquo;exc\u00e9dent de s\u00e9rum pour faire p\u00e9n\u00e9trer.<span class=\"uJ19be notranslate\" data-wiz-uids=\"kLRnQd_j,kLRnQd_k\" data-sfc-cb=\"\" data-complete=\"true\" data-processed=\"true\"><span class=\"vKEkVd\" data-animation-atomic=\"\" data-wiz-attrbind=\"class=kLRnQd_i\/TKHnVd\" data-sae=\"\"><span aria-hidden=\"true\" aria-owns=\"action-menu-parent-container\">\u00a0<\/span><\/span><\/span><\/strong><\/p>","protected":false},"featured_media":41353,"comment_status":"open","ping_status":"closed","template":"","meta":[],"product_brand":[1057],"product_cat":[118],"product_tag":[],"class_list":{"0":"post-34847","1":"product","2":"type-product","3":"status-publish","4":"has-post-thumbnail","6":"product_brand-mediheal-populare","7":"product_cat-default","9":"first","10":"outofstock","11":"sale","12":"shipping-taxable","13":"purchasable","14":"product-type-simple"},"_links":{"self":[{"href":"https:\/\/gangnambeaute.com\/ar\/wp-json\/wp\/v2\/product\/34847","targetHints":{"allow":["GET"]}}],"collection":[{"href":"https:\/\/gangnambeaute.com\/ar\/wp-json\/wp\/v2\/product"}],"about":[{"href":"https:\/\/gangnambeaute.com\/ar\/wp-json\/wp\/v2\/types\/product"}],"replies":[{"embeddable":true,"href":"https:\/\/gangnambeaute.com\/ar\/wp-json\/wp\/v2\/comments?post=34847"}],"version-history":[{"count":6,"href":"https:\/\/gangnambeaute.com\/ar\/wp-json\/wp\/v2\/product\/34847\/revisions"}],"predecessor-version":[{"id":43931,"href":"https:\/\/gangnambeaute.com\/ar\/wp-json\/wp\/v2\/product\/34847\/revisions\/43931"}],"wp:featuredmedia":[{"embeddable":true,"href":"https:\/\/gangnambeaute.com\/ar\/wp-json\/wp\/v2\/media\/41353"}],"wp:attachment":[{"href":"https:\/\/gangnambeaute.com\/ar\/wp-json\/wp\/v2\/media?parent=34847"}],"wp:term":[{"taxonomy":"product_brand","embeddable":true,"href":"https:\/\/gangnambeaute.com\/ar\/wp-json\/wp\/v2\/product_brand?post=34847"},{"taxonomy":"product_cat","embeddable":true,"href":"https:\/\/gangnambeaute.com\/ar\/wp-json\/wp\/v2\/product_cat?post=34847"},{"taxonomy":"product_tag","embeddable":true,"href":"https:\/\/gangnambeaute.com\/ar\/wp-json\/wp\/v2\/product_tag?post=34847"}],"curies":[{"name":"wp","href":"https:\/\/api.w.org\/{rel}","templated":true}]}}