{"id":34835,"date":"2025-06-26T16:33:01","date_gmt":"2025-06-26T16:33:01","guid":{"rendered":"https:\/\/gangnambeaute.com\/?post_type=product&#038;p=34835"},"modified":"2026-04-11T02:53:40","modified_gmt":"2026-04-11T02:53:40","slug":"mediheal-pantenolips-healbalm","status":"publish","type":"product","link":"https:\/\/gangnambeaute.com\/ar\/product\/mediheal-pantenolips-healbalm\/","title":{"rendered":"MEDIHEAL &#8211; PANTENOLIPS HEALBALM &#8211; masque \u00e0 l\u00e8vres &#8211; 10 ml"},"content":{"rendered":"<p><strong>Ce masque sert \u00e0\u00a0nourrir intens\u00e9ment et \u00e0 r\u00e9parer les l\u00e8vres extr\u00eamement s\u00e8ches et gerc\u00e9es gr\u00e2ce \u00e0 une formule riche en panth\u00e9nol et en vitamine E.<\/strong><\/p>","protected":false},"excerpt":{"rendered":"<div class=\"Y3BBE\" data-sfc-cp=\"\" data-sfc-cb=\"\" data-hveid=\"CAEIAhAA\" data-complete=\"true\" data-processed=\"true\"><strong>Appliquez une couche g\u00e9n\u00e9reuse sur vos\u00a0l\u00e8vres propres, id\u00e9alement le soir, ou tout au long de la journ\u00e9e pour une protection continue.<span class=\"uJ19be notranslate\" data-wiz-uids=\"zxji5e_56,zxji5e_57\" data-sfc-cb=\"\" data-complete=\"true\" data-processed=\"true\"><span class=\"vKEkVd\" data-animation-atomic=\"\" data-wiz-attrbind=\"class=zxji5e_55\/TKHnVd\" data-sae=\"\"><span aria-hidden=\"true\">\u00a0<\/span><\/span><\/span><\/strong><\/div>","protected":false},"featured_media":41335,"comment_status":"open","ping_status":"closed","template":"","meta":[],"product_brand":[1057],"product_cat":[388,391,410],"product_tag":[],"class_list":{"0":"post-34835","1":"product","2":"type-product","3":"status-publish","4":"has-post-thumbnail","6":"product_brand-mediheal-populare","7":"product_cat-maquillage","8":"product_cat-levres","9":"product_cat-baume-a-levres","11":"first","12":"outofstock","13":"sale","14":"shipping-taxable","15":"purchasable","16":"product-type-simple"},"_links":{"self":[{"href":"https:\/\/gangnambeaute.com\/ar\/wp-json\/wp\/v2\/product\/34835","targetHints":{"allow":["GET"]}}],"collection":[{"href":"https:\/\/gangnambeaute.com\/ar\/wp-json\/wp\/v2\/product"}],"about":[{"href":"https:\/\/gangnambeaute.com\/ar\/wp-json\/wp\/v2\/types\/product"}],"replies":[{"embeddable":true,"href":"https:\/\/gangnambeaute.com\/ar\/wp-json\/wp\/v2\/comments?post=34835"}],"version-history":[{"count":8,"href":"https:\/\/gangnambeaute.com\/ar\/wp-json\/wp\/v2\/product\/34835\/revisions"}],"predecessor-version":[{"id":43937,"href":"https:\/\/gangnambeaute.com\/ar\/wp-json\/wp\/v2\/product\/34835\/revisions\/43937"}],"wp:featuredmedia":[{"embeddable":true,"href":"https:\/\/gangnambeaute.com\/ar\/wp-json\/wp\/v2\/media\/41335"}],"wp:attachment":[{"href":"https:\/\/gangnambeaute.com\/ar\/wp-json\/wp\/v2\/media?parent=34835"}],"wp:term":[{"taxonomy":"product_brand","embeddable":true,"href":"https:\/\/gangnambeaute.com\/ar\/wp-json\/wp\/v2\/product_brand?post=34835"},{"taxonomy":"product_cat","embeddable":true,"href":"https:\/\/gangnambeaute.com\/ar\/wp-json\/wp\/v2\/product_cat?post=34835"},{"taxonomy":"product_tag","embeddable":true,"href":"https:\/\/gangnambeaute.com\/ar\/wp-json\/wp\/v2\/product_tag?post=34835"}],"curies":[{"name":"wp","href":"https:\/\/api.w.org\/{rel}","templated":true}]}}