{"id":34831,"date":"2025-06-26T16:28:03","date_gmt":"2025-06-26T16:28:03","guid":{"rendered":"https:\/\/gangnambeaute.com\/?post_type=product&#038;p=34831"},"modified":"2026-04-11T02:53:39","modified_gmt":"2026-04-11T02:53:39","slug":"numbuzin-no-3-tingle-pore-softening-sheet-mask","status":"publish","type":"product","link":"https:\/\/gangnambeaute.com\/ar\/product\/numbuzin-no-3-tingle-pore-softening-sheet-mask\/","title":{"rendered":"Numbuzin &#8211; No.3 Tingle-pore Softening Sheet Mask &#8211; 27 ml"},"content":{"rendered":"<p>Ingr\u00e9dients<br \/>\nEau, lysat de fermentation de Bifida (20%), filtrat de fermentation de Galactomyces (9%), Methylgluces-20, Glyceres-26, glyc\u00e9rine, Niacinamide, PEG-90, 1,2-Hexanediol, extrait de feuilles de menthe poivr\u00e9e, Extrait de feuillage de Virginie, Extrait de th\u00e9 vert, Extrait de fleur de camomille, Huile de feuille de citronnelle, Huile de branche\/feuille de pin, Huile d&rsquo;\u00e9corce d&rsquo;oranger, Huile de lavande, Huile de feuille de romarin, Huile d&rsquo;\u00e9corce de c\u00e8dre de l&rsquo;Atlas, Extrait de fermentation d&rsquo;Alteromonas, extrait d&rsquo;huile de chlore, extrait de soie, squalane, hyaluronate de sodium, panth\u00e9nol, butyl\u00e8ne glycol, polyglyc\u00e9ryl-3 m\u00e9thylglucose d\u00e9t\u00e9arate, polyglyc\u00e9ryl-3 d\u00e9t\u00e9arate, Glyceryl Stearate Citrate, Glyceryl Stearate Se, Caprylyl Glycol, Octyldodeces-16, Xanthan Gum, Carbomer, Tromethamine, Ethanol, Ethylhexyl Glycerin, Adenosine, Disodium Idta, Limonene, Linalool, Citral<br \/>\nBienfaits et avantages :<br \/>\n_Test\u00e9 dermatologiquement.<br \/>\n_Ensemble de feuilles de masques sp\u00e9cialement con\u00e7u pour le vieillissement pr\u00e9matur\u00e9, les peaux craquel\u00e9es et s\u00e8ches.<br \/>\n_Comprend le Tingle-Pore Complex\u2122 (extraits de feuilles de menthe poivr\u00e9e, de th\u00e9 vert et d&rsquo;huile de romarin, etc.) pour r\u00e9duire les pores visibles.<br \/>\n_Le bifida et le galactose aident \u00e0 adoucir et \u00e0 renforcer la r\u00e9silience de la peau, pour qu&rsquo;elle paraisse plus lumineuse et plus saine.<br \/>\nutilisation :<br \/>\nAppliquer le masque en feuille apr\u00e8s avoir nettoy\u00e9 et tonifi\u00e9 le visage. Laisser reposer pendant 10 \u00e0 20 minutes.<\/p>","protected":false},"excerpt":{"rendered":"<p>Ingr\u00e9dients Eau, lysat de fermentation de Bifida (20%), filtrat de fermentation de Galactomyces (9%), Methylgluces-20, Glyceres-26, glyc\u00e9rine, Niacinamide, PEG-90, 1,2-Hexanediol,<\/p>","protected":false},"featured_media":41329,"comment_status":"open","ping_status":"closed","template":"","meta":[],"product_brand":[1030],"product_cat":[344,355,384],"product_tag":[],"class_list":{"0":"post-34831","1":"product","2":"type-product","3":"status-publish","4":"has-post-thumbnail","6":"product_brand-numbuzin","7":"product_cat-skincare","8":"product_cat-masques","9":"product_cat-masques-en-feuille","11":"first","12":"instock","13":"sale","14":"shipping-taxable","15":"purchasable","16":"product-type-simple"},"_links":{"self":[{"href":"https:\/\/gangnambeaute.com\/ar\/wp-json\/wp\/v2\/product\/34831","targetHints":{"allow":["GET"]}}],"collection":[{"href":"https:\/\/gangnambeaute.com\/ar\/wp-json\/wp\/v2\/product"}],"about":[{"href":"https:\/\/gangnambeaute.com\/ar\/wp-json\/wp\/v2\/types\/product"}],"replies":[{"embeddable":true,"href":"https:\/\/gangnambeaute.com\/ar\/wp-json\/wp\/v2\/comments?post=34831"}],"version-history":[{"count":5,"href":"https:\/\/gangnambeaute.com\/ar\/wp-json\/wp\/v2\/product\/34831\/revisions"}],"predecessor-version":[{"id":35591,"href":"https:\/\/gangnambeaute.com\/ar\/wp-json\/wp\/v2\/product\/34831\/revisions\/35591"}],"wp:featuredmedia":[{"embeddable":true,"href":"https:\/\/gangnambeaute.com\/ar\/wp-json\/wp\/v2\/media\/41329"}],"wp:attachment":[{"href":"https:\/\/gangnambeaute.com\/ar\/wp-json\/wp\/v2\/media?parent=34831"}],"wp:term":[{"taxonomy":"product_brand","embeddable":true,"href":"https:\/\/gangnambeaute.com\/ar\/wp-json\/wp\/v2\/product_brand?post=34831"},{"taxonomy":"product_cat","embeddable":true,"href":"https:\/\/gangnambeaute.com\/ar\/wp-json\/wp\/v2\/product_cat?post=34831"},{"taxonomy":"product_tag","embeddable":true,"href":"https:\/\/gangnambeaute.com\/ar\/wp-json\/wp\/v2\/product_tag?post=34831"}],"curies":[{"name":"wp","href":"https:\/\/api.w.org\/{rel}","templated":true}]}}