{"id":34819,"date":"2025-06-26T16:17:06","date_gmt":"2025-06-26T16:17:06","guid":{"rendered":"https:\/\/gangnambeaute.com\/?post_type=product&#038;p=34819"},"modified":"2026-04-11T02:53:38","modified_gmt":"2026-04-11T02:53:38","slug":"skin1004-spot-cover-patch","status":"publish","type":"product","link":"https:\/\/gangnambeaute.com\/ar\/product\/skin1004-spot-cover-patch\/","title":{"rendered":"SKIN1004 &#8211; Spot Cover Patch &#8211; Patch pour les boutons"},"content":{"rendered":"<p><strong>Ces patchs servent \u00e0\u00a0prot\u00e9ger les boutons des agressions ext\u00e9rieures et \u00e0 absorber le s\u00e9bum pour une cicatrisation plus rapide et discr\u00e8te.<\/strong><\/p>","protected":false},"excerpt":{"rendered":"<div class=\"Y3BBE\" data-sfc-cp=\"\" data-sfc-cb=\"\" data-hveid=\"CAEIAhAA\" data-complete=\"true\" data-processed=\"true\"><strong>Collez un patch sur le\u00a0bouton propre et sec, puis retirez-le lorsqu&rsquo;il devient blanc, apr\u00e8s quelques heures ou toute une nuit.<span class=\"uJ19be notranslate\" data-wiz-uids=\"ptdvhd_j,ptdvhd_k\" data-sfc-cb=\"\" data-complete=\"true\" data-processed=\"true\"><span class=\"vKEkVd\" data-animation-atomic=\"\" data-wiz-attrbind=\"class=ptdvhd_i\/TKHnVd\" data-sae=\"\"><span aria-hidden=\"true\">\u00a0<\/span><\/span><\/span><\/strong><\/div>","protected":false},"featured_media":41319,"comment_status":"open","ping_status":"closed","template":"","meta":[],"product_brand":[1046],"product_cat":[344,356,387],"product_tag":[],"class_list":{"0":"post-34819","1":"product","2":"type-product","3":"status-publish","4":"has-post-thumbnail","6":"product_brand-skin-1004-populare","7":"product_cat-skincare","8":"product_cat-patchs","9":"product_cat-patch-pour-les-boutons","11":"first","12":"outofstock","13":"sale","14":"shipping-taxable","15":"purchasable","16":"product-type-simple"},"_links":{"self":[{"href":"https:\/\/gangnambeaute.com\/ar\/wp-json\/wp\/v2\/product\/34819","targetHints":{"allow":["GET"]}}],"collection":[{"href":"https:\/\/gangnambeaute.com\/ar\/wp-json\/wp\/v2\/product"}],"about":[{"href":"https:\/\/gangnambeaute.com\/ar\/wp-json\/wp\/v2\/types\/product"}],"replies":[{"embeddable":true,"href":"https:\/\/gangnambeaute.com\/ar\/wp-json\/wp\/v2\/comments?post=34819"}],"version-history":[{"count":4,"href":"https:\/\/gangnambeaute.com\/ar\/wp-json\/wp\/v2\/product\/34819\/revisions"}],"predecessor-version":[{"id":43680,"href":"https:\/\/gangnambeaute.com\/ar\/wp-json\/wp\/v2\/product\/34819\/revisions\/43680"}],"wp:featuredmedia":[{"embeddable":true,"href":"https:\/\/gangnambeaute.com\/ar\/wp-json\/wp\/v2\/media\/41319"}],"wp:attachment":[{"href":"https:\/\/gangnambeaute.com\/ar\/wp-json\/wp\/v2\/media?parent=34819"}],"wp:term":[{"taxonomy":"product_brand","embeddable":true,"href":"https:\/\/gangnambeaute.com\/ar\/wp-json\/wp\/v2\/product_brand?post=34819"},{"taxonomy":"product_cat","embeddable":true,"href":"https:\/\/gangnambeaute.com\/ar\/wp-json\/wp\/v2\/product_cat?post=34819"},{"taxonomy":"product_tag","embeddable":true,"href":"https:\/\/gangnambeaute.com\/ar\/wp-json\/wp\/v2\/product_tag?post=34819"}],"curies":[{"name":"wp","href":"https:\/\/api.w.org\/{rel}","templated":true}]}}