{"id":34811,"date":"2025-06-26T16:16:02","date_gmt":"2025-06-26T16:16:02","guid":{"rendered":"https:\/\/gangnambeaute.com\/?post_type=product&#038;p=34811"},"modified":"2026-04-11T02:53:37","modified_gmt":"2026-04-11T02:53:37","slug":"skin1004-madagascar-centella-probio-cica-nourishing-mask-23ml-1ea","status":"publish","type":"product","link":"https:\/\/gangnambeaute.com\/ar\/product\/skin1004-madagascar-centella-probio-cica-nourishing-mask-23ml-1ea\/","title":{"rendered":"SKIN1004 &#8211; Madagascar Centella Probio-Cica Nourishing Mask &#8211; Masque en feuille 25ml"},"content":{"rendered":"<p><strong>Ce masque sert \u00e0\u00a0nourrir intens\u00e9ment et \u00e0 r\u00e9parer la barri\u00e8re cutan\u00e9e gr\u00e2ce \u00e0 la Centella ferment\u00e9e et aux probiotiques.<\/strong><\/p>","protected":false},"excerpt":{"rendered":"<div class=\"Y3BBE\" data-sfc-cp=\"\" data-sfc-cb=\"\" data-hveid=\"CAEIAhAA\" data-complete=\"true\" data-processed=\"true\"><strong>Appliquez le masque sur votre\u00a0visage propre, laissez agir 10 \u00e0 20 minutes, puis tapotez l&rsquo;exc\u00e9dent de s\u00e9rum pour faire p\u00e9n\u00e9trer.<span class=\"uJ19be notranslate\" data-wiz-uids=\"x66Cpb_j,x66Cpb_k\" data-sfc-cb=\"\" data-complete=\"true\" data-processed=\"true\"><span class=\"vKEkVd\" data-animation-atomic=\"\" data-wiz-attrbind=\"class=x66Cpb_i\/TKHnVd\" data-sae=\"\"><span aria-hidden=\"true\">\u00a0<\/span><\/span><\/span><\/strong><\/div>","protected":false},"featured_media":41315,"comment_status":"open","ping_status":"closed","template":"","meta":[],"product_brand":[1046],"product_cat":[344,355,384],"product_tag":[],"class_list":{"0":"post-34811","1":"product","2":"type-product","3":"status-publish","4":"has-post-thumbnail","6":"product_brand-skin-1004-populare","7":"product_cat-skincare","8":"product_cat-masques","9":"product_cat-masques-en-feuille","11":"first","12":"outofstock","13":"sale","14":"shipping-taxable","15":"purchasable","16":"product-type-simple"},"_links":{"self":[{"href":"https:\/\/gangnambeaute.com\/ar\/wp-json\/wp\/v2\/product\/34811","targetHints":{"allow":["GET"]}}],"collection":[{"href":"https:\/\/gangnambeaute.com\/ar\/wp-json\/wp\/v2\/product"}],"about":[{"href":"https:\/\/gangnambeaute.com\/ar\/wp-json\/wp\/v2\/types\/product"}],"replies":[{"embeddable":true,"href":"https:\/\/gangnambeaute.com\/ar\/wp-json\/wp\/v2\/comments?post=34811"}],"version-history":[{"count":4,"href":"https:\/\/gangnambeaute.com\/ar\/wp-json\/wp\/v2\/product\/34811\/revisions"}],"predecessor-version":[{"id":43686,"href":"https:\/\/gangnambeaute.com\/ar\/wp-json\/wp\/v2\/product\/34811\/revisions\/43686"}],"wp:featuredmedia":[{"embeddable":true,"href":"https:\/\/gangnambeaute.com\/ar\/wp-json\/wp\/v2\/media\/41315"}],"wp:attachment":[{"href":"https:\/\/gangnambeaute.com\/ar\/wp-json\/wp\/v2\/media?parent=34811"}],"wp:term":[{"taxonomy":"product_brand","embeddable":true,"href":"https:\/\/gangnambeaute.com\/ar\/wp-json\/wp\/v2\/product_brand?post=34811"},{"taxonomy":"product_cat","embeddable":true,"href":"https:\/\/gangnambeaute.com\/ar\/wp-json\/wp\/v2\/product_cat?post=34811"},{"taxonomy":"product_tag","embeddable":true,"href":"https:\/\/gangnambeaute.com\/ar\/wp-json\/wp\/v2\/product_tag?post=34811"}],"curies":[{"name":"wp","href":"https:\/\/api.w.org\/{rel}","templated":true}]}}