{"id":34807,"date":"2025-06-26T16:15:33","date_gmt":"2025-06-26T16:15:33","guid":{"rendered":"https:\/\/gangnambeaute.com\/?post_type=product&#038;p=34807"},"modified":"2026-04-11T02:53:37","modified_gmt":"2026-04-11T02:53:37","slug":"skin1004-madagascar-centella-tone-brightening-glow-mask-25ml-1ea","status":"publish","type":"product","link":"https:\/\/gangnambeaute.com\/ar\/product\/skin1004-madagascar-centella-tone-brightening-glow-mask-25ml-1ea\/","title":{"rendered":"SKIN1004 &#8211; Madagascar Centella Tone Brightening Glow Mask &#8211; Masque en feuille 25ml"},"content":{"rendered":"<p><strong>Ce masque sert \u00e0\u00a0illuminer le teint\u00a0et \u00e0 estomper les taches pigmentaires gr\u00e2ce \u00e0 la niacinamide et \u00e0 l&rsquo;acide tranexamique.<\/strong><\/p>","protected":false},"excerpt":{"rendered":"<div class=\"Y3BBE\" data-sfc-cp=\"\" data-sfc-cb=\"\" data-hveid=\"CAEIAhAA\" data-complete=\"true\" data-processed=\"true\"><strong>Appliquez le masque sur votre\u00a0visage propre, laissez agir 10 \u00e0 20 minutes, puis tapotez l&rsquo;exc\u00e9dent de s\u00e9rum.<span class=\"uJ19be notranslate\" data-wiz-uids=\"pmgTXb_j,pmgTXb_k\" data-sfc-cb=\"\" data-complete=\"true\" data-processed=\"true\"><span class=\"vKEkVd\" data-animation-atomic=\"\" data-wiz-attrbind=\"class=pmgTXb_i\/TKHnVd\" data-sae=\"\"><span aria-hidden=\"true\">\u00a0<\/span><\/span><\/span><\/strong><\/div>","protected":false},"featured_media":41313,"comment_status":"open","ping_status":"closed","template":"","meta":[],"product_brand":[1046],"product_cat":[344,355,384],"product_tag":[],"class_list":{"0":"post-34807","1":"product","2":"type-product","3":"status-publish","4":"has-post-thumbnail","6":"product_brand-skin-1004-populare","7":"product_cat-skincare","8":"product_cat-masques","9":"product_cat-masques-en-feuille","11":"first","12":"outofstock","13":"sale","14":"shipping-taxable","15":"purchasable","16":"product-type-simple"},"_links":{"self":[{"href":"https:\/\/gangnambeaute.com\/ar\/wp-json\/wp\/v2\/product\/34807","targetHints":{"allow":["GET"]}}],"collection":[{"href":"https:\/\/gangnambeaute.com\/ar\/wp-json\/wp\/v2\/product"}],"about":[{"href":"https:\/\/gangnambeaute.com\/ar\/wp-json\/wp\/v2\/types\/product"}],"replies":[{"embeddable":true,"href":"https:\/\/gangnambeaute.com\/ar\/wp-json\/wp\/v2\/comments?post=34807"}],"version-history":[{"count":4,"href":"https:\/\/gangnambeaute.com\/ar\/wp-json\/wp\/v2\/product\/34807\/revisions"}],"predecessor-version":[{"id":43687,"href":"https:\/\/gangnambeaute.com\/ar\/wp-json\/wp\/v2\/product\/34807\/revisions\/43687"}],"wp:featuredmedia":[{"embeddable":true,"href":"https:\/\/gangnambeaute.com\/ar\/wp-json\/wp\/v2\/media\/41313"}],"wp:attachment":[{"href":"https:\/\/gangnambeaute.com\/ar\/wp-json\/wp\/v2\/media?parent=34807"}],"wp:term":[{"taxonomy":"product_brand","embeddable":true,"href":"https:\/\/gangnambeaute.com\/ar\/wp-json\/wp\/v2\/product_brand?post=34807"},{"taxonomy":"product_cat","embeddable":true,"href":"https:\/\/gangnambeaute.com\/ar\/wp-json\/wp\/v2\/product_cat?post=34807"},{"taxonomy":"product_tag","embeddable":true,"href":"https:\/\/gangnambeaute.com\/ar\/wp-json\/wp\/v2\/product_tag?post=34807"}],"curies":[{"name":"wp","href":"https:\/\/api.w.org\/{rel}","templated":true}]}}