{"id":34793,"date":"2025-06-26T16:12:34","date_gmt":"2025-06-26T16:12:34","guid":{"rendered":"https:\/\/gangnambeaute.com\/?post_type=product&#038;p=34793"},"modified":"2026-04-21T16:25:30","modified_gmt":"2026-04-21T16:25:30","slug":"im-sorry-for-my-skin-jelly-mask-relaxing","status":"publish","type":"product","link":"https:\/\/gangnambeaute.com\/ar\/product\/im-sorry-for-my-skin-jelly-mask-relaxing\/","title":{"rendered":"I&rsquo;m Sorry for My Skin &#8211; pH 5.5 Jelly Mask &#8211; Relaxing"},"content":{"rendered":"<p>Ingr\u00e9dients:<\/p>\n<p>Eau, dipropyl\u00e8ne glycol, glyc\u00e9rine, m\u00e9thylpropanidiol, copolym\u00e8re d\u2019acryloyl dim\u00e9thyl torate\/VP d\u2019ammonium, panth\u00e9nol, ph\u00e9nyltrim\u00e9thicone, polyglyc\u00e9ryl-10 laurate, butyl\u00e8ne glycol, extrait de centella asiatica, extrait de racine de bionia sofoticosa, tr\u00e9halose, 1,2-hexanediol, allanto\u00efne, gomme xanthane, extrait de fleur de camomille recutita (matricaria), caprylate de glyc\u00e9ryle, hydroxycellulose, \u00e9thylhexylglyc\u00e9rine, carbom\u00e8re, amidon polyacrylate de sodium, huile d\u2019\u00e9corce de citrus aurantium dulcis (orange), extrait de collag\u00e8ne, huile d\u2019\u00e9corce Agrumes mandarine (mandarine), di\u00e9thylhexylsulfosuccinate de sodium, pantolactone, fruit de Leticia kubeba. Huile, acide citrique, huile de noyau de noix de muscade myristica (noix de muscade), extrait de feuille d\u2019aloe vera, extrait de feuille de camellia sinensis, eau florale de camomille recutita (matricaria), extrait de cucumis sativus (concombre), extrait de rosmarinus officinalis (romarin), extrait d\u2019osimum basilicum (basilic), extrait de menthe poivr\u00e9e piperita (menthe poivr\u00e9e), extrait de lavandula angustifolia (lavande), extrait de fleur d\u2019anthemis nobilis, EDTA disodique.<\/p>\n<p>Bienfaits et avantages :<\/p>\n<p>1.Sp\u00e9cialement formul\u00e9 pour apaiser et nourrir la peau en profondeur, vous procurant une sensation instantan\u00e9e de fra\u00eecheur et de confort.<\/p>\n<p>2.Sa formule est enrichie en ingr\u00e9dients hydratants pour redonner douceur et \u00e9lasticit\u00e9 \u00e0 la peau.<\/p>\n<p>3.Il contient des extraits naturels de plantes qui nourrissent la peau et lui donnent les vitamines et min\u00e9raux n\u00e9cessaires au maintien de sa sant\u00e9.<\/p>\n<p>Utilisation :<br \/>\nAppliquez directement sur votre visage apr\u00e8s le nettoyage et l&rsquo;application du tonique. Laissez poser 15 minutes, puis retirez-le.<\/p>","protected":false},"excerpt":{"rendered":"<p>Ingr\u00e9dients: Eau, dipropyl\u00e8ne glycol, glyc\u00e9rine, m\u00e9thylpropanidiol, copolym\u00e8re d\u2019acryloyl dim\u00e9thyl torate\/VP d\u2019ammonium, panth\u00e9nol, ph\u00e9nyltrim\u00e9thicone, polyglyc\u00e9ryl-10 laurate, butyl\u00e8ne glycol, extrait de centella<\/p>","protected":false},"featured_media":41303,"comment_status":"open","ping_status":"closed","template":"","meta":[],"product_brand":[1022],"product_cat":[344,355,384,429,430],"product_tag":[],"class_list":{"0":"post-34793","1":"product","2":"type-product","3":"status-publish","4":"has-post-thumbnail","6":"product_brand-im-sorry-for-my-skin","7":"product_cat-skincare","8":"product_cat-masques","9":"product_cat-masques-en-feuille","10":"product_cat-soldes","11":"product_cat-promotions","13":"first","14":"outofstock","15":"sale","16":"shipping-taxable","17":"purchasable","18":"product-type-simple"},"_links":{"self":[{"href":"https:\/\/gangnambeaute.com\/ar\/wp-json\/wp\/v2\/product\/34793","targetHints":{"allow":["GET"]}}],"collection":[{"href":"https:\/\/gangnambeaute.com\/ar\/wp-json\/wp\/v2\/product"}],"about":[{"href":"https:\/\/gangnambeaute.com\/ar\/wp-json\/wp\/v2\/types\/product"}],"replies":[{"embeddable":true,"href":"https:\/\/gangnambeaute.com\/ar\/wp-json\/wp\/v2\/comments?post=34793"}],"version-history":[{"count":5,"href":"https:\/\/gangnambeaute.com\/ar\/wp-json\/wp\/v2\/product\/34793\/revisions"}],"predecessor-version":[{"id":35615,"href":"https:\/\/gangnambeaute.com\/ar\/wp-json\/wp\/v2\/product\/34793\/revisions\/35615"}],"wp:featuredmedia":[{"embeddable":true,"href":"https:\/\/gangnambeaute.com\/ar\/wp-json\/wp\/v2\/media\/41303"}],"wp:attachment":[{"href":"https:\/\/gangnambeaute.com\/ar\/wp-json\/wp\/v2\/media?parent=34793"}],"wp:term":[{"taxonomy":"product_brand","embeddable":true,"href":"https:\/\/gangnambeaute.com\/ar\/wp-json\/wp\/v2\/product_brand?post=34793"},{"taxonomy":"product_cat","embeddable":true,"href":"https:\/\/gangnambeaute.com\/ar\/wp-json\/wp\/v2\/product_cat?post=34793"},{"taxonomy":"product_tag","embeddable":true,"href":"https:\/\/gangnambeaute.com\/ar\/wp-json\/wp\/v2\/product_tag?post=34793"}],"curies":[{"name":"wp","href":"https:\/\/api.w.org\/{rel}","templated":true}]}}