{"id":34791,"date":"2025-06-26T16:12:19","date_gmt":"2025-06-26T16:12:19","guid":{"rendered":"https:\/\/gangnambeaute.com\/?post_type=product&#038;p=34791"},"modified":"2026-04-21T16:25:47","modified_gmt":"2026-04-21T16:25:47","slug":"im-sorry-for-my-skin-jelly-mask-revitalizing","status":"publish","type":"product","link":"https:\/\/gangnambeaute.com\/ar\/product\/im-sorry-for-my-skin-jelly-mask-revitalizing\/","title":{"rendered":"I&rsquo;m Sorry for My Skin &#8211; Jelly Mask &#8211; Revitalizing"},"content":{"rendered":"<p>Ingr\u00e9dients:<\/p>\n<p>Eau, butyl\u00e8ne glycol, glyc\u00e9rine, extrait d\u2019agrumes (pamplemousse), Bis-PEG-18 m\u00e9thyl\u00e9ther dim\u00e9thyl silane, huile de ricin hydrog\u00e9n\u00e9e PEG-60, copolym\u00e8re d\u2019acryloyldim\u00e9thyltorate\/vp d\u2019ammonium, acide polyacrylique, dim\u00e9thc\u00f4ne, extrait d\u2019\u00e9corce de salix alba (W), betterave rouge, extrait de susuria invulocrata, extrait d\u2019arnica montana, extrait de feuille de menthe poivr\u00e9e, extrait de feuille de betterave (menthe poivr\u00e9e), extrait lin\u00e9aire d\u2019aspalathus, hydroxyde de potassium, gomme de cellulose, \u00e9thylhexylglyc\u00e9rine, racine d\u2019oinotheera benes (primev\u00e8re) PM), extrait, extrait de feuille d\u2019Onia velosa, extrait de tige d\u2019Agave americana, extrait de racine de yucca previfolia, extrait de fleur d\u2019opontia coccinelifera, extrait de tige de fuquiria splindenz, extrait de laria tridentata, extrait de theobroma cacao (cacao), extrait de fruit de gardenia florida, extrait de fruit de hofen dulcis, extrait de graine de polysaccharide tamarindus indica, tr\u00e9halose, 1,2-hexanediol, l\u00e9cithine, extrait de feuille de myrethamnos flabilifolia, resv\u00e9ratrol, silice, extrait de nasturtium officinal, polyquatinium-51, EDTA disodique, Ph\u00e9noxy\u00e9thanol, Parfum<\/p>\n<p>Bienfaits et avantages :<\/p>\n<p>1.Il contient des ingr\u00e9dients actifs qui hydratent la peau en profondeur, am\u00e9liorent l\u2019\u00e9lasticit\u00e9 et unifient le teint.<\/p>\n<p>2.R\u00e9duit l\u2019apparence des taches brunes et de la pigmentation<\/p>\n<p>3.R\u00e9gule l\u2019\u00e9quilibre s\u00e9bum de la peau et restaure efficacement l\u2019hydratation des peaux s\u00e8ches.<\/p>\n<p>4.Booste la fra\u00eecheur de la peau.<\/p>\n<p>Utilisation :<\/p>\n<p>Appliquez directement sur votre visage apr\u00e8s le nettoyage et l&rsquo;application du tonique. Laissez poser 15 minutes, puis retirez-le.<\/p>","protected":false},"excerpt":{"rendered":"<p>Ingr\u00e9dients: Eau, butyl\u00e8ne glycol, glyc\u00e9rine, extrait d\u2019agrumes (pamplemousse), Bis-PEG-18 m\u00e9thyl\u00e9ther dim\u00e9thyl silane, huile de ricin hydrog\u00e9n\u00e9e PEG-60, copolym\u00e8re d\u2019acryloyldim\u00e9thyltorate\/vp d\u2019ammonium,<\/p>","protected":false},"featured_media":41302,"comment_status":"open","ping_status":"closed","template":"","meta":[],"product_brand":[1022],"product_cat":[344,355,384,429,430],"product_tag":[],"class_list":{"0":"post-34791","1":"product","2":"type-product","3":"status-publish","4":"has-post-thumbnail","6":"product_brand-im-sorry-for-my-skin","7":"product_cat-skincare","8":"product_cat-masques","9":"product_cat-masques-en-feuille","10":"product_cat-soldes","11":"product_cat-promotions","13":"first","14":"outofstock","15":"sale","16":"shipping-taxable","17":"purchasable","18":"product-type-simple"},"_links":{"self":[{"href":"https:\/\/gangnambeaute.com\/ar\/wp-json\/wp\/v2\/product\/34791","targetHints":{"allow":["GET"]}}],"collection":[{"href":"https:\/\/gangnambeaute.com\/ar\/wp-json\/wp\/v2\/product"}],"about":[{"href":"https:\/\/gangnambeaute.com\/ar\/wp-json\/wp\/v2\/types\/product"}],"replies":[{"embeddable":true,"href":"https:\/\/gangnambeaute.com\/ar\/wp-json\/wp\/v2\/comments?post=34791"}],"version-history":[{"count":4,"href":"https:\/\/gangnambeaute.com\/ar\/wp-json\/wp\/v2\/product\/34791\/revisions"}],"predecessor-version":[{"id":35610,"href":"https:\/\/gangnambeaute.com\/ar\/wp-json\/wp\/v2\/product\/34791\/revisions\/35610"}],"wp:featuredmedia":[{"embeddable":true,"href":"https:\/\/gangnambeaute.com\/ar\/wp-json\/wp\/v2\/media\/41302"}],"wp:attachment":[{"href":"https:\/\/gangnambeaute.com\/ar\/wp-json\/wp\/v2\/media?parent=34791"}],"wp:term":[{"taxonomy":"product_brand","embeddable":true,"href":"https:\/\/gangnambeaute.com\/ar\/wp-json\/wp\/v2\/product_brand?post=34791"},{"taxonomy":"product_cat","embeddable":true,"href":"https:\/\/gangnambeaute.com\/ar\/wp-json\/wp\/v2\/product_cat?post=34791"},{"taxonomy":"product_tag","embeddable":true,"href":"https:\/\/gangnambeaute.com\/ar\/wp-json\/wp\/v2\/product_tag?post=34791"}],"curies":[{"name":"wp","href":"https:\/\/api.w.org\/{rel}","templated":true}]}}