{"id":34787,"date":"2025-06-26T16:11:46","date_gmt":"2025-06-26T16:11:46","guid":{"rendered":"https:\/\/gangnambeaute.com\/?post_type=product&#038;p=34787"},"modified":"2026-04-11T02:53:35","modified_gmt":"2026-04-11T02:53:35","slug":"im-sorry-for-my-skin-jelly-mask-pore-care","status":"publish","type":"product","link":"https:\/\/gangnambeaute.com\/ar\/product\/im-sorry-for-my-skin-jelly-mask-pore-care\/","title":{"rendered":"I&rsquo;m Sorry for My Skin- Jelly Mask &#8211; Pore Care"},"content":{"rendered":"<div>Ingr\u00e9dients<b>:<\/b><\/div>\n<div>Eau purifi\u00e9e, butyl\u00e8ne glycol, glyc\u00e9rine, extrait de pamplemousse, BIS-PEG-18 m\u00e9thyl\u00e9ther dim\u00e9thyl silane, huile de ricin hydrog\u00e9n\u00e9e PEG-60, acryloyl dim\u00e9thyl tatrate\/fibicopolym\u00e8re, acide polyacrylique, dim\u00e9thicone, extrait de fleur de camomille, extrait de ch\u00e2taignier, extrait de racine de Skidopitis Verticillata, hydroxyde de potassium, gomme de cellulose, \u00e9thylhexylglyc\u00e9rine, extrait de cacao, extrait d\u2019onagre, extrait de feuille de verveine de sable du d\u00e9sert, extrait de fleur de vivace, extrait de tronc d\u2019aloe vera, extrait de racine d\u2019arbre de Josu\u00e9, Extrait de tige de chandelier, extrait d\u2019arbuste de cr\u00e9osote, extrait de gard\u00e9nia, tr\u00e9halose, graine de tamarin. Polysaccharide, l\u00e9cithine, extrait de feuille de miro tanus plavola, silice, extrait de cresson, 1,2-hexanediol, polyquaternium-51, EDTA disodique, ph\u00e9noxy\u00e9thanol, parfum.<\/div>\n<div>\u00a0Bienfais et avantages :<\/div>\n<div>\n<p>Avez-vous la peau grasse ? Ce masque d\u2019Im Sorry for My Skin est la solution parfaite.<\/p>\n<p>Formul\u00e9e pour tous les types de peau, en particulier les peaux grasses, elle r\u00e9duit efficacement les pores.<\/p>\n<p>1.\u00a0 Apaise la peau irrit\u00e9e.<\/p>\n<p>2. Purifie la peau de la salet\u00e9<\/p>\n<p>3. Maintient l\u2019\u00e9quilibre de l\u2019eau et des huiles dans la peau.<\/p>\n<p>Utilisation :<\/p>\n<p>Appliquez directement sur votre visage apr\u00e8s le nettoyage et l&rsquo;application du tonique. Laissez poser 15 minutes, puis retirez-le.<\/p>\n<p>&nbsp;<\/p>\n<\/div>","protected":false},"excerpt":{"rendered":"<p>Ingr\u00e9dients: Eau purifi\u00e9e, butyl\u00e8ne glycol, glyc\u00e9rine, extrait de pamplemousse, BIS-PEG-18 m\u00e9thyl\u00e9ther dim\u00e9thyl silane, huile de ricin hydrog\u00e9n\u00e9e PEG-60, acryloyl dim\u00e9thyl<\/p>","protected":false},"featured_media":41299,"comment_status":"open","ping_status":"closed","template":"","meta":[],"product_brand":[1022],"product_cat":[344,355,384,429,430,433],"product_tag":[],"class_list":{"0":"post-34787","1":"product","2":"type-product","3":"status-publish","4":"has-post-thumbnail","6":"product_brand-im-sorry-for-my-skin","7":"product_cat-skincare","8":"product_cat-masques","9":"product_cat-masques-en-feuille","10":"product_cat-soldes","11":"product_cat-promotions","12":"product_cat-promotion-dete","14":"first","15":"outofstock","16":"sale","17":"shipping-taxable","18":"purchasable","19":"product-type-simple"},"_links":{"self":[{"href":"https:\/\/gangnambeaute.com\/ar\/wp-json\/wp\/v2\/product\/34787","targetHints":{"allow":["GET"]}}],"collection":[{"href":"https:\/\/gangnambeaute.com\/ar\/wp-json\/wp\/v2\/product"}],"about":[{"href":"https:\/\/gangnambeaute.com\/ar\/wp-json\/wp\/v2\/types\/product"}],"replies":[{"embeddable":true,"href":"https:\/\/gangnambeaute.com\/ar\/wp-json\/wp\/v2\/comments?post=34787"}],"version-history":[{"count":4,"href":"https:\/\/gangnambeaute.com\/ar\/wp-json\/wp\/v2\/product\/34787\/revisions"}],"predecessor-version":[{"id":35651,"href":"https:\/\/gangnambeaute.com\/ar\/wp-json\/wp\/v2\/product\/34787\/revisions\/35651"}],"wp:featuredmedia":[{"embeddable":true,"href":"https:\/\/gangnambeaute.com\/ar\/wp-json\/wp\/v2\/media\/41299"}],"wp:attachment":[{"href":"https:\/\/gangnambeaute.com\/ar\/wp-json\/wp\/v2\/media?parent=34787"}],"wp:term":[{"taxonomy":"product_brand","embeddable":true,"href":"https:\/\/gangnambeaute.com\/ar\/wp-json\/wp\/v2\/product_brand?post=34787"},{"taxonomy":"product_cat","embeddable":true,"href":"https:\/\/gangnambeaute.com\/ar\/wp-json\/wp\/v2\/product_cat?post=34787"},{"taxonomy":"product_tag","embeddable":true,"href":"https:\/\/gangnambeaute.com\/ar\/wp-json\/wp\/v2\/product_tag?post=34787"}],"curies":[{"name":"wp","href":"https:\/\/api.w.org\/{rel}","templated":true}]}}