{"id":34785,"date":"2025-06-26T16:11:29","date_gmt":"2025-06-26T16:11:29","guid":{"rendered":"https:\/\/gangnambeaute.com\/?post_type=product&#038;p=34785"},"modified":"2026-04-21T16:25:38","modified_gmt":"2026-04-21T16:25:38","slug":"im-sorry-for-my-skin-s-0-s-jelly-mask-soothing","status":"publish","type":"product","link":"https:\/\/gangnambeaute.com\/ar\/product\/im-sorry-for-my-skin-s-0-s-jelly-mask-soothing\/","title":{"rendered":"I&rsquo;m Sorry for My Skin &#8211; S.0.S Jelly Mask -Soothing"},"content":{"rendered":"<div>Ingr\u00e9dients:<\/div>\n<div>Eau, dipropyl\u00e8ne glycol, glyc\u00e9rine, \u00e9rythritol, alcool, bis-PEG-18, \u00e9ther m\u00e9thylique dim\u00e9thyl silane, panth\u00e9nol, huile de ricin hydrog\u00e9n\u00e9e PEG-60, butyl\u00e8ne glycol, copolym\u00e8re d\u2019acryloyl dim\u00e9thyl taurate\/vp d\u2019ammonium, extrait de racine de pionia sofrutticosa, extrait de centella asiatica, acide polyacrylique. , 1,2-hexanediol, dim\u00e9thicone, extrait de fleur de camomille recutita (matricaria), caprylate de glyc\u00e9ryle, hydroxyde de potassium, gomme de cellulose, allanto\u00efne, \u00e9thylhexylglyc\u00e9rine, propandiol, extrait de feuille de bambou commun, extrait de feuille de brassica oleracea italica (brocoli), extrait de feuille de Morus alba. , extrait de fruit de Gardenia florida, extrait de chlorella vulgaris, adipate de diisopropyle, propionamide de m\u00e9thyldiisopropyle, extrait de thiobroma cacao (cacao), pantolactone, l\u00e9cithine, menthyllactate, acide acrylique\/acrylamidom\u00e9thyl copolym\u00e8re propane acide sulfonique, or, dim\u00e9thyl m\u00e9thoxycaranol, lisate de fermentation bifida, inothera. Extrait de racine de Bene\u015f (onagre), extrait de feuille d\u2019Apronia velosa, extrait de fleur d\u2019Opuntia cucinelifera, extrait de tige d\u2019aloe vera am\u00e9ricain, gomme xanthane, extrait de racine de yucca previfolia, extrait de tige de Fucuria splendens, extrait de laria tridentata, polysaccharide de graine de tamarindus indica, tr\u00e9halose, silice, myruthamnos. Extrait de feuille de flabilifolia, polyquaternium-51, extrait officinal de capucine, glutathion, EDTA disodique, ph\u00e9noxy\u00e9thanol, parfum.<\/div>\n<div>Bienfaits et avantages :<\/div>\n<div>\n<p>1.Un masque apaisant pour les v\u00eatements secs et irrit\u00e9s.<\/p>\n<p>2.Il contient des antioxydants qui combattent l\u2019inflammation et lui conf\u00e8rent des propri\u00e9t\u00e9s anti-\u00e2ge.<\/p>\n<p>3.Il est unique dans sa primev\u00e8re qui apaise les peaux s\u00e8ches et r\u00e9duit l\u2019apparence des ridules.<\/p>\n<p>4.Am\u00e9liore l\u2019\u00e9clat de la peau.<\/p>\n<p>Utilisation :<\/p>\n<p>Appliquez directement sur votre visage apr\u00e8s le nettoyage et l\u2019application du tonique. Laissez poser 15 minutes, .puis retirez-le<\/p>\n<\/div>","protected":false},"excerpt":{"rendered":"<p>Ingr\u00e9dients: Eau, dipropyl\u00e8ne glycol, glyc\u00e9rine, \u00e9rythritol, alcool, bis-PEG-18, \u00e9ther m\u00e9thylique dim\u00e9thyl silane, panth\u00e9nol, huile de ricin hydrog\u00e9n\u00e9e PEG-60, butyl\u00e8ne glycol,<\/p>","protected":false},"featured_media":41297,"comment_status":"open","ping_status":"closed","template":"","meta":[],"product_brand":[1022],"product_cat":[344,355,384,429,430,433],"product_tag":[],"class_list":{"0":"post-34785","1":"product","2":"type-product","3":"status-publish","4":"has-post-thumbnail","6":"product_brand-im-sorry-for-my-skin","7":"product_cat-skincare","8":"product_cat-masques","9":"product_cat-masques-en-feuille","10":"product_cat-soldes","11":"product_cat-promotions","12":"product_cat-promotion-dete","14":"first","15":"outofstock","16":"sale","17":"shipping-taxable","18":"purchasable","19":"product-type-simple"},"_links":{"self":[{"href":"https:\/\/gangnambeaute.com\/ar\/wp-json\/wp\/v2\/product\/34785","targetHints":{"allow":["GET"]}}],"collection":[{"href":"https:\/\/gangnambeaute.com\/ar\/wp-json\/wp\/v2\/product"}],"about":[{"href":"https:\/\/gangnambeaute.com\/ar\/wp-json\/wp\/v2\/types\/product"}],"replies":[{"embeddable":true,"href":"https:\/\/gangnambeaute.com\/ar\/wp-json\/wp\/v2\/comments?post=34785"}],"version-history":[{"count":10,"href":"https:\/\/gangnambeaute.com\/ar\/wp-json\/wp\/v2\/product\/34785\/revisions"}],"predecessor-version":[{"id":35669,"href":"https:\/\/gangnambeaute.com\/ar\/wp-json\/wp\/v2\/product\/34785\/revisions\/35669"}],"wp:featuredmedia":[{"embeddable":true,"href":"https:\/\/gangnambeaute.com\/ar\/wp-json\/wp\/v2\/media\/41297"}],"wp:attachment":[{"href":"https:\/\/gangnambeaute.com\/ar\/wp-json\/wp\/v2\/media?parent=34785"}],"wp:term":[{"taxonomy":"product_brand","embeddable":true,"href":"https:\/\/gangnambeaute.com\/ar\/wp-json\/wp\/v2\/product_brand?post=34785"},{"taxonomy":"product_cat","embeddable":true,"href":"https:\/\/gangnambeaute.com\/ar\/wp-json\/wp\/v2\/product_cat?post=34785"},{"taxonomy":"product_tag","embeddable":true,"href":"https:\/\/gangnambeaute.com\/ar\/wp-json\/wp\/v2\/product_tag?post=34785"}],"curies":[{"name":"wp","href":"https:\/\/api.w.org\/{rel}","templated":true}]}}