{"id":34771,"date":"2025-06-26T13:23:40","date_gmt":"2025-06-26T13:23:40","guid":{"rendered":"https:\/\/gangnambeaute.com\/?post_type=product&#038;p=34771"},"modified":"2026-03-25T00:28:53","modified_gmt":"2026-03-25T00:28:53","slug":"oil-free-ultra-moisturizing-lotion-with-birch-sap-20ml","status":"publish","type":"product","link":"https:\/\/gangnambeaute.com\/ar\/product\/oil-free-ultra-moisturizing-lotion-with-birch-sap-20ml\/","title":{"rendered":"COSRX &#8211; Oil Free Ultra Moisturizing Lotion (with Birch Sap) &#8211; 20ml"},"content":{"rendered":"<div class=\"Y3BBE\" data-sfc-cp=\"\" data-sfc-cb=\"\" data-hveid=\"CAEIARAA\" data-complete=\"true\" data-processed=\"true\"><strong>Cette lotion sert \u00e0\u00a0hydrater intens\u00e9ment\u00a0sans boucher les pores gr\u00e2ce \u00e0 la s\u00e8ve de bouleau, id\u00e9ale pour les peaux grasses ou mixtes.<span class=\"uJ19be notranslate\" data-wiz-uids=\"IVruQb_d,IVruQb_e\" data-sfc-cb=\"\" data-complete=\"true\" data-processed=\"true\"><span class=\"vKEkVd\" data-animation-atomic=\"\" data-wiz-attrbind=\"class=IVruQb_c\/TKHnVd\" data-sae=\"\"><span aria-hidden=\"true\">\u00a0<\/span><\/span><\/span><\/strong><\/div>\n<p><span data-contrast=\"none\">\u00a0<\/span><\/p>","protected":false},"excerpt":{"rendered":"<div class=\"Y3BBE\" data-sfc-cp=\"\" data-sfc-cb=\"\" data-hveid=\"CAEIAhAA\" data-complete=\"true\" data-processed=\"true\"><strong>Appliquez une noisette sur votre\u00a0visage propre\u00a0et massez d\u00e9licatement jusqu\u2019\u00e0 absorption compl\u00e8te.<span class=\"uJ19be notranslate\" data-wiz-uids=\"IVruQb_i,IVruQb_j\" data-sfc-cb=\"\" data-complete=\"true\" data-processed=\"true\"><span class=\"vKEkVd\" data-animation-atomic=\"\" data-wiz-attrbind=\"class=IVruQb_h\/TKHnVd\" data-sae=\"\"><span aria-hidden=\"true\">\u00a0<\/span><\/span><\/span><\/strong><\/div>","protected":false},"featured_media":41294,"comment_status":"open","ping_status":"closed","template":"","meta":[],"product_brand":[1048],"product_cat":[344,348,367,368],"product_tag":[],"class_list":{"0":"post-34771","1":"product","2":"type-product","3":"status-publish","4":"has-post-thumbnail","6":"product_brand-cosrx-populare","7":"product_cat-skincare","8":"product_cat-soin-concentre","9":"product_cat-essences","10":"product_cat-serums","12":"first","13":"instock","14":"sale","15":"shipping-taxable","16":"purchasable","17":"product-type-simple"},"_links":{"self":[{"href":"https:\/\/gangnambeaute.com\/ar\/wp-json\/wp\/v2\/product\/34771","targetHints":{"allow":["GET"]}}],"collection":[{"href":"https:\/\/gangnambeaute.com\/ar\/wp-json\/wp\/v2\/product"}],"about":[{"href":"https:\/\/gangnambeaute.com\/ar\/wp-json\/wp\/v2\/types\/product"}],"replies":[{"embeddable":true,"href":"https:\/\/gangnambeaute.com\/ar\/wp-json\/wp\/v2\/comments?post=34771"}],"version-history":[{"count":4,"href":"https:\/\/gangnambeaute.com\/ar\/wp-json\/wp\/v2\/product\/34771\/revisions"}],"predecessor-version":[{"id":43459,"href":"https:\/\/gangnambeaute.com\/ar\/wp-json\/wp\/v2\/product\/34771\/revisions\/43459"}],"wp:featuredmedia":[{"embeddable":true,"href":"https:\/\/gangnambeaute.com\/ar\/wp-json\/wp\/v2\/media\/41294"}],"wp:attachment":[{"href":"https:\/\/gangnambeaute.com\/ar\/wp-json\/wp\/v2\/media?parent=34771"}],"wp:term":[{"taxonomy":"product_brand","embeddable":true,"href":"https:\/\/gangnambeaute.com\/ar\/wp-json\/wp\/v2\/product_brand?post=34771"},{"taxonomy":"product_cat","embeddable":true,"href":"https:\/\/gangnambeaute.com\/ar\/wp-json\/wp\/v2\/product_cat?post=34771"},{"taxonomy":"product_tag","embeddable":true,"href":"https:\/\/gangnambeaute.com\/ar\/wp-json\/wp\/v2\/product_tag?post=34771"}],"curies":[{"name":"wp","href":"https:\/\/api.w.org\/{rel}","templated":true}]}}