{"id":34765,"date":"2025-06-26T13:21:29","date_gmt":"2025-06-26T13:21:29","guid":{"rendered":"https:\/\/gangnambeaute.com\/?post_type=product&#038;p=34765"},"modified":"2026-04-11T02:53:33","modified_gmt":"2026-04-11T02:53:33","slug":"aha-bha-clarifying-treatment-toner_50-ml","status":"publish","type":"product","link":"https:\/\/gangnambeaute.com\/ar\/product\/aha-bha-clarifying-treatment-toner_50-ml\/","title":{"rendered":"COSRX &#8211; AHA\/BHA Clarifying Treatment Toner &#8211; Tonique exfoliant &#8211; 50 ml"},"content":{"rendered":"<p><strong>Ce tonique sert \u00e0 exfolier en douceur et \u00e0 pr\u00e9venir l&rsquo;apparition des points noirs gr\u00e2ce \u00e0 sa formule l\u00e9g\u00e8re \u00e0 l&rsquo;AHA et au BHA.<\/strong><\/p>","protected":false},"excerpt":{"rendered":"<div class=\"Y3BBE\" data-sfc-cp=\"\" data-sfc-cb=\"\" data-hveid=\"CAEIAhAA\" data-complete=\"true\" data-processed=\"true\"><strong>Appliquez le produit sur votre\u00a0visage propre\u00a0\u00e0 l&rsquo;aide d&rsquo;un coton ou en tapotant directement avec les mains avant votre s\u00e9rum.<span class=\"uJ19be notranslate\" data-wiz-uids=\"epPSE_j,epPSE_k\" data-sfc-cb=\"\" data-complete=\"true\" data-processed=\"true\"><span class=\"vKEkVd\" data-animation-atomic=\"\" data-wiz-attrbind=\"class=epPSE_i\/TKHnVd\" data-sae=\"\"><span aria-hidden=\"true\">\u00a0<\/span><\/span><\/span><\/strong><\/div>","protected":false},"featured_media":41292,"comment_status":"open","ping_status":"closed","template":"","meta":[],"product_brand":[1048],"product_cat":[118,344,347,363],"product_tag":[],"class_list":{"0":"post-34765","1":"product","2":"type-product","3":"status-publish","4":"has-post-thumbnail","6":"product_brand-cosrx-populare","7":"product_cat-default","8":"product_cat-skincare","9":"product_cat-toniques","10":"product_cat-toniques-exfoliants","12":"first","13":"outofstock","14":"sale","15":"shipping-taxable","16":"purchasable","17":"product-type-simple"},"_links":{"self":[{"href":"https:\/\/gangnambeaute.com\/ar\/wp-json\/wp\/v2\/product\/34765","targetHints":{"allow":["GET"]}}],"collection":[{"href":"https:\/\/gangnambeaute.com\/ar\/wp-json\/wp\/v2\/product"}],"about":[{"href":"https:\/\/gangnambeaute.com\/ar\/wp-json\/wp\/v2\/types\/product"}],"replies":[{"embeddable":true,"href":"https:\/\/gangnambeaute.com\/ar\/wp-json\/wp\/v2\/comments?post=34765"}],"version-history":[{"count":6,"href":"https:\/\/gangnambeaute.com\/ar\/wp-json\/wp\/v2\/product\/34765\/revisions"}],"predecessor-version":[{"id":43461,"href":"https:\/\/gangnambeaute.com\/ar\/wp-json\/wp\/v2\/product\/34765\/revisions\/43461"}],"wp:featuredmedia":[{"embeddable":true,"href":"https:\/\/gangnambeaute.com\/ar\/wp-json\/wp\/v2\/media\/41292"}],"wp:attachment":[{"href":"https:\/\/gangnambeaute.com\/ar\/wp-json\/wp\/v2\/media?parent=34765"}],"wp:term":[{"taxonomy":"product_brand","embeddable":true,"href":"https:\/\/gangnambeaute.com\/ar\/wp-json\/wp\/v2\/product_brand?post=34765"},{"taxonomy":"product_cat","embeddable":true,"href":"https:\/\/gangnambeaute.com\/ar\/wp-json\/wp\/v2\/product_cat?post=34765"},{"taxonomy":"product_tag","embeddable":true,"href":"https:\/\/gangnambeaute.com\/ar\/wp-json\/wp\/v2\/product_tag?post=34765"}],"curies":[{"name":"wp","href":"https:\/\/api.w.org\/{rel}","templated":true}]}}