{"id":34657,"date":"2025-06-25T19:49:26","date_gmt":"2025-06-25T19:49:26","guid":{"rendered":"https:\/\/gangnambeaute.com\/?post_type=product&#038;p=34657"},"modified":"2026-04-11T02:53:32","modified_gmt":"2026-04-11T02:53:32","slug":"refresh-aha-bha-vitamin-c-daily-cream","status":"publish","type":"product","link":"https:\/\/gangnambeaute.com\/ar\/product\/refresh-aha-bha-vitamin-c-daily-cream\/","title":{"rendered":"COSRX &#8211; Advanced Snail Mucin Power Essence Sheet Mask &#8211; Masque en feullie &#8211; 1 unit\u00e9"},"content":{"rendered":"<p><strong>C&rsquo;est un masque en tissu hautement concentr\u00e9 en mucine d&rsquo;escargot qui r\u00e9pare, apaise et hydrate intens\u00e9ment la peau pour lui redonner \u00e9clat et souplesse en un seul geste.<\/strong><\/p>","protected":false},"excerpt":{"rendered":"<p><strong>Appliquez le masque sur un visage nettoy\u00e9, laissez poser 15 \u00e0 20 minutes, puis retirez-le et tapotez l&rsquo;exc\u00e9dent de s\u00e9rum sans rincer.<\/strong><\/p>","protected":false},"featured_media":41287,"comment_status":"open","ping_status":"closed","template":"","meta":[],"product_brand":[1048],"product_cat":[344,355,384],"product_tag":[],"class_list":{"0":"post-34657","1":"product","2":"type-product","3":"status-publish","4":"has-post-thumbnail","6":"product_brand-cosrx-populare","7":"product_cat-skincare","8":"product_cat-masques","9":"product_cat-masques-en-feuille","11":"first","12":"outofstock","13":"sale","14":"shipping-taxable","15":"purchasable","16":"product-type-simple"},"_links":{"self":[{"href":"https:\/\/gangnambeaute.com\/ar\/wp-json\/wp\/v2\/product\/34657","targetHints":{"allow":["GET"]}}],"collection":[{"href":"https:\/\/gangnambeaute.com\/ar\/wp-json\/wp\/v2\/product"}],"about":[{"href":"https:\/\/gangnambeaute.com\/ar\/wp-json\/wp\/v2\/types\/product"}],"replies":[{"embeddable":true,"href":"https:\/\/gangnambeaute.com\/ar\/wp-json\/wp\/v2\/comments?post=34657"}],"version-history":[{"count":6,"href":"https:\/\/gangnambeaute.com\/ar\/wp-json\/wp\/v2\/product\/34657\/revisions"}],"predecessor-version":[{"id":43467,"href":"https:\/\/gangnambeaute.com\/ar\/wp-json\/wp\/v2\/product\/34657\/revisions\/43467"}],"wp:featuredmedia":[{"embeddable":true,"href":"https:\/\/gangnambeaute.com\/ar\/wp-json\/wp\/v2\/media\/41287"}],"wp:attachment":[{"href":"https:\/\/gangnambeaute.com\/ar\/wp-json\/wp\/v2\/media?parent=34657"}],"wp:term":[{"taxonomy":"product_brand","embeddable":true,"href":"https:\/\/gangnambeaute.com\/ar\/wp-json\/wp\/v2\/product_brand?post=34657"},{"taxonomy":"product_cat","embeddable":true,"href":"https:\/\/gangnambeaute.com\/ar\/wp-json\/wp\/v2\/product_cat?post=34657"},{"taxonomy":"product_tag","embeddable":true,"href":"https:\/\/gangnambeaute.com\/ar\/wp-json\/wp\/v2\/product_tag?post=34657"}],"curies":[{"name":"wp","href":"https:\/\/api.w.org\/{rel}","templated":true}]}}