{"id":34271,"date":"2025-06-20T20:09:57","date_gmt":"2025-06-20T20:09:57","guid":{"rendered":"https:\/\/gangnambeaute.com\/?post_type=product&#038;p=34271"},"modified":"2026-04-11T02:53:28","modified_gmt":"2026-04-11T02:53:28","slug":"jigott-cats-eye-waterproof-liquid-eyeliner","status":"publish","type":"product","link":"https:\/\/gangnambeaute.com\/ar\/product\/jigott-cats-eye-waterproof-liquid-eyeliner\/","title":{"rendered":"Jigott &#8211; Cat&rsquo;s Eye Waterproof Liquid Eyeliner (Black Brown) &#8211; 9g"},"content":{"rendered":"<div class=\"Y3BBE\" data-sfc-cp=\"\" data-sfc-cb=\"\" data-hveid=\"CAEIARAA\" data-processed=\"true\" data-complete=\"true\"><strong>Ce liner sert \u00e0\u00a0souligner le regard\u00a0avec un noir intense et une tenue longue dur\u00e9e qui r\u00e9siste \u00e0 l&rsquo;eau et \u00e0 la transpiration.<span class=\"uJ19be notranslate\" data-wiz-uids=\"kYkdAc_d,kYkdAc_e\" data-sfc-cb=\"\" data-complete=\"true\" data-processed=\"true\"><span class=\"vKEkVd\" data-animation-atomic=\"\" data-wiz-attrbind=\"class=kYkdAc_c\/TKHnVd\" data-sae=\"\"><span aria-hidden=\"true\">\u00a0<\/span><\/span><\/span><\/strong><\/div>","protected":false},"excerpt":{"rendered":"<div class=\"Y3BBE\" data-sfc-cp=\"\" data-sfc-cb=\"\" data-hveid=\"CAEIAhAA\" data-complete=\"true\" data-processed=\"true\"><strong>Tracez un trait pr\u00e9cis au ras de vos\u00a0cils sup\u00e9rieurs en partant du coin interne vers l&rsquo;ext\u00e9rieur pour agrandir l&rsquo;\u0153il.<\/strong><\/div>","protected":false},"featured_media":41270,"comment_status":"open","ping_status":"closed","template":"","meta":[],"product_brand":[1029],"product_cat":[388,390,400,430,433],"product_tag":[],"class_list":{"0":"post-34271","1":"product","2":"type-product","3":"status-publish","4":"has-post-thumbnail","6":"product_brand-jigott","7":"product_cat-maquillage","8":"product_cat-yeux","9":"product_cat-eyeliner","10":"product_cat-promotions","11":"product_cat-promotion-dete","13":"first","14":"instock","15":"sale","16":"shipping-taxable","17":"purchasable","18":"product-type-simple"},"_links":{"self":[{"href":"https:\/\/gangnambeaute.com\/ar\/wp-json\/wp\/v2\/product\/34271","targetHints":{"allow":["GET"]}}],"collection":[{"href":"https:\/\/gangnambeaute.com\/ar\/wp-json\/wp\/v2\/product"}],"about":[{"href":"https:\/\/gangnambeaute.com\/ar\/wp-json\/wp\/v2\/types\/product"}],"replies":[{"embeddable":true,"href":"https:\/\/gangnambeaute.com\/ar\/wp-json\/wp\/v2\/comments?post=34271"}],"version-history":[{"count":6,"href":"https:\/\/gangnambeaute.com\/ar\/wp-json\/wp\/v2\/product\/34271\/revisions"}],"predecessor-version":[{"id":43830,"href":"https:\/\/gangnambeaute.com\/ar\/wp-json\/wp\/v2\/product\/34271\/revisions\/43830"}],"wp:featuredmedia":[{"embeddable":true,"href":"https:\/\/gangnambeaute.com\/ar\/wp-json\/wp\/v2\/media\/41270"}],"wp:attachment":[{"href":"https:\/\/gangnambeaute.com\/ar\/wp-json\/wp\/v2\/media?parent=34271"}],"wp:term":[{"taxonomy":"product_brand","embeddable":true,"href":"https:\/\/gangnambeaute.com\/ar\/wp-json\/wp\/v2\/product_brand?post=34271"},{"taxonomy":"product_cat","embeddable":true,"href":"https:\/\/gangnambeaute.com\/ar\/wp-json\/wp\/v2\/product_cat?post=34271"},{"taxonomy":"product_tag","embeddable":true,"href":"https:\/\/gangnambeaute.com\/ar\/wp-json\/wp\/v2\/product_tag?post=34271"}],"curies":[{"name":"wp","href":"https:\/\/api.w.org\/{rel}","templated":true}]}}