{"id":34267,"date":"2025-06-20T20:06:46","date_gmt":"2025-06-20T20:06:46","guid":{"rendered":"https:\/\/gangnambeaute.com\/?post_type=product&#038;p=34267"},"modified":"2026-04-11T02:53:28","modified_gmt":"2026-04-11T02:53:28","slug":"jigott-vita-solution-12-brightening-hand-care-pack","status":"publish","type":"product","link":"https:\/\/gangnambeaute.com\/ar\/product\/jigott-vita-solution-12-brightening-hand-care-pack\/","title":{"rendered":"JIGOTT &#8211; Vita Solution 12 Brightening Hand Care 1 EA &#8211; 14 ml"},"content":{"rendered":"<p><strong>Ce soin sert \u00e0\u00a0illuminer les mains et \u00e0 nourrir la peau s\u00e8che gr\u00e2ce \u00e0 un complexe de 12 vitamines et \u00e0 l&rsquo;extrait d&rsquo;argousier.<\/strong><\/p>","protected":false},"excerpt":{"rendered":"<div class=\"Y3BBE\" data-sfc-cp=\"\" data-sfc-cb=\"\" data-hveid=\"CAEIAhAA\" data-complete=\"true\" data-processed=\"true\"><strong>Enfilez les gants sur vos\u00a0mains propres et s\u00e8ches, laissez poser 15 \u00e0 20 minutes, puis massez l&rsquo;exc\u00e9dent de cr\u00e8me jusqu&rsquo;\u00e0 absorption.<\/strong><\/div>","protected":false},"featured_media":41266,"comment_status":"open","ping_status":"closed","template":"","meta":[],"product_brand":[1029],"product_cat":[413,416,425,429,430,433],"product_tag":[666],"class_list":{"0":"post-34267","1":"product","2":"type-product","3":"status-publish","4":"has-post-thumbnail","6":"product_brand-jigott","7":"product_cat-cheveux-corps","8":"product_cat-soins-des-mains","9":"product_cat-masques-des-mains","10":"product_cat-soldes","11":"product_cat-promotions","12":"product_cat-promotion-dete","13":"product_tag-coupcoeur","15":"first","16":"instock","17":"sale","18":"shipping-taxable","19":"purchasable","20":"product-type-simple"},"_links":{"self":[{"href":"https:\/\/gangnambeaute.com\/ar\/wp-json\/wp\/v2\/product\/34267","targetHints":{"allow":["GET"]}}],"collection":[{"href":"https:\/\/gangnambeaute.com\/ar\/wp-json\/wp\/v2\/product"}],"about":[{"href":"https:\/\/gangnambeaute.com\/ar\/wp-json\/wp\/v2\/types\/product"}],"replies":[{"embeddable":true,"href":"https:\/\/gangnambeaute.com\/ar\/wp-json\/wp\/v2\/comments?post=34267"}],"version-history":[{"count":8,"href":"https:\/\/gangnambeaute.com\/ar\/wp-json\/wp\/v2\/product\/34267\/revisions"}],"predecessor-version":[{"id":43832,"href":"https:\/\/gangnambeaute.com\/ar\/wp-json\/wp\/v2\/product\/34267\/revisions\/43832"}],"wp:featuredmedia":[{"embeddable":true,"href":"https:\/\/gangnambeaute.com\/ar\/wp-json\/wp\/v2\/media\/41266"}],"wp:attachment":[{"href":"https:\/\/gangnambeaute.com\/ar\/wp-json\/wp\/v2\/media?parent=34267"}],"wp:term":[{"taxonomy":"product_brand","embeddable":true,"href":"https:\/\/gangnambeaute.com\/ar\/wp-json\/wp\/v2\/product_brand?post=34267"},{"taxonomy":"product_cat","embeddable":true,"href":"https:\/\/gangnambeaute.com\/ar\/wp-json\/wp\/v2\/product_cat?post=34267"},{"taxonomy":"product_tag","embeddable":true,"href":"https:\/\/gangnambeaute.com\/ar\/wp-json\/wp\/v2\/product_tag?post=34267"}],"curies":[{"name":"wp","href":"https:\/\/api.w.org\/{rel}","templated":true}]}}