{"id":34263,"date":"2025-06-20T20:04:18","date_gmt":"2025-06-20T20:04:18","guid":{"rendered":"https:\/\/gangnambeaute.com\/?post_type=product&#038;p=34263"},"modified":"2026-04-11T02:53:28","modified_gmt":"2026-04-11T02:53:28","slug":"jigott-vita-solution-12-brightening-foot-care-pack","status":"publish","type":"product","link":"https:\/\/gangnambeaute.com\/ar\/product\/jigott-vita-solution-12-brightening-foot-care-pack\/","title":{"rendered":"Jigott &#8211; Vita Solution 12 Brightening Foot Care 1 EA &#8211; 20 ml"},"content":{"rendered":"<p>&nbsp;<\/p>\n<p><strong>Ce soin sert \u00e0\u00a0illuminer la peau des pieds et \u00e0 les nourrir intens\u00e9ment gr\u00e2ce \u00e0 un complexe de 12 vitamines et \u00e0 l&rsquo;extrait d&rsquo;argousier.<\/strong><\/p>","protected":false},"excerpt":{"rendered":"<div class=\"Y3BBE\" data-sfc-cp=\"\" data-sfc-cb=\"\" data-hveid=\"CAEIAhAA\" data-complete=\"true\" data-processed=\"true\"><strong>Enfilez les chaussettes sur vos\u00a0pieds propres et secs, laissez poser 15 \u00e0 20 minutes, puis massez l&rsquo;exc\u00e9dent de produit jusqu&rsquo;\u00e0 absorption compl\u00e8te.<span class=\"uJ19be notranslate\" data-wiz-uids=\"XUldHd_j,XUldHd_k\" data-sfc-cb=\"\" data-complete=\"true\" data-processed=\"true\"><span class=\"vKEkVd\" data-animation-atomic=\"\" data-wiz-attrbind=\"class=XUldHd_i\/TKHnVd\" data-sae=\"\"><span aria-hidden=\"true\">\u00a0<\/span><\/span><\/span><\/strong><\/div>","protected":false},"featured_media":41263,"comment_status":"open","ping_status":"closed","template":"","meta":[],"product_brand":[1029],"product_cat":[417,428,429,430,433],"product_tag":[666],"class_list":{"0":"post-34263","1":"product","2":"type-product","3":"status-publish","4":"has-post-thumbnail","6":"product_brand-jigott","7":"product_cat-soins-des-pieds","8":"product_cat-masques-des-pieds","9":"product_cat-soldes","10":"product_cat-promotions","11":"product_cat-promotion-dete","12":"product_tag-coupcoeur","14":"first","15":"instock","16":"sale","17":"shipping-taxable","18":"purchasable","19":"product-type-simple"},"_links":{"self":[{"href":"https:\/\/gangnambeaute.com\/ar\/wp-json\/wp\/v2\/product\/34263","targetHints":{"allow":["GET"]}}],"collection":[{"href":"https:\/\/gangnambeaute.com\/ar\/wp-json\/wp\/v2\/product"}],"about":[{"href":"https:\/\/gangnambeaute.com\/ar\/wp-json\/wp\/v2\/types\/product"}],"replies":[{"embeddable":true,"href":"https:\/\/gangnambeaute.com\/ar\/wp-json\/wp\/v2\/comments?post=34263"}],"version-history":[{"count":6,"href":"https:\/\/gangnambeaute.com\/ar\/wp-json\/wp\/v2\/product\/34263\/revisions"}],"predecessor-version":[{"id":43833,"href":"https:\/\/gangnambeaute.com\/ar\/wp-json\/wp\/v2\/product\/34263\/revisions\/43833"}],"wp:featuredmedia":[{"embeddable":true,"href":"https:\/\/gangnambeaute.com\/ar\/wp-json\/wp\/v2\/media\/41263"}],"wp:attachment":[{"href":"https:\/\/gangnambeaute.com\/ar\/wp-json\/wp\/v2\/media?parent=34263"}],"wp:term":[{"taxonomy":"product_brand","embeddable":true,"href":"https:\/\/gangnambeaute.com\/ar\/wp-json\/wp\/v2\/product_brand?post=34263"},{"taxonomy":"product_cat","embeddable":true,"href":"https:\/\/gangnambeaute.com\/ar\/wp-json\/wp\/v2\/product_cat?post=34263"},{"taxonomy":"product_tag","embeddable":true,"href":"https:\/\/gangnambeaute.com\/ar\/wp-json\/wp\/v2\/product_tag?post=34263"}],"curies":[{"name":"wp","href":"https:\/\/api.w.org\/{rel}","templated":true}]}}