{"id":34227,"date":"2025-06-20T19:04:24","date_gmt":"2025-06-20T19:04:24","guid":{"rendered":"https:\/\/gangnambeaute.com\/?post_type=product&#038;p=34227"},"modified":"2026-04-11T02:53:26","modified_gmt":"2026-04-11T02:53:26","slug":"pure-fit-cica-clear-cleansing-oil","status":"publish","type":"product","link":"https:\/\/gangnambeaute.com\/ar\/product\/pure-fit-cica-clear-cleansing-oil\/","title":{"rendered":"COSRX &#8211; PURE FIT CICA CLEAR CLEANSING OIL &#8211; Huile nettoyante &#8211; 200ml"},"content":{"rendered":"<p><strong>Cette huile sert \u00e0 dissoudre le maquillage et les impuret\u00e9s tout en apaisant les peaux sensibles gr\u00e2ce au complexe de Centella Asiatica.<\/strong><\/p>","protected":false},"excerpt":{"rendered":"<div class=\"Y3BBE\" data-sfc-cp=\"\" data-sfc-cb=\"\" data-hveid=\"CAEIAhAA\" data-complete=\"true\" data-processed=\"true\"><strong>Massez le produit sur\u00a0visage sec, \u00e9mulsionnez avec un peu d&rsquo;eau, puis rincez abondamment \u00e0 l&rsquo;eau ti\u00e8de.<span class=\"uJ19be notranslate\" data-wiz-uids=\"B3EOz_j,B3EOz_k\" data-sfc-cb=\"\" data-complete=\"true\" data-processed=\"true\"><span class=\"vKEkVd\" data-animation-atomic=\"\" data-wiz-attrbind=\"class=B3EOz_i\/TKHnVd\" data-sae=\"\"><span aria-hidden=\"true\">\u00a0<\/span><\/span><\/span><\/strong><\/div>","protected":false},"featured_media":43478,"comment_status":"open","ping_status":"closed","template":"","meta":[],"product_brand":[1048],"product_cat":[344,345,357],"product_tag":[],"class_list":{"0":"post-34227","1":"product","2":"type-product","3":"status-publish","4":"has-post-thumbnail","6":"product_brand-cosrx-populare","7":"product_cat-skincare","8":"product_cat-demaquillants","9":"product_cat-huiles-nettoyantes","11":"first","12":"outofstock","13":"sale","14":"shipping-taxable","15":"purchasable","16":"product-type-simple"},"_links":{"self":[{"href":"https:\/\/gangnambeaute.com\/ar\/wp-json\/wp\/v2\/product\/34227","targetHints":{"allow":["GET"]}}],"collection":[{"href":"https:\/\/gangnambeaute.com\/ar\/wp-json\/wp\/v2\/product"}],"about":[{"href":"https:\/\/gangnambeaute.com\/ar\/wp-json\/wp\/v2\/types\/product"}],"replies":[{"embeddable":true,"href":"https:\/\/gangnambeaute.com\/ar\/wp-json\/wp\/v2\/comments?post=34227"}],"version-history":[{"count":4,"href":"https:\/\/gangnambeaute.com\/ar\/wp-json\/wp\/v2\/product\/34227\/revisions"}],"predecessor-version":[{"id":43477,"href":"https:\/\/gangnambeaute.com\/ar\/wp-json\/wp\/v2\/product\/34227\/revisions\/43477"}],"wp:featuredmedia":[{"embeddable":true,"href":"https:\/\/gangnambeaute.com\/ar\/wp-json\/wp\/v2\/media\/43478"}],"wp:attachment":[{"href":"https:\/\/gangnambeaute.com\/ar\/wp-json\/wp\/v2\/media?parent=34227"}],"wp:term":[{"taxonomy":"product_brand","embeddable":true,"href":"https:\/\/gangnambeaute.com\/ar\/wp-json\/wp\/v2\/product_brand?post=34227"},{"taxonomy":"product_cat","embeddable":true,"href":"https:\/\/gangnambeaute.com\/ar\/wp-json\/wp\/v2\/product_cat?post=34227"},{"taxonomy":"product_tag","embeddable":true,"href":"https:\/\/gangnambeaute.com\/ar\/wp-json\/wp\/v2\/product_tag?post=34227"}],"curies":[{"name":"wp","href":"https:\/\/api.w.org\/{rel}","templated":true}]}}