{"id":34173,"date":"2025-06-20T16:35:04","date_gmt":"2025-06-20T16:35:04","guid":{"rendered":"https:\/\/gangnambeaute.com\/?post_type=product&#038;p=34173"},"modified":"2026-04-11T02:53:58","modified_gmt":"2026-04-11T02:53:58","slug":"dasique-juicy-dewy-tint","status":"publish","type":"product","link":"https:\/\/gangnambeaute.com\/ar\/product\/dasique-juicy-dewy-tint\/","title":{"rendered":"Dasique Juicy Dewy Tint &#8211; Rouges \u00e0 l\u00e8vres  &#8211; 17 Couleurs"},"content":{"rendered":"<p>&nbsp;<\/p>\n<p><strong>Cette encre \u00e0 l\u00e8vres sert \u00e0\u00a0apporter une brillance \u00e9clatante et une couleur fruit\u00e9e longue tenue avec un fini \u00ab\u00a0mouill\u00e9\u00a0\u00bb ultra-frais.<\/strong><\/p>","protected":false},"excerpt":{"rendered":"<div class=\"Y3BBE\" data-sfc-cp=\"\" data-sfc-cb=\"\" data-hveid=\"CAEIAhAA\" data-complete=\"true\" data-processed=\"true\"><strong>Appliquez le produit sur vos\u00a0l\u00e8vres propres et laissez la texture se fixer quelques secondes pour r\u00e9v\u00e9ler tout son \u00e9clat laqu\u00e9.<\/strong><\/div>","protected":false},"featured_media":39250,"comment_status":"open","ping_status":"closed","template":"","meta":[],"product_brand":[1054],"product_cat":[388,391,406,407],"product_tag":[],"class_list":{"0":"post-34173","1":"product","2":"type-product","3":"status-publish","4":"has-post-thumbnail","6":"product_brand-dasique-populare","7":"product_cat-maquillage","8":"product_cat-levres","9":"product_cat-rouges-a-levres","10":"product_cat-gloss","12":"first","13":"instock","14":"sale","15":"shipping-taxable","16":"purchasable","17":"product-type-variable"},"_links":{"self":[{"href":"https:\/\/gangnambeaute.com\/ar\/wp-json\/wp\/v2\/product\/34173","targetHints":{"allow":["GET"]}}],"collection":[{"href":"https:\/\/gangnambeaute.com\/ar\/wp-json\/wp\/v2\/product"}],"about":[{"href":"https:\/\/gangnambeaute.com\/ar\/wp-json\/wp\/v2\/types\/product"}],"replies":[{"embeddable":true,"href":"https:\/\/gangnambeaute.com\/ar\/wp-json\/wp\/v2\/comments?post=34173"}],"version-history":[{"count":7,"href":"https:\/\/gangnambeaute.com\/ar\/wp-json\/wp\/v2\/product\/34173\/revisions"}],"predecessor-version":[{"id":43759,"href":"https:\/\/gangnambeaute.com\/ar\/wp-json\/wp\/v2\/product\/34173\/revisions\/43759"}],"wp:featuredmedia":[{"embeddable":true,"href":"https:\/\/gangnambeaute.com\/ar\/wp-json\/wp\/v2\/media\/39250"}],"wp:attachment":[{"href":"https:\/\/gangnambeaute.com\/ar\/wp-json\/wp\/v2\/media?parent=34173"}],"wp:term":[{"taxonomy":"product_brand","embeddable":true,"href":"https:\/\/gangnambeaute.com\/ar\/wp-json\/wp\/v2\/product_brand?post=34173"},{"taxonomy":"product_cat","embeddable":true,"href":"https:\/\/gangnambeaute.com\/ar\/wp-json\/wp\/v2\/product_cat?post=34173"},{"taxonomy":"product_tag","embeddable":true,"href":"https:\/\/gangnambeaute.com\/ar\/wp-json\/wp\/v2\/product_tag?post=34173"}],"curies":[{"name":"wp","href":"https:\/\/api.w.org\/{rel}","templated":true}]}}