{"id":34136,"date":"2025-06-20T11:12:40","date_gmt":"2025-06-20T11:12:40","guid":{"rendered":"https:\/\/gangnambeaute.com\/?post_type=product&#038;p=34136"},"modified":"2026-04-11T02:55:52","modified_gmt":"2026-04-11T02:55:52","slug":"dasique-pro-concealer-palette","status":"publish","type":"product","link":"https:\/\/gangnambeaute.com\/ar\/product\/dasique-pro-concealer-palette\/","title":{"rendered":"Dasique  &#8211; Pro Concealer Palette &#8211; Anti-cernes &#8211; 2 couleurs"},"content":{"rendered":"<p><strong>Cette palette sert \u00e0\u00a0corriger les imperfections et \u00e0 camoufler les cernes gr\u00e2ce \u00e0 ses neuf nuances qui permettent de personnaliser la correction selon votre carnation.<\/strong><\/p>","protected":false},"excerpt":{"rendered":"<div class=\"Y3BBE\" data-sfc-cp=\"\" data-sfc-cb=\"\" data-hveid=\"CAEIAhAA\" data-complete=\"true\" data-processed=\"true\"><strong>Appliquez les teintes correctrices (vert, abricot, lavande) ou les tons chair sur vos\u00a0zones cibl\u00e9es \u00e0 l&rsquo;aide d&rsquo;un pinceau ou du doigt, puis estompez avant votre fond de teint.<\/strong><\/div>","protected":false},"featured_media":39220,"comment_status":"open","ping_status":"closed","template":"","meta":[],"product_brand":[1054],"product_cat":[388,389,394],"product_tag":[],"class_list":{"0":"post-34136","1":"product","2":"type-product","3":"status-publish","4":"has-post-thumbnail","6":"product_brand-dasique-populare","7":"product_cat-maquillage","8":"product_cat-visage","9":"product_cat-fond-de-teint","11":"first","12":"instock","13":"sale","14":"shipping-taxable","15":"purchasable","16":"product-type-variable"},"_links":{"self":[{"href":"https:\/\/gangnambeaute.com\/ar\/wp-json\/wp\/v2\/product\/34136","targetHints":{"allow":["GET"]}}],"collection":[{"href":"https:\/\/gangnambeaute.com\/ar\/wp-json\/wp\/v2\/product"}],"about":[{"href":"https:\/\/gangnambeaute.com\/ar\/wp-json\/wp\/v2\/types\/product"}],"replies":[{"embeddable":true,"href":"https:\/\/gangnambeaute.com\/ar\/wp-json\/wp\/v2\/comments?post=34136"}],"version-history":[{"count":7,"href":"https:\/\/gangnambeaute.com\/ar\/wp-json\/wp\/v2\/product\/34136\/revisions"}],"predecessor-version":[{"id":43772,"href":"https:\/\/gangnambeaute.com\/ar\/wp-json\/wp\/v2\/product\/34136\/revisions\/43772"}],"wp:featuredmedia":[{"embeddable":true,"href":"https:\/\/gangnambeaute.com\/ar\/wp-json\/wp\/v2\/media\/39220"}],"wp:attachment":[{"href":"https:\/\/gangnambeaute.com\/ar\/wp-json\/wp\/v2\/media?parent=34136"}],"wp:term":[{"taxonomy":"product_brand","embeddable":true,"href":"https:\/\/gangnambeaute.com\/ar\/wp-json\/wp\/v2\/product_brand?post=34136"},{"taxonomy":"product_cat","embeddable":true,"href":"https:\/\/gangnambeaute.com\/ar\/wp-json\/wp\/v2\/product_cat?post=34136"},{"taxonomy":"product_tag","embeddable":true,"href":"https:\/\/gangnambeaute.com\/ar\/wp-json\/wp\/v2\/product_tag?post=34136"}],"curies":[{"name":"wp","href":"https:\/\/api.w.org\/{rel}","templated":true}]}}