{"id":34090,"date":"2025-06-20T10:05:18","date_gmt":"2025-06-20T10:05:18","guid":{"rendered":"https:\/\/gangnambeaute.com\/?post_type=product&#038;p=34090"},"modified":"2026-04-11T02:53:19","modified_gmt":"2026-04-11T02:53:19","slug":"volume-fixing-curl-dream-wedding-bouquet","status":"publish","type":"product","link":"https:\/\/gangnambeaute.com\/ar\/product\/volume-fixing-curl-dream-wedding-bouquet\/","title":{"rendered":"KUNDAL &#8211; Volume &#038; Fixing Curl Cream WEDDING BOUQUET &#8211; 130ml"},"content":{"rendered":"<p><strong>Cette cr\u00e8me sert \u00e0\u00a0d\u00e9finir les boucles et \u00e0 apporter du volume tout en fixant la coiffure avec un parfum floral d\u00e9licat.<\/strong><\/p>","protected":false},"excerpt":{"rendered":"<div class=\"Y3BBE\" data-sfc-cp=\"\" data-sfc-cb=\"\" data-hveid=\"CAEIAhAA\" data-complete=\"true\" data-processed=\"true\"><strong>Appliquez une noisette sur vos\u00a0cheveux humides\u00a0ou secs, puis travaillez les boucles aux doigts pour les sculpter.<span class=\"uJ19be notranslate\" data-wiz-uids=\"fZfSJf_j,fZfSJf_k\" data-sfc-cb=\"\" data-complete=\"true\" data-processed=\"true\"><span class=\"vKEkVd\" data-animation-atomic=\"\" data-wiz-attrbind=\"class=fZfSJf_i\/TKHnVd\" data-sae=\"\"><span aria-hidden=\"true\">\u00a0<\/span><\/span><\/span><\/strong><\/div>","protected":false},"featured_media":43802,"comment_status":"open","ping_status":"closed","template":"","meta":[],"product_brand":[1051],"product_cat":[413,414,419],"product_tag":[],"class_list":{"0":"post-34090","1":"product","2":"type-product","3":"status-publish","4":"has-post-thumbnail","6":"product_brand-kundal-populare","7":"product_cat-cheveux-corps","8":"product_cat-soins-des-cheveux","9":"product_cat-traitements-capillaires","11":"first","12":"outofstock","13":"sale","14":"shipping-taxable","15":"purchasable","16":"product-type-simple"},"_links":{"self":[{"href":"https:\/\/gangnambeaute.com\/ar\/wp-json\/wp\/v2\/product\/34090","targetHints":{"allow":["GET"]}}],"collection":[{"href":"https:\/\/gangnambeaute.com\/ar\/wp-json\/wp\/v2\/product"}],"about":[{"href":"https:\/\/gangnambeaute.com\/ar\/wp-json\/wp\/v2\/types\/product"}],"replies":[{"embeddable":true,"href":"https:\/\/gangnambeaute.com\/ar\/wp-json\/wp\/v2\/comments?post=34090"}],"version-history":[{"count":6,"href":"https:\/\/gangnambeaute.com\/ar\/wp-json\/wp\/v2\/product\/34090\/revisions"}],"predecessor-version":[{"id":43793,"href":"https:\/\/gangnambeaute.com\/ar\/wp-json\/wp\/v2\/product\/34090\/revisions\/43793"}],"wp:featuredmedia":[{"embeddable":true,"href":"https:\/\/gangnambeaute.com\/ar\/wp-json\/wp\/v2\/media\/43802"}],"wp:attachment":[{"href":"https:\/\/gangnambeaute.com\/ar\/wp-json\/wp\/v2\/media?parent=34090"}],"wp:term":[{"taxonomy":"product_brand","embeddable":true,"href":"https:\/\/gangnambeaute.com\/ar\/wp-json\/wp\/v2\/product_brand?post=34090"},{"taxonomy":"product_cat","embeddable":true,"href":"https:\/\/gangnambeaute.com\/ar\/wp-json\/wp\/v2\/product_cat?post=34090"},{"taxonomy":"product_tag","embeddable":true,"href":"https:\/\/gangnambeaute.com\/ar\/wp-json\/wp\/v2\/product_tag?post=34090"}],"curies":[{"name":"wp","href":"https:\/\/api.w.org\/{rel}","templated":true}]}}