{"id":34073,"date":"2025-06-20T09:17:07","date_gmt":"2025-06-20T09:17:07","guid":{"rendered":"https:\/\/gangnambeaute.com\/?post_type=product&#038;p=34073"},"modified":"2026-04-24T14:07:59","modified_gmt":"2026-04-24T14:07:59","slug":"collagen-night-wrapping-mask","status":"publish","type":"product","link":"https:\/\/gangnambeaute.com\/ar\/product\/collagen-night-wrapping-mask\/","title":{"rendered":"Medicube &#8211; Collagen Night Wrapping Mask &#8211; Masque de nuit 75ml"},"content":{"rendered":"<p>&nbsp;<\/p>\n<p>&nbsp;<\/p>\n<p><strong>Ce masque de nuit au collag\u00e8ne scelle l&rsquo;hydratation pendant votre sommeil pour raffermir la peau et affiner son grain en deux semaines.<\/strong><\/p>","protected":false},"excerpt":{"rendered":"<p><strong>Appliquez-le en derni\u00e8re \u00e9tape de votre routine du soir, laissez s\u00e9cher pour former une fine pellicule, et rincez seulement le lendemain matin<\/strong><\/p>","protected":false},"featured_media":44354,"comment_status":"open","ping_status":"closed","template":"","meta":[],"product_brand":[1058],"product_cat":[344,355,385,429,433],"product_tag":[],"class_list":{"0":"post-34073","1":"product","2":"type-product","3":"status-publish","4":"has-post-thumbnail","6":"product_brand-medicube-populare","7":"product_cat-skincare","8":"product_cat-masques","9":"product_cat-masques-de-sommeil","10":"product_cat-soldes","11":"product_cat-promotion-dete","13":"first","14":"instock","15":"sale","16":"shipping-taxable","17":"purchasable","18":"product-type-simple"},"_links":{"self":[{"href":"https:\/\/gangnambeaute.com\/ar\/wp-json\/wp\/v2\/product\/34073","targetHints":{"allow":["GET"]}}],"collection":[{"href":"https:\/\/gangnambeaute.com\/ar\/wp-json\/wp\/v2\/product"}],"about":[{"href":"https:\/\/gangnambeaute.com\/ar\/wp-json\/wp\/v2\/types\/product"}],"replies":[{"embeddable":true,"href":"https:\/\/gangnambeaute.com\/ar\/wp-json\/wp\/v2\/comments?post=34073"}],"version-history":[{"count":8,"href":"https:\/\/gangnambeaute.com\/ar\/wp-json\/wp\/v2\/product\/34073\/revisions"}],"predecessor-version":[{"id":44355,"href":"https:\/\/gangnambeaute.com\/ar\/wp-json\/wp\/v2\/product\/34073\/revisions\/44355"}],"wp:featuredmedia":[{"embeddable":true,"href":"https:\/\/gangnambeaute.com\/ar\/wp-json\/wp\/v2\/media\/44354"}],"wp:attachment":[{"href":"https:\/\/gangnambeaute.com\/ar\/wp-json\/wp\/v2\/media?parent=34073"}],"wp:term":[{"taxonomy":"product_brand","embeddable":true,"href":"https:\/\/gangnambeaute.com\/ar\/wp-json\/wp\/v2\/product_brand?post=34073"},{"taxonomy":"product_cat","embeddable":true,"href":"https:\/\/gangnambeaute.com\/ar\/wp-json\/wp\/v2\/product_cat?post=34073"},{"taxonomy":"product_tag","embeddable":true,"href":"https:\/\/gangnambeaute.com\/ar\/wp-json\/wp\/v2\/product_tag?post=34073"}],"curies":[{"name":"wp","href":"https:\/\/api.w.org\/{rel}","templated":true}]}}