{"id":34058,"date":"2025-06-20T09:06:31","date_gmt":"2025-06-20T09:06:31","guid":{"rendered":"https:\/\/gangnambeaute.com\/?post_type=product&#038;p=34058"},"modified":"2026-04-11T02:53:17","modified_gmt":"2026-04-11T02:53:17","slug":"teatree-trouble-pad","status":"publish","type":"product","link":"https:\/\/gangnambeaute.com\/ar\/product\/teatree-trouble-pad\/","title":{"rendered":"MEDIHEAL \u2013 Teatree Trouble Pad \u2013 100 Pads"},"content":{"rendered":"<div class=\"Y3BBE\" data-sfc-cp=\"\" data-sfc-cb=\"\" data-hveid=\"CAEIARAA\" data-complete=\"true\" data-processed=\"true\"><strong>Ces cotons imbib\u00e9s servent \u00e0\u00a0apaiser les \u00e9ruptions cutan\u00e9es et \u00e0 purifier les pores gr\u00e2ce \u00e0 une haute concentration en extraits d&rsquo;arbre \u00e0 th\u00e9.<\/strong><\/div>","protected":false},"excerpt":{"rendered":"<div class=\"Y3BBE\" data-sfc-cp=\"\" data-sfc-cb=\"\" data-hveid=\"CAEIAhAA\" data-complete=\"true\" data-processed=\"true\">\n<div class=\"Y3BBE\" data-sfc-cp=\"\" data-sfc-cb=\"\" data-hveid=\"CAEIAhAA\" data-complete=\"true\" data-processed=\"true\">\n<div class=\"Y3BBE\" data-sfc-cp=\"\" data-sfc-cb=\"\" data-hveid=\"CAEIAhAA\" data-complete=\"true\" data-processed=\"true\"><strong>Placez les disques sur les\u00a0zones cibl\u00e9es de votre visage propre pendant 3 \u00e0 5 minutes comme un masque, ou passez-les d\u00e9licatement sur l&rsquo;ensemble de la peau comme un tonique.<\/strong><\/div>\n<\/div>\n<\/div>","protected":false},"featured_media":41204,"comment_status":"open","ping_status":"closed","template":"","meta":[],"product_brand":[1057],"product_cat":[118],"product_tag":[],"class_list":{"0":"post-34058","1":"product","2":"type-product","3":"status-publish","4":"has-post-thumbnail","6":"product_brand-mediheal-populare","7":"product_cat-default","9":"first","10":"outofstock","11":"sale","12":"shipping-taxable","13":"purchasable","14":"product-type-simple"},"_links":{"self":[{"href":"https:\/\/gangnambeaute.com\/ar\/wp-json\/wp\/v2\/product\/34058","targetHints":{"allow":["GET"]}}],"collection":[{"href":"https:\/\/gangnambeaute.com\/ar\/wp-json\/wp\/v2\/product"}],"about":[{"href":"https:\/\/gangnambeaute.com\/ar\/wp-json\/wp\/v2\/types\/product"}],"replies":[{"embeddable":true,"href":"https:\/\/gangnambeaute.com\/ar\/wp-json\/wp\/v2\/comments?post=34058"}],"version-history":[{"count":3,"href":"https:\/\/gangnambeaute.com\/ar\/wp-json\/wp\/v2\/product\/34058\/revisions"}],"predecessor-version":[{"id":43938,"href":"https:\/\/gangnambeaute.com\/ar\/wp-json\/wp\/v2\/product\/34058\/revisions\/43938"}],"wp:featuredmedia":[{"embeddable":true,"href":"https:\/\/gangnambeaute.com\/ar\/wp-json\/wp\/v2\/media\/41204"}],"wp:attachment":[{"href":"https:\/\/gangnambeaute.com\/ar\/wp-json\/wp\/v2\/media?parent=34058"}],"wp:term":[{"taxonomy":"product_brand","embeddable":true,"href":"https:\/\/gangnambeaute.com\/ar\/wp-json\/wp\/v2\/product_brand?post=34058"},{"taxonomy":"product_cat","embeddable":true,"href":"https:\/\/gangnambeaute.com\/ar\/wp-json\/wp\/v2\/product_cat?post=34058"},{"taxonomy":"product_tag","embeddable":true,"href":"https:\/\/gangnambeaute.com\/ar\/wp-json\/wp\/v2\/product_tag?post=34058"}],"curies":[{"name":"wp","href":"https:\/\/api.w.org\/{rel}","templated":true}]}}