{"id":34004,"date":"2025-06-20T08:06:15","date_gmt":"2025-06-20T08:06:15","guid":{"rendered":"https:\/\/gangnambeaute.com\/?post_type=product&#038;p=34004"},"modified":"2026-05-12T09:31:36","modified_gmt":"2026-05-12T09:31:36","slug":"birch-juice-moisturizing-toner","status":"publish","type":"product","link":"https:\/\/gangnambeaute.com\/ar\/product\/birch-juice-moisturizing-toner\/","title":{"rendered":"ROUND LAB &#8211; Birch Juice Moisturizing Toner &#8211; toner hydratant &#8211; 300 ml"},"content":{"rendered":"<p><strong>Ce tonique culte d\u00e9salt\u00e8re et hydrate intens\u00e9ment la peau<!--TgQPHd|[]--> en profondeur gr\u00e2ce \u00e0 la s\u00e8ve de bouleau riche en min\u00e9raux et \u00e0 l&rsquo;acide hyaluronique.<\/strong><\/p>","protected":false},"excerpt":{"rendered":"<p><strong>Appliquez-le g\u00e9n\u00e9reusement sur votre visage propre avec vos mains ou un coton imm\u00e9diatement apr\u00e8s le nettoyage<!--TgQPHd|[]-->, matin et soir.<\/strong><\/p>","protected":false},"featured_media":44899,"comment_status":"open","ping_status":"closed","template":"","meta":[],"product_brand":[1024],"product_cat":[118],"product_tag":[],"class_list":{"0":"post-34004","1":"product","2":"type-product","3":"status-publish","4":"has-post-thumbnail","6":"product_brand-roundlab","7":"product_cat-default","9":"first","10":"outofstock","11":"sale","12":"shipping-taxable","13":"purchasable","14":"product-type-simple"},"_links":{"self":[{"href":"https:\/\/gangnambeaute.com\/ar\/wp-json\/wp\/v2\/product\/34004","targetHints":{"allow":["GET"]}}],"collection":[{"href":"https:\/\/gangnambeaute.com\/ar\/wp-json\/wp\/v2\/product"}],"about":[{"href":"https:\/\/gangnambeaute.com\/ar\/wp-json\/wp\/v2\/types\/product"}],"replies":[{"embeddable":true,"href":"https:\/\/gangnambeaute.com\/ar\/wp-json\/wp\/v2\/comments?post=34004"}],"version-history":[{"count":7,"href":"https:\/\/gangnambeaute.com\/ar\/wp-json\/wp\/v2\/product\/34004\/revisions"}],"predecessor-version":[{"id":44903,"href":"https:\/\/gangnambeaute.com\/ar\/wp-json\/wp\/v2\/product\/34004\/revisions\/44903"}],"wp:featuredmedia":[{"embeddable":true,"href":"https:\/\/gangnambeaute.com\/ar\/wp-json\/wp\/v2\/media\/44899"}],"wp:attachment":[{"href":"https:\/\/gangnambeaute.com\/ar\/wp-json\/wp\/v2\/media?parent=34004"}],"wp:term":[{"taxonomy":"product_brand","embeddable":true,"href":"https:\/\/gangnambeaute.com\/ar\/wp-json\/wp\/v2\/product_brand?post=34004"},{"taxonomy":"product_cat","embeddable":true,"href":"https:\/\/gangnambeaute.com\/ar\/wp-json\/wp\/v2\/product_cat?post=34004"},{"taxonomy":"product_tag","embeddable":true,"href":"https:\/\/gangnambeaute.com\/ar\/wp-json\/wp\/v2\/product_tag?post=34004"}],"curies":[{"name":"wp","href":"https:\/\/api.w.org\/{rel}","templated":true}]}}